{"id":3768,"date":"2019-04-02T22:43:19","date_gmt":"2019-04-02T20:43:19","guid":{"rendered":"https:\/\/dev2.mgvpublications.com\/produkt\/import-placeholder-for-6102\/"},"modified":"2024-02-06T22:11:47","modified_gmt":"2024-02-06T21:11:47","slug":"dul-kadinin-ogullari","status":"publish","type":"product","link":"https:\/\/mgvpublications.com\/de\/dul-kadinin-ogullari\/","title":{"rendered":"Dul Kad\u0131n\u0131n O\u011fullar\u0131"},"content":{"rendered":"<p>Yay\u0131n Tarihi\t2014-11-25<br \/>\nISBN\t6055000172<br \/>\nBask\u0131 Say\u0131s\u0131\t6. Bask\u0131<br \/>\nDil\tT\u00dcRK\u00c7E<br \/>\nSayfa Say\u0131s\u0131\t197<br \/>\nCilt Tipi\tKarton Kapak<br \/>\nKa\u011f\u0131t Cinsi\tKitap Ka\u011f\u0131d\u0131<br \/>\nBoyut\t13.5 x 21 cm<\/p>","protected":false},"excerpt":{"rendered":"<p>\u0130\u015faretleri bilirseniz onlar\u0131 g\u00f6rebilirsiniz!<br \/>\nNeden kendilerine \u201ddul kad\u0131n\u0131n o\u011fullar\u0131\u201d diyorlar?<br \/>\nNas\u0131l \u00f6rg\u00fctleniyor, nas\u0131l haberle\u015fiyorlar?<br \/>\nGizli \u015fifreleri, esrarengiz i\u015faretleri nelerdir?<br \/>\nErgenekon\u2019un masonik \u015fifreleri!<br \/>\n150 y\u0131l sonra hortlayan esrarengiz \u00f6rg\u00fct Erc\u00fcmen-i Dani\u015f!<br \/>\n\u00c7\u0131rak dereceli \u00fcnl\u00fc mason!<br \/>\n\u00c7ekirdek kadrodaki \u015fa\u015f\u0131rt\u0131c\u0131 isim: Do\u011fu Bey!<br \/>\nTBMM\u2019deki esrarengiz i\u015faretler, kim taraf\u0131ndan nas\u0131l konuldu?<br \/>\nMeclis binas\u0131n\u0131 yapan mimar\u0131n b\u00fcy\u00fck s\u0131rr\u0131 neydi?<br \/>\nMimar Sinan\u2019\u0131n kafatas\u0131 nas\u0131l kayboldu, \u015fimdi nerede?<br \/>\nCadde ve sokak adlar\u0131n\u0131 dahi onlar koyuyor, peki nas\u0131l?<br \/>\n28 \u015eubat\u2019\u0131n arkas\u0131ndaki kilit isim bir masondu!<br \/>\nOnlar\u0131 nas\u0131l tan\u0131rs\u0131n\u0131z?<br \/>\nNihai hedefleri ne?<br \/>\n\u0130lk kez belge ve foto\u011fraflar\u0131yla tarihin en gizemli \u00f6rg\u00fct\u00fcn\u00fcn<br \/>\n\u015fa\u015f\u0131rt\u0131c\u0131 hikayesi<br \/>\nY\u0131llar s\u00fcren bir ara\u015ft\u0131rman\u0131n \u00fcr\u00fcn\u00fc olan bu kitap hayata ve<br \/>\nolaylara bak\u0131\u015f\u0131n\u0131z\u0131 de\u011fi\u015ftirecek.<\/p>","protected":false},"featured_media":3817,"template":"","meta":{"spay_email":""},"product_cat":[173,169],"product_tag":[],"item":[335],"acf":[],"_links":{"self":[{"href":"https:\/\/mgvpublications.com\/de\/wp-json\/wp\/v2\/product\/3768"}],"collection":[{"href":"https:\/\/mgvpublications.com\/de\/wp-json\/wp\/v2\/product"}],"about":[{"href":"https:\/\/mgvpublications.com\/de\/wp-json\/wp\/v2\/types\/product"}],"wp:featuredmedia":[{"embeddable":true,"href":"https:\/\/mgvpublications.com\/de\/wp-json\/wp\/v2\/media\/3817"}],"wp:attachment":[{"href":"https:\/\/mgvpublications.com\/de\/wp-json\/wp\/v2\/media?parent=3768"}],"wp:term":[{"taxonomy":"product_cat","embeddable":true,"href":"https:\/\/mgvpublications.com\/de\/wp-json\/wp\/v2\/product_cat?post=3768"},{"taxonomy":"product_tag","embeddable":true,"href":"https:\/\/mgvpublications.com\/de\/wp-json\/wp\/v2\/product_tag?post=3768"},{"taxonomy":"item","embeddable":true,"href":"https:\/\/mgvpublications.com\/de\/wp-json\/wp\/v2\/item?post=3768"}],"curies":[{"name":"wp","href":"https:\/\/api.w.org\/{rel}","templated":true}]}}