{"id":3765,"date":"2019-04-02T22:43:19","date_gmt":"2019-04-02T20:43:19","guid":{"rendered":"https:\/\/dev2.mgvpublications.com\/produkt\/import-placeholder-for-6099\/"},"modified":"2022-03-08T22:29:36","modified_gmt":"2022-03-08T21:29:36","slug":"dogal-ebeveynlik","status":"publish","type":"product","link":"https:\/\/mgvpublications.com\/de\/dogal-ebeveynlik\/","title":{"rendered":"Do\u011fal Ebeveynlik"},"content":{"rendered":"<p>Yay\u0131n Tarihi\t2017-10-09<br \/>\nISBN\t6050811858<br \/>\nBask\u0131 Say\u0131s\u0131\t13. Bask\u0131<br \/>\nDil\tT\u00dcRK\u00c7E<br \/>\nSayfa Say\u0131s\u0131\t208<br \/>\nCilt Tipi\tKarton Kapak<br \/>\nKa\u011f\u0131t Cinsi\tKitap Ka\u011f\u0131d\u0131<br \/>\nBoyut\t15.5 x 21.5 cm<\/p>","protected":false},"excerpt":{"rendered":"<p>Bug\u00fcn \u00e7ocuklarda kar\u015f\u0131la\u015f\u0131lan problemlerin \u00e7o\u011funun temelinde, \u00e7ocu\u011fun kendi gibi olmas\u0131na izin verilmemesi yatar.<\/p>\n<p>\u00c7ocuk i\u00e7inde hissetti\u011fi co\u015fkuyla sa\u011fa sola ko\u015facak olsa \u201cBu \u00e7ocuk hiperaktif mi ne, bir t\u00fcrl\u00fc yerinde durmuyor\u201d ikazlar\u0131n\u0131n, bir \u015feyleri merak edip birka\u00e7 soru sorsa \u201cAmma merakl\u0131s\u0131n sen de yani\u2026\u201d diye alaya almalar\u0131n, kendisi i\u00e7in se\u00e7ilen bir k\u0131yafetin rengini be\u011fenmedi\u011fini s\u00f6ylese \u201cSana elbise alanda su\u00e7 zaten\u201d \u015feklindeki bast\u0131rmalar\u0131n, bir yeme\u011fin damak tad\u0131na uymad\u0131\u011f\u0131n\u0131 ifade edecek olsa \u201cSende de hi\u00e7 zevk yokmu\u015f\u201d gibi a\u015fa\u011f\u0131lamalar\u0131n normal kabul edildi\u011fi bir toplumda, \u00e7ocu\u011fun ki\u015fili\u011fini koruma m\u00fccadelesi her anne baban\u0131n insanl\u0131k g\u00f6revidir.<br \/>\nBu kitapta \u00e7ocuklar\u0131n davran\u0131\u015flar\u0131 \u201c\u00f6\u011frenme\u201dsinin de\u011fil \u201cedinmesi\u201dnin, bir ba\u015fkas\u0131n\u0131 taklit ederek de\u011fil kendi \u201cirade\u201dsini ortaya koyarak istenen davran\u0131\u015flar\u0131 kazanmas\u0131n\u0131n yollar\u0131 \u00fczerine ufuk a\u00e7\u0131c\u0131 bir anlay\u0131\u015fla kar\u015f\u0131la\u015facaks\u0131n\u0131z.<\/p>","protected":false},"featured_media":3814,"template":"","meta":{"spay_email":""},"product_cat":[171],"product_tag":[219,220],"item":[360],"acf":[],"_links":{"self":[{"href":"https:\/\/mgvpublications.com\/de\/wp-json\/wp\/v2\/product\/3765"}],"collection":[{"href":"https:\/\/mgvpublications.com\/de\/wp-json\/wp\/v2\/product"}],"about":[{"href":"https:\/\/mgvpublications.com\/de\/wp-json\/wp\/v2\/types\/product"}],"wp:featuredmedia":[{"embeddable":true,"href":"https:\/\/mgvpublications.com\/de\/wp-json\/wp\/v2\/media\/3814"}],"wp:attachment":[{"href":"https:\/\/mgvpublications.com\/de\/wp-json\/wp\/v2\/media?parent=3765"}],"wp:term":[{"taxonomy":"product_cat","embeddable":true,"href":"https:\/\/mgvpublications.com\/de\/wp-json\/wp\/v2\/product_cat?post=3765"},{"taxonomy":"product_tag","embeddable":true,"href":"https:\/\/mgvpublications.com\/de\/wp-json\/wp\/v2\/product_tag?post=3765"},{"taxonomy":"item","embeddable":true,"href":"https:\/\/mgvpublications.com\/de\/wp-json\/wp\/v2\/item?post=3765"}],"curies":[{"name":"wp","href":"https:\/\/api.w.org\/{rel}","templated":true}]}}