{"id":3764,"date":"2019-04-02T22:43:19","date_gmt":"2019-04-02T20:43:19","guid":{"rendered":"https:\/\/dev2.mgvpublications.com\/produkt\/import-placeholder-for-6098\/"},"modified":"2022-04-08T06:19:40","modified_gmt":"2022-04-08T04:19:40","slug":"dogal-aile","status":"publish","type":"product","link":"https:\/\/mgvpublications.com\/de\/dogal-aile\/","title":{"rendered":"Do\u011fal Aile"},"content":{"rendered":"<p>Yay\u0131n Tarihi: 18.01.2021<br \/>ISBN: 9786055271077<br \/>Dil: T\u00dcRK\u00c7E<br \/>Sayfa Say\u0131s\u0131: 304<br \/>Cilt Tipi: Karton Kapak<br \/>Ka\u011f\u0131t Cinsi: Kitap Ka\u011f\u0131d\u0131<br \/>Boyut: 13.5 x 21 cm<\/p>","protected":false},"excerpt":{"rendered":"<p>Allah Teala\u2019n\u0131n kitab\u0131nda, evlenmeyi simgeleyen ifade olarak \u201ckendileriyle huzur bulas\u0131n\u0131z diye\u201d afi\u015fle\u015ftirdi\u011fi e\u015flerin birbirlerinin huzursuzluk kayna\u011f\u0131 durumuna gelmesi, oturup hi\u00e7 kalkmadan nereye do\u011fru gitti\u011fimizi d\u00fc\u015f\u00fcnd\u00fcrecek nitelikte bir i\u015farettir. M\u00fcsl\u00fcman bir insan\u0131n do\u011furdu\u011fu \u00e7ocu\u011fundan korkmas\u0131 ne b\u00fcy\u00fck bir afettir! Bir annenin ambarlardan ta\u015fan r\u0131z\u0131k bollu\u011funa ra\u011fmen do\u011furmaktan korkmas\u0131 nas\u0131l izah edilebilir? Ailemiz, tam anlam\u0131yla ku\u015fat\u0131lm\u0131\u015ft\u0131r.<\/p>","protected":false},"featured_media":23162,"template":"","meta":{"spay_email":""},"product_cat":[174],"product_tag":[],"item":[363],"acf":[],"_links":{"self":[{"href":"https:\/\/mgvpublications.com\/de\/wp-json\/wp\/v2\/product\/3764"}],"collection":[{"href":"https:\/\/mgvpublications.com\/de\/wp-json\/wp\/v2\/product"}],"about":[{"href":"https:\/\/mgvpublications.com\/de\/wp-json\/wp\/v2\/types\/product"}],"wp:featuredmedia":[{"embeddable":true,"href":"https:\/\/mgvpublications.com\/de\/wp-json\/wp\/v2\/media\/23162"}],"wp:attachment":[{"href":"https:\/\/mgvpublications.com\/de\/wp-json\/wp\/v2\/media?parent=3764"}],"wp:term":[{"taxonomy":"product_cat","embeddable":true,"href":"https:\/\/mgvpublications.com\/de\/wp-json\/wp\/v2\/product_cat?post=3764"},{"taxonomy":"product_tag","embeddable":true,"href":"https:\/\/mgvpublications.com\/de\/wp-json\/wp\/v2\/product_tag?post=3764"},{"taxonomy":"item","embeddable":true,"href":"https:\/\/mgvpublications.com\/de\/wp-json\/wp\/v2\/item?post=3764"}],"curies":[{"name":"wp","href":"https:\/\/api.w.org\/{rel}","templated":true}]}}