{"id":3762,"date":"2019-04-02T22:43:19","date_gmt":"2019-04-02T20:43:19","guid":{"rendered":"https:\/\/dev2.mgvpublications.com\/produkt\/import-placeholder-for-6096\/"},"modified":"2022-03-08T22:29:35","modified_gmt":"2022-03-08T21:29:35","slug":"dirilis","status":"publish","type":"product","link":"https:\/\/mgvpublications.com\/de\/dirilis\/","title":{"rendered":"Dirili\u015f"},"content":{"rendered":"<p>\u00c7evirmen: Ay\u015fe Hac\u0131hasano\u011flu<br \/>\nYay\u0131n Tarihi 2019-01-26<br \/>\nISBN 9944886666<br \/>\nBask\u0131 Say\u0131s\u0131 12. Bask\u0131<br \/>\nDil T\u00dcRK\u00c7E<br \/>\nSayfa Say\u0131s\u0131 637<br \/>\nCilt Tipi Karton Kapak<br \/>\nKa\u011f\u0131t Cinsi Kitap Ka\u011f\u0131d\u0131<br \/>\nBoyut 13.5 x 21 cm<\/p>","protected":false},"excerpt":{"rendered":"<p>Lev Nikolayevi\u00e7 Tolstoy (1829 &#8211; 1910): Sava\u015f ve Bar\u0131\u015f, Anna Karenina ve Kreutzer Sonat\u2019\u0131n b\u00fcy\u00fck yazar\u0131, ya\u015fam\u0131n\u0131n son otuz y\u0131l\u0131nda kendini insan, aile, din, devlet, toplum, \u00f6zg\u00fcrl\u00fck, boyun e\u011fme, ba\u015fkald\u0131rma, sanat, estetik konular\u0131nda kuramsal \u00e7al\u0131\u015fmalara verdi. 1899\u2019da yay\u0131mlanan Dirili\u015f Tolstoy\u2019un ya\u015fad\u0131\u011f\u0131 s\u0131rada \u00e7\u0131kan son roman\u0131d\u0131r. Tolstoy, y\u0131llarca \u00fczerinde d\u00fc\u015f\u00fcnd\u00fc\u011f\u00fc ve pek \u00e7ok kuramsal eser yazd\u0131\u011f\u0131 insanl\u0131k sorunlar\u0131n\u0131 bu kitapta edebi bir kurgu i\u00e7inde ele ald\u0131. Dirili\u015f sadece Sibirya\u2019ya giden bir mahk\u00fbm kafilesinin yolculu\u011funu de\u011fil, ya\u015fam\u0131n anlam\u0131n\u0131 kavramak ad\u0131na ki\u015finin kendini yeniden var etme s\u00fcrecini anlatan bir ba\u015fyap\u0131tt\u0131r. Lev Nikolayevi\u00e7<\/p>","protected":false},"featured_media":3792,"template":"","meta":{"spay_email":""},"product_cat":[167],"product_tag":[],"item":[369],"acf":[],"_links":{"self":[{"href":"https:\/\/mgvpublications.com\/de\/wp-json\/wp\/v2\/product\/3762"}],"collection":[{"href":"https:\/\/mgvpublications.com\/de\/wp-json\/wp\/v2\/product"}],"about":[{"href":"https:\/\/mgvpublications.com\/de\/wp-json\/wp\/v2\/types\/product"}],"wp:featuredmedia":[{"embeddable":true,"href":"https:\/\/mgvpublications.com\/de\/wp-json\/wp\/v2\/media\/3792"}],"wp:attachment":[{"href":"https:\/\/mgvpublications.com\/de\/wp-json\/wp\/v2\/media?parent=3762"}],"wp:term":[{"taxonomy":"product_cat","embeddable":true,"href":"https:\/\/mgvpublications.com\/de\/wp-json\/wp\/v2\/product_cat?post=3762"},{"taxonomy":"product_tag","embeddable":true,"href":"https:\/\/mgvpublications.com\/de\/wp-json\/wp\/v2\/product_tag?post=3762"},{"taxonomy":"item","embeddable":true,"href":"https:\/\/mgvpublications.com\/de\/wp-json\/wp\/v2\/item?post=3762"}],"curies":[{"name":"wp","href":"https:\/\/api.w.org\/{rel}","templated":true}]}}