{"id":3746,"date":"2019-04-02T22:43:19","date_gmt":"2019-04-02T20:43:19","guid":{"rendered":"https:\/\/dev2.mgvpublications.com\/produkt\/import-placeholder-for-6094\/"},"modified":"2025-04-27T00:33:18","modified_gmt":"2025-04-26T22:33:18","slug":"dervishane-bir-modern-dervis-oeykuesue","status":"publish","type":"product","link":"https:\/\/mgvpublications.com\/de\/dervishane-bir-modern-dervis-oeykuesue\/","title":{"rendered":"Dervi\u015fhane &#038; Bir Modern Dervi\u015f \u00d6yk\u00fcs\u00fc"},"content":{"rendered":"<p>Eyy\u00fcp Aky\u00fcz<br \/>\nGen\u00e7 ile Modern Dervi\u015f\u2019in 30 G\u00fcn\u00fc Modern zamanlarda ayk\u0131r\u0131 bir dervi\u015f&#8230; Yeni yetmelerden bir gence hikmet f\u0131s\u0131ld\u0131yor. F\u0131s\u0131lt\u0131lar kalplere ula\u015ft\u0131\u011f\u0131nda ileri teknoloji, h\u0131zl\u0131 ya\u015fam ve \u00e7ok geli\u015fmi\u015flik \u00e7a\u011f\u0131nda kimsenin kimseyi dinlemeye vakit bulamad\u0131\u011f\u0131 kentlerde gidi\u015fat\u0131 durduran c\u00fcmleler oluyor. Dile getirilenler fastfood tarz\u0131na al\u0131\u015fm\u0131\u015fl\u0131kla sindirilecek t\u00fcrden de\u011fil, geni\u015f zamanlar istiyor. G\u00fcny\u00fcz\u00fc g\u00f6rmeyen \u015fehir hatlar\u0131nda ta\u015f\u0131nan modern insan\u0131n g\u00f6\u011f\u00fcn nas\u0131l y\u00fckseltildi\u011fine, da\u011flar\u0131n nas\u0131l dikildi\u011fine, yerin nas\u0131l yay\u0131ld\u0131\u011f\u0131na ve devenin nas\u0131l yarat\u0131ld\u0131\u011f\u0131na bakabilmesi i\u00e7in geni\u015f zamanlara ihtiyac\u0131 var. &#8220;Dervi\u015fhane\u201d bir a\u011fa\u00e7 g\u00f6lgesinde, bir p\u0131nar\u0131n ba\u015f\u0131nda bizi bekliyor. Buyurunuz, olup biteni a\u011f\u0131r \u00e7ekimde tekrar izleyelim.<\/p>","protected":false},"excerpt":{"rendered":"<p>Eyy\u00fcp Aky\u00fcz Gen\u00e7 ile Modern Dervi\u015f\u2019in 30 G\u00fcn\u00fc Modern zamanlarda ayk\u0131r\u0131 bir dervi\u015f&#8230; Yeni yetmelerden bir gence hikmet f\u0131s\u0131ld\u0131yor. F\u0131s\u0131lt\u0131lar kalplere ula\u015ft\u0131\u011f\u0131nda ileri teknoloji, h\u0131zl\u0131 ya\u015fam ve \u00e7ok geli\u015fmi\u015flik \u00e7a\u011f\u0131nda kimsenin kimseyi dinlemeye vakit bulamad\u0131\u011f\u0131 kentlerde gidi\u015fat\u0131 durduran c\u00fcmleler oluyor. Dile getirilenler fastfood tarz\u0131na al\u0131\u015fm\u0131\u015fl\u0131kla sindirilecek t\u00fcrden de\u011fil, geni\u015f zamanlar istiyor. G\u00fcny\u00fcz\u00fc g\u00f6rmeyen \u015fehir hatlar\u0131nda [&hellip;]<\/p>","protected":false},"featured_media":3790,"template":"","meta":{"spay_email":""},"product_cat":[168,232,169],"product_tag":[],"item":[335],"acf":[],"_links":{"self":[{"href":"https:\/\/mgvpublications.com\/de\/wp-json\/wp\/v2\/product\/3746"}],"collection":[{"href":"https:\/\/mgvpublications.com\/de\/wp-json\/wp\/v2\/product"}],"about":[{"href":"https:\/\/mgvpublications.com\/de\/wp-json\/wp\/v2\/types\/product"}],"wp:featuredmedia":[{"embeddable":true,"href":"https:\/\/mgvpublications.com\/de\/wp-json\/wp\/v2\/media\/3790"}],"wp:attachment":[{"href":"https:\/\/mgvpublications.com\/de\/wp-json\/wp\/v2\/media?parent=3746"}],"wp:term":[{"taxonomy":"product_cat","embeddable":true,"href":"https:\/\/mgvpublications.com\/de\/wp-json\/wp\/v2\/product_cat?post=3746"},{"taxonomy":"product_tag","embeddable":true,"href":"https:\/\/mgvpublications.com\/de\/wp-json\/wp\/v2\/product_tag?post=3746"},{"taxonomy":"item","embeddable":true,"href":"https:\/\/mgvpublications.com\/de\/wp-json\/wp\/v2\/item?post=3746"}],"curies":[{"name":"wp","href":"https:\/\/api.w.org\/{rel}","templated":true}]}}