{"id":3745,"date":"2019-04-02T22:43:19","date_gmt":"2019-04-02T20:43:19","guid":{"rendered":"https:\/\/dev2.mgvpublications.com\/produkt\/import-placeholder-for-6093\/"},"modified":"2022-03-08T22:29:34","modified_gmt":"2022-03-08T21:29:34","slug":"deneme-cekimi","status":"publish","type":"product","link":"https:\/\/mgvpublications.com\/de\/deneme-cekimi\/","title":{"rendered":"Deneme \u00c7ekimi"},"content":{"rendered":"<p>Mustafa UcurumT\u00fcr\u00fc: Deneme<br \/>\nBas\u0131m Y\u0131l\u0131: 2016<br \/>\nKitab\u0131n Ad\u0131: Deneme \u00c7ekimi<br \/>\nYazar\u0131: Mustafa U\u00e7urum<br \/>\nSayfa Say\u0131s\u0131: 108<br \/>\nBask\u0131 \u00d6zellikleri: Karton Kapak, Kitap Ka\u011f\u0131d\u0131<br \/>\nEbat: 13,5 x 21 cm<br \/>\nISBN: 978-605-5000-59-2<\/p>","protected":false},"excerpt":{"rendered":"<p>Hi\u00e7 girmedi\u011fim sokaklardan ge\u00e7ece\u011fim. Kesmeta\u015f kald\u0131r\u0131mlar\u0131n \u00fczerinden, balkonlar\u0131n alt\u0131ndan, \u0131rma\u011f\u0131n k\u0131y\u0131s\u0131ndan, sesimin yank\u0131s\u0131n\u0131 \u00e7o\u011faltarak ge\u00e7ece\u011fim ge\u00e7ilmez san\u0131lan t\u00fcm<br \/>\nge\u00e7itlerden.<br \/>\nBir \u0130brahim ate\u015fi saracak bedenimi. Firavun\u2019un beynine h\u00fccum edece\u011fim.<br \/>\nGe\u00e7ece\u011fim \u0131rmaklardan bir bir.<br \/>\nB\u00fct\u00fcn yanl\u0131\u015f saatleri do\u011fruya ayarlay\u0131p, \u015fehrin y\u0131k\u0131k d\u00f6k\u00fck sokaklar\u0131ndan \u00fcst\u00fcm ba\u015f\u0131m toz i\u00e7inde ge\u00e7ip, bu yery\u00fcz\u00fc bizimdir bizim olacak diyerek \u00e7\u0131\u011fl\u0131k \u00e7\u0131\u011fl\u0131\u011fa;<br \/>\nEy Kud\u00fcs kalbim ol<br \/>\nEy Kud\u00fcs kalbim ol diye diye<br \/>\nGirece\u011fim bir \u015fehrin kap\u0131s\u0131ndan.<\/p>","protected":false},"featured_media":3789,"template":"","meta":{"spay_email":""},"product_cat":[168],"product_tag":[],"item":[335],"acf":[],"_links":{"self":[{"href":"https:\/\/mgvpublications.com\/de\/wp-json\/wp\/v2\/product\/3745"}],"collection":[{"href":"https:\/\/mgvpublications.com\/de\/wp-json\/wp\/v2\/product"}],"about":[{"href":"https:\/\/mgvpublications.com\/de\/wp-json\/wp\/v2\/types\/product"}],"wp:featuredmedia":[{"embeddable":true,"href":"https:\/\/mgvpublications.com\/de\/wp-json\/wp\/v2\/media\/3789"}],"wp:attachment":[{"href":"https:\/\/mgvpublications.com\/de\/wp-json\/wp\/v2\/media?parent=3745"}],"wp:term":[{"taxonomy":"product_cat","embeddable":true,"href":"https:\/\/mgvpublications.com\/de\/wp-json\/wp\/v2\/product_cat?post=3745"},{"taxonomy":"product_tag","embeddable":true,"href":"https:\/\/mgvpublications.com\/de\/wp-json\/wp\/v2\/product_tag?post=3745"},{"taxonomy":"item","embeddable":true,"href":"https:\/\/mgvpublications.com\/de\/wp-json\/wp\/v2\/item?post=3745"}],"curies":[{"name":"wp","href":"https:\/\/api.w.org\/{rel}","templated":true}]}}