{"id":3744,"date":"2019-04-02T22:43:19","date_gmt":"2019-04-02T20:43:19","guid":{"rendered":"https:\/\/dev2.mgvpublications.com\/produkt\/import-placeholder-for-6092\/"},"modified":"2025-04-27T00:55:09","modified_gmt":"2025-04-26T22:55:09","slug":"delikanli","status":"publish","type":"product","link":"https:\/\/mgvpublications.com\/de\/delikanli\/","title":{"rendered":"Delikanl\u0131"},"content":{"rendered":"<p>Barkod: 9786059133067<br \/>\nYay\u0131nevi: Mavi\u00e7at\u0131 Yay\u0131nlar\u0131<br \/>\nYazar: Fyodor Dostoyevski<br \/>\nSayfa: 672 Sayfa<br \/>\nKa\u011f\u0131t: 2.Hamur Ka\u011f\u0131t<br \/>\nBoyut: 19.50&#215;27.50 cm<\/p>","protected":false},"excerpt":{"rendered":"<p>Dostoyevski, Delikanl\u0131\u2019da baba-o\u011ful aras\u0131nda ya\u015fanan de\u011fer \u00e7at\u0131\u015fmas\u0131 ekseninde, 19. y\u00fczy\u0131l ortas\u0131  Rus toplumunun  ge\u00e7irdi\u011fi ideolojik d\u00f6n\u00fc\u015f\u00fcm\u00fcn izini s\u00fcr\u00fcyor.<br \/>\nDelikanl\u0131, kad\u0131n d\u00fc\u015fk\u00fcn\u00fc bir toprak sahibinin gayrime\u015fru \u00e7ocu\u011fu olan on dokuz ya\u015f\u0131ndaki Dolgorukiy\u2019in, St. Petersburg\u2019da bir araya geldi\u011fi babas\u0131 Versilov\u2019la ya\u015fad\u0131\u011f\u0131 \u00e7at\u0131\u015fmalar\u0131n anlat\u0131s\u0131d\u0131r. Baba ve o\u011flun duygusal, ideolojik ve ahl\u00e2ki tart\u0131\u015fmalar\u0131 etraf\u0131nda \u015fekillenen uyu\u015fmazl\u0131klar, Dolgorukiy\u2019in z\u0131tl\u0131klarla dolu ya\u015fam \u00f6yk\u00fcs\u00fcn\u00fc ortaya koyar. Dostoyevski\u2019nin son roman\u0131 olan Karamazov Karde\u015fler\u2019den \u00f6nce kaleme ald\u0131\u011f\u0131 Delikanl\u0131, yazar\u0131n di\u011fer eserlerindeki felsefi ve politik sorunlardan uzak olmakla birlikte, oda\u011f\u0131ndaki insanlar aras\u0131 ili\u015fkilerle ve psikolojik incelemelerle \u00f6ne \u00e7\u0131k\u0131yor.<br \/>\n\u201cDostoyevski\u2019nin t\u00fcm b\u00fcy\u00fck romanlar\u0131 bir yana, Delikanl\u0131 farkl\u0131  bir yerde durmaktad\u0131r. B\u00fcy\u00fck sorunlar\u0131 ve \u00e7eli\u015fkileri tart\u0131\u015fmaz yazar burada. Basit, g\u00fcndelik durumlar\u0131 ve yayg\u0131n insani tutkular\u0131 kullanarak olu\u015fturulan bu roman, incelikli, gerilim dolu ve  nefes kesici bir ba\u015fyap\u0131tt\u0131r.\u201d<\/p>","protected":false},"featured_media":3788,"template":"","meta":{"spay_email":""},"product_cat":[168],"product_tag":[],"item":[455],"acf":[],"_links":{"self":[{"href":"https:\/\/mgvpublications.com\/de\/wp-json\/wp\/v2\/product\/3744"}],"collection":[{"href":"https:\/\/mgvpublications.com\/de\/wp-json\/wp\/v2\/product"}],"about":[{"href":"https:\/\/mgvpublications.com\/de\/wp-json\/wp\/v2\/types\/product"}],"wp:featuredmedia":[{"embeddable":true,"href":"https:\/\/mgvpublications.com\/de\/wp-json\/wp\/v2\/media\/3788"}],"wp:attachment":[{"href":"https:\/\/mgvpublications.com\/de\/wp-json\/wp\/v2\/media?parent=3744"}],"wp:term":[{"taxonomy":"product_cat","embeddable":true,"href":"https:\/\/mgvpublications.com\/de\/wp-json\/wp\/v2\/product_cat?post=3744"},{"taxonomy":"product_tag","embeddable":true,"href":"https:\/\/mgvpublications.com\/de\/wp-json\/wp\/v2\/product_tag?post=3744"},{"taxonomy":"item","embeddable":true,"href":"https:\/\/mgvpublications.com\/de\/wp-json\/wp\/v2\/item?post=3744"}],"curies":[{"name":"wp","href":"https:\/\/api.w.org\/{rel}","templated":true}]}}