{"id":3743,"date":"2019-04-02T22:43:19","date_gmt":"2019-04-02T20:43:19","guid":{"rendered":"https:\/\/dev2.mgvpublications.com\/produkt\/import-placeholder-for-6091\/"},"modified":"2025-04-27T00:52:12","modified_gmt":"2025-04-26T22:52:12","slug":"defter-gibi-kitap","status":"publish","type":"product","link":"https:\/\/mgvpublications.com\/de\/defter-gibi-kitap\/","title":{"rendered":"Defter Gibi Kitap"},"content":{"rendered":"<p>Yay\u0131n Tarihi 2016-04-19<br \/>\nISBN 6055000721<br \/>\nBask\u0131 Say\u0131s\u0131 1. Bask\u0131<br \/>\nDil T\u00dcRK\u00c7E<br \/>\nSayfa Say\u0131s\u0131 178<br \/>\nCilt Tipi Karton Kapak<br \/>\nKa\u011f\u0131t Cinsi Kitap Ka\u011f\u0131d\u0131<br \/>\nBoyut 13.5 x 21 cm<\/p>","protected":false},"excerpt":{"rendered":"<p>Tam 40 g\u00fcn oldu.<br \/>\nHer g\u00fcn geldim ba\u015fucuna.Kendimi senin gitti\u011fine inand\u0131rmak i\u00e7in her sabah ko\u015ftum geldim.Bazen yaln\u0131z geldim,bazen Sema ile.Ama hep \u00e7antamda lacivert kapl\u0131 kitapla geldim.<br \/>\n\u0130\u015fte bug\u00fcn huzurunday\u0131m.40 g\u00fcnd\u00fcr sensiz lakin sab\u0131rl\u0131y\u0131m.Elime ald\u0131\u011f\u0131m g\u00fcnden beri a\u00e7maya cesaret edemedi\u011fim bu kitab\u0131n kapa\u011f\u0131n\u0131,senin huzurunda a\u00e7maya geldim.<br \/>\n\u00d6yle bir okuyaca\u011f\u0131m ki kendim yazm\u0131\u015f gibi de\u011fil kendime yaz\u0131lm\u0131\u015f bir kitap gibi.<\/p>","protected":false},"featured_media":3787,"template":"","meta":{"spay_email":""},"product_cat":[168],"product_tag":[],"item":[335],"acf":[],"_links":{"self":[{"href":"https:\/\/mgvpublications.com\/de\/wp-json\/wp\/v2\/product\/3743"}],"collection":[{"href":"https:\/\/mgvpublications.com\/de\/wp-json\/wp\/v2\/product"}],"about":[{"href":"https:\/\/mgvpublications.com\/de\/wp-json\/wp\/v2\/types\/product"}],"wp:featuredmedia":[{"embeddable":true,"href":"https:\/\/mgvpublications.com\/de\/wp-json\/wp\/v2\/media\/3787"}],"wp:attachment":[{"href":"https:\/\/mgvpublications.com\/de\/wp-json\/wp\/v2\/media?parent=3743"}],"wp:term":[{"taxonomy":"product_cat","embeddable":true,"href":"https:\/\/mgvpublications.com\/de\/wp-json\/wp\/v2\/product_cat?post=3743"},{"taxonomy":"product_tag","embeddable":true,"href":"https:\/\/mgvpublications.com\/de\/wp-json\/wp\/v2\/product_tag?post=3743"},{"taxonomy":"item","embeddable":true,"href":"https:\/\/mgvpublications.com\/de\/wp-json\/wp\/v2\/item?post=3743"}],"curies":[{"name":"wp","href":"https:\/\/api.w.org\/{rel}","templated":true}]}}