{"id":3742,"date":"2019-04-02T22:43:18","date_gmt":"2019-04-02T20:43:18","guid":{"rendered":"https:\/\/dev2.mgvpublications.com\/produkt\/import-placeholder-for-6090\/"},"modified":"2022-06-19T11:29:17","modified_gmt":"2022-06-19T09:29:17","slug":"davam","status":"publish","type":"product","link":"https:\/\/mgvpublications.com\/de\/davam\/","title":{"rendered":"Davam"},"content":{"rendered":"<p>Yay\u0131n Tarihi 2013-01-01<br \/>\nISBN 6058562516<br \/>\nBask\u0131 Say\u0131s\u0131 1. Bask\u0131<br \/>\nDil T\u00dcRK\u00c7E<br \/>\nSayfa Say\u0131s\u0131 272<br \/>\nCilt Tipi Karton Kapak<br \/>\nKa\u011f\u0131t Cinsi Kitap Ka\u011f\u0131d\u0131<br \/>\nBoyut 13.5 x 21 cm<\/p>","protected":false},"excerpt":{"rendered":"<p>T\u00fcrkiye&#8217;nin ilk yerli motor fabrikas\u0131n\u0131 kurarken hangi esrarengiz olaylar ya\u015fand\u0131!<br \/>\nAlmanya&#8217;daki \u00fcnl\u00fc K\u00fcrhaus Oteli&#8217;nde yap\u0131lan \u00e7ok gizli toplant\u0131ya nas\u0131l kat\u0131ld\u0131?<br \/>\nBu esrarengiz toplant\u0131da konu\u015fulanlar\u0131 duyunca hangi karar\u0131 ald\u0131! Sovyetler y\u0131k\u0131ld\u0131ktan hemen sonra, d\u00f6nemin Rus B\u00fcy\u00fckel\u00e7isi Albert \u00c7erni\u015fev Erbakan&#8217;dan ne istedi! Erbakan, Ankara&#8217;daki el\u00e7ilikte \u00fc\u00e7 g\u00fcn boyunca Ruslara ne anlatt\u0131?<br \/>\nBir bayram sabah\u0131 as\u0131lan Saddam H\u00fcseyin ile, Ba\u011fdat&#8217;taki Ba\u015fkanl\u0131k Saray\u0131&#8217;n\u0131n avizeli salonunda ne konu\u015ftular? Saddam&#8217;a hangi tavsiyede bulundu?<br \/>\n1974 Bar\u0131\u015f Harekat\u0131 s\u0131ras\u0131nda, Erbakan&#8217;a, &#8220;K\u0131br\u0131s&#8217;a gerekirse kay\u0131kla \u00e7\u0131kar\u0131m\u201d diyen komutan kimdi? Amerikan Sava\u015f Gemisine davet edilen Refah Partili milletvekillerine hangi g\u00f6steri yap\u0131ld\u0131! K\u0131rg\u0131zistan Cumhurba\u015fkan\u0131 ile 4 saat boyunca ne konu\u015ftu? 96 Ya\u015f\u0131ndaki ya\u015fl\u0131 K\u0131rg\u0131z&#8217;\u0131 a\u011flatan olay neydi?<br \/>\nHepsi ve \u00e7ok daha fazlas\u0131, DAVAM&#8217;da\u2026<\/p>","protected":false},"featured_media":3786,"template":"","meta":{"spay_email":""},"product_cat":[180,173],"product_tag":[],"item":[453],"acf":[],"_links":{"self":[{"href":"https:\/\/mgvpublications.com\/de\/wp-json\/wp\/v2\/product\/3742"}],"collection":[{"href":"https:\/\/mgvpublications.com\/de\/wp-json\/wp\/v2\/product"}],"about":[{"href":"https:\/\/mgvpublications.com\/de\/wp-json\/wp\/v2\/types\/product"}],"wp:featuredmedia":[{"embeddable":true,"href":"https:\/\/mgvpublications.com\/de\/wp-json\/wp\/v2\/media\/3786"}],"wp:attachment":[{"href":"https:\/\/mgvpublications.com\/de\/wp-json\/wp\/v2\/media?parent=3742"}],"wp:term":[{"taxonomy":"product_cat","embeddable":true,"href":"https:\/\/mgvpublications.com\/de\/wp-json\/wp\/v2\/product_cat?post=3742"},{"taxonomy":"product_tag","embeddable":true,"href":"https:\/\/mgvpublications.com\/de\/wp-json\/wp\/v2\/product_tag?post=3742"},{"taxonomy":"item","embeddable":true,"href":"https:\/\/mgvpublications.com\/de\/wp-json\/wp\/v2\/item?post=3742"}],"curies":[{"name":"wp","href":"https:\/\/api.w.org\/{rel}","templated":true}]}}