{"id":3741,"date":"2019-04-02T22:43:18","date_gmt":"2019-04-02T20:43:18","guid":{"rendered":"https:\/\/dev2.mgvpublications.com\/produkt\/import-placeholder-for-6089\/"},"modified":"2022-03-08T22:29:33","modified_gmt":"2022-03-08T21:29:33","slug":"das-ist-erbakan-2-cilt-anadolunun-sanayilesme-sevdasi","status":"publish","type":"product","link":"https:\/\/mgvpublications.com\/de\/das-ist-erbakan-2-cilt-anadolunun-sanayilesme-sevdasi\/","title":{"rendered":"Das \u0130st Erbakan (2. Cilt) Anadolu\u2019nun Sanayile\u015fme Sevdas\u0131"},"content":{"rendered":"<p>Yay\u0131n Tarihi 2018-02-21<br \/>\nISBN 6056725449<br \/>\nBask\u0131 Say\u0131s\u0131 1. Bask\u0131<br \/>\nDil T\u00dcRK\u00c7E<br \/>\nSayfa Say\u0131s\u0131 380<br \/>\nCilt Tipi Karton Kapak<br \/>\nKa\u011f\u0131t Cinsi Ku\u015fe Ka\u011f\u0131t<br \/>\nBoyut 16 x 24 cm<\/p>","protected":false},"excerpt":{"rendered":"<p>Hoton Yay\u0131nlar\u0131. eski Ba\u015fbakanlardan Necmettin Erbakan\u2019\u0131n bug\u00fcne hi\u00e7 yay\u0131nlanmam\u0131\u015f belge ve foto\u011fraflar\u0131ndan olu\u015fan kaynak niteli\u011findeki \u201cDAS \u0130ST ERBAKAN\u201d serisinin 2\u2019inci cildi yay\u0131nland\u0131. Gazeteci-Yazar Fehmi \u00c7almuk\u2019un kaleme ald\u0131\u011f\u0131 \u2018\u2018Das \u0130st Erbakan\u201d\u2019 serisinin 2\u2019inci cildi \u2018\u2018Anadolu\u2019nun Sanayile\u015fme Sevdas\u0131\u201d ismini ta\u015f\u0131yor.<\/p>\n<p>Das ist Erbakan serisinin ikinci cildi; Erbakan\u2019\u0131n 1967 y\u0131l\u0131nda Nermin Saat\u00e7io\u011flu ile evlenmesine, e\u015finin neden ve ne \u015fekilde ba\u015f\u0131n\u0131 \u00f6rtt\u00fc\u011f\u00fcne, O\u2019nun aile ili\u015fkilerine de kap\u0131 a\u00e7maktad\u0131r. Profes\u00f6r karde\u015flerin en k\u00fc\u00e7\u00fc\u011f\u00fc olan Necmettin Erbakan\u2019\u0131n dermotoloji ve g\u00f6z alan\u0131nda d\u00fcnyada \u00fcn yapm\u0131\u015f abileri Nizamettin Erbakan ve Selahattin Erbakan ile ilgili bilinmeyen bilgiler de kitapta yer almaktad\u0131r.<\/p>","protected":false},"featured_media":3785,"template":"","meta":{"spay_email":""},"product_cat":[173,170],"product_tag":[],"item":[452],"acf":[],"_links":{"self":[{"href":"https:\/\/mgvpublications.com\/de\/wp-json\/wp\/v2\/product\/3741"}],"collection":[{"href":"https:\/\/mgvpublications.com\/de\/wp-json\/wp\/v2\/product"}],"about":[{"href":"https:\/\/mgvpublications.com\/de\/wp-json\/wp\/v2\/types\/product"}],"wp:featuredmedia":[{"embeddable":true,"href":"https:\/\/mgvpublications.com\/de\/wp-json\/wp\/v2\/media\/3785"}],"wp:attachment":[{"href":"https:\/\/mgvpublications.com\/de\/wp-json\/wp\/v2\/media?parent=3741"}],"wp:term":[{"taxonomy":"product_cat","embeddable":true,"href":"https:\/\/mgvpublications.com\/de\/wp-json\/wp\/v2\/product_cat?post=3741"},{"taxonomy":"product_tag","embeddable":true,"href":"https:\/\/mgvpublications.com\/de\/wp-json\/wp\/v2\/product_tag?post=3741"},{"taxonomy":"item","embeddable":true,"href":"https:\/\/mgvpublications.com\/de\/wp-json\/wp\/v2\/item?post=3741"}],"curies":[{"name":"wp","href":"https:\/\/api.w.org\/{rel}","templated":true}]}}