{"id":3738,"date":"2019-04-02T22:43:18","date_gmt":"2019-04-02T20:43:18","guid":{"rendered":"https:\/\/dev2.mgvpublications.com\/produkt\/import-placeholder-for-6086\/"},"modified":"2022-03-08T22:29:32","modified_gmt":"2022-03-08T21:29:32","slug":"cumhuriyetin-ilk-yuezyili-1923-2023","status":"publish","type":"product","link":"https:\/\/mgvpublications.com\/de\/cumhuriyetin-ilk-yuezyili-1923-2023\/","title":{"rendered":"Cumhuriyet&#8217;in \u0130lk Y\u00fczy\u0131l\u0131 (1923-2023)"},"content":{"rendered":"<p>Yay\u0131n Tarihi\t2017-05-15<br \/>\nISBN\t6050804980<br \/>\nBask\u0131 Say\u0131s\u0131\t16. Bask\u0131<br \/>\nDil\tT\u00dcRK\u00c7E<br \/>\nSayfa Say\u0131s\u0131\t336<br \/>\nCilt Tipi\tKarton Kapak<br \/>\nKa\u011f\u0131t Cinsi\tKitap Ka\u011f\u0131d\u0131<br \/>\nBoyut\t13.5 x 21 cm<\/p>","protected":false},"excerpt":{"rendered":"<p>\u0130smail K\u00fc\u00e7\u00fckkaya sordu, \u0130lber Ortayl\u0131 t\u00fcm i\u00e7tenli\u011fiyle cevaplad\u0131 ve ortaya T\u00fcrkiye\u2019nin ge\u00e7mi\u015f ve gelece\u011fiyle ilgilenen her okurun mutlak okumas\u0131 gereken bir ba\u015fucu kitab\u0131 ortaya \u00e7\u0131kt\u0131&#8230;<br \/>\nCUMHUR\u0130YET\u2019\u0130N \u0130LK Y\u00dcZYILI\u2019na yeni devletimizin yap\u0131 ta\u015flar\u0131n\u0131n d\u00f6\u015fendi\u011fi Osmanl\u0131 \u0130mparatorlu\u011fu\u2019nun modernle\u015fme d\u00f6neminden ba\u015flad\u0131k.<br \/>\nAtat\u00fcrk ve silah arkada\u015flar\u0131n\u0131n yeti\u015fti\u011fi II. Abd\u00fclhamid\u2019in modernlik aray\u0131\u015f\u0131 i\u00e7inde ge\u00e7en y\u0131llar\u0131n\u0131, ama ayn\u0131 zamanda istibdad g\u00fcnlerini ve buna kar\u015f\u0131 isyan edip h\u00fcrriyet arayan gen\u00e7 Osmanl\u0131 subaylar\u0131n\u0131n maceralar\u0131 hayatlar\u0131\u2026<br \/>\nMill\u00ee M\u00fccadele d\u00f6nemini, \u00f6zg\u00fcrl\u00fck havas\u0131n\u0131n egemen oldu\u011fu Cumhuriyet\u2019in ilk iki y\u0131l\u0131n\u0131 ve tek partili zorlu zamanlar\u0131, ard\u0131ndan gelen \u00e7ok partili siyasal ya\u015fam\u0131n ba\u015flad\u0131\u011f\u0131 1950\u2019li y\u0131llar\u0131&#8230;<br \/>\n1913 Bab\u0131ali Bask\u0131n\u0131\u2019yla ba\u015flayan darbeler tarihini&#8230;<br \/>\nYeni devletin ilk g\u00fcn\u00fcnden itibaren \u00e7\u00f6zmeye \u00e7al\u0131\u015ft\u0131\u011f\u0131 kadim problemleri; K\u00fcrt Sorunu\u2019nu, \u201cirtica\u201d meselesini ve e\u011fitim konusunu&#8230;<br \/>\n\u0130sl\u00e2mc\u0131l\u0131ktan milliyet\u00e7ili\u011fe, merkez sa\u011fdan sosyal demokrasiye b\u00fct\u00fcn siyasal ak\u0131mlar\u0131&#8230;<br \/>\n1876\u2019dan 1924\u2019e ve 1982\u2019ye anayasa metinlerimizi&#8230; Bizleri 2023\u2019e ta\u015f\u0131yacak yeni anayasa \u00f6zlemimizi&#8230;<br \/>\nAs\u0131rl\u0131k d\u0131\u015f politikam\u0131z, ikili ili\u015fkilerimiz, uluslararas\u0131 kurulu\u015flardaki temsiliyetimiz, K\u0131br\u0131s Bar\u0131\u015f Harek\u00e2t\u0131, AB maceras\u0131 ve Ortado\u011fu politikalar\u0131m\u0131z\u0131&#8230;<br \/>\n\u015eehirle\u015fme, \u00fcniversitele\u015fme, gecekondula\u015fma, ekonomik b\u00fcy\u00fcme, yolsuzluklar, g\u00fcndelik ya\u015famdaki nitelik ve kalite kayb\u0131 gibi en g\u00fc\u00e7l\u00fc sosyolojik dinamik ve geli\u015fmeleri&#8230;<br \/>\nYani bizi biz yapan ve bug\u00fcnlere ta\u015f\u0131yan \u00f6nemli tarihsel dinamikleri konu\u015ftuk\u2026<br \/>\nCUMHUR\u0130YET\u2019\u0130N \u0130LK Y\u00dcZYILI, \u0130lber Ortayl\u0131&#8217;n\u0131n kaleminden 1923&#8217;ten g\u00fcn\u00fcm\u00fcze, g\u00fcn\u00fcm\u00fczden 2023&#8217;e uzanan, bir ge\u00e7mi\u015f ve gelecek muhasebesi&#8230;<\/p>","protected":false},"featured_media":3782,"template":"","meta":{"spay_email":""},"product_cat":[170],"product_tag":[],"item":[360],"acf":[],"_links":{"self":[{"href":"https:\/\/mgvpublications.com\/de\/wp-json\/wp\/v2\/product\/3738"}],"collection":[{"href":"https:\/\/mgvpublications.com\/de\/wp-json\/wp\/v2\/product"}],"about":[{"href":"https:\/\/mgvpublications.com\/de\/wp-json\/wp\/v2\/types\/product"}],"wp:featuredmedia":[{"embeddable":true,"href":"https:\/\/mgvpublications.com\/de\/wp-json\/wp\/v2\/media\/3782"}],"wp:attachment":[{"href":"https:\/\/mgvpublications.com\/de\/wp-json\/wp\/v2\/media?parent=3738"}],"wp:term":[{"taxonomy":"product_cat","embeddable":true,"href":"https:\/\/mgvpublications.com\/de\/wp-json\/wp\/v2\/product_cat?post=3738"},{"taxonomy":"product_tag","embeddable":true,"href":"https:\/\/mgvpublications.com\/de\/wp-json\/wp\/v2\/product_tag?post=3738"},{"taxonomy":"item","embeddable":true,"href":"https:\/\/mgvpublications.com\/de\/wp-json\/wp\/v2\/item?post=3738"}],"curies":[{"name":"wp","href":"https:\/\/api.w.org\/{rel}","templated":true}]}}