{"id":3737,"date":"2019-04-02T22:43:18","date_gmt":"2019-04-02T20:43:18","guid":{"rendered":"https:\/\/dev2.mgvpublications.com\/produkt\/import-placeholder-for-6085\/"},"modified":"2022-03-08T22:29:32","modified_gmt":"2022-03-08T21:29:32","slug":"cumhuriyet-islamciliginin-seyri","status":"publish","type":"product","link":"https:\/\/mgvpublications.com\/de\/cumhuriyet-islamciliginin-seyri\/","title":{"rendered":"Cumhuriyet \u0130slamc\u0131l\u0131\u011f\u0131n\u0131n Seyri"},"content":{"rendered":"<p>Yay\u0131n Tarihi 2018-01-29<br \/>\nISBN 6052008041<br \/>\nBask\u0131 Say\u0131s\u0131 2. Bask\u0131<br \/>\nDil T\u00dcRK\u00c7E<br \/>\nSayfa Say\u0131s\u0131 216<br \/>\nCilt Tipi Karton Kapak<br \/>\nKa\u011f\u0131t Cinsi Kitap Ka\u011f\u0131d\u0131<br \/>\nBoyut 13.5 x 21 cm<\/p>","protected":false},"excerpt":{"rendered":"<p>\u0130slamc\u0131l\u0131k muhafazakarl\u0131\u011f\u0131n k\u0131skac\u0131 alt\u0131nda kalm\u0131\u015ft\u0131r. Kimine g\u00f6re bu durum \u0130slamc\u0131l\u0131\u011f\u0131n sonu olmu\u015fken kimine g\u00f6re de \u0130slamc\u0131l\u0131\u011f\u0131n miad\u0131n\u0131 doldurdu\u011funun bir g\u00f6stergesidir. Ancak tarihi tecr\u00fcbelerimiz g\u00f6stermektedir ki \u0130slamc\u0131l\u0131\u011f\u0131n ve \u0130slamc\u0131lar\u0131n suskunlu\u011fu y\u00fcseyseldir, ge\u00e7icidir. Derinlerde, iktidar mahfillerinden uzakta, ya\u015fanan sosyal ve toplumsal olaylar\u0131n yolunda gitmedi\u011fine dair b\u00fcy\u00fcyen bir inan\u00e7 ve s\u00f6ylem geli\u015fmektedir<\/p>","protected":false},"featured_media":3781,"template":"","meta":{"spay_email":""},"product_cat":[173],"product_tag":[],"item":[335],"acf":[],"_links":{"self":[{"href":"https:\/\/mgvpublications.com\/de\/wp-json\/wp\/v2\/product\/3737"}],"collection":[{"href":"https:\/\/mgvpublications.com\/de\/wp-json\/wp\/v2\/product"}],"about":[{"href":"https:\/\/mgvpublications.com\/de\/wp-json\/wp\/v2\/types\/product"}],"wp:featuredmedia":[{"embeddable":true,"href":"https:\/\/mgvpublications.com\/de\/wp-json\/wp\/v2\/media\/3781"}],"wp:attachment":[{"href":"https:\/\/mgvpublications.com\/de\/wp-json\/wp\/v2\/media?parent=3737"}],"wp:term":[{"taxonomy":"product_cat","embeddable":true,"href":"https:\/\/mgvpublications.com\/de\/wp-json\/wp\/v2\/product_cat?post=3737"},{"taxonomy":"product_tag","embeddable":true,"href":"https:\/\/mgvpublications.com\/de\/wp-json\/wp\/v2\/product_tag?post=3737"},{"taxonomy":"item","embeddable":true,"href":"https:\/\/mgvpublications.com\/de\/wp-json\/wp\/v2\/item?post=3737"}],"curies":[{"name":"wp","href":"https:\/\/api.w.org\/{rel}","templated":true}]}}