{"id":3736,"date":"2020-12-01T15:00:02","date_gmt":"2020-12-01T14:00:02","guid":{"rendered":"https:\/\/dev2.mgvpublications.com\/produkt\/import-placeholder-for-6084\/"},"modified":"2022-03-08T22:29:32","modified_gmt":"2022-03-08T21:29:32","slug":"coele-inen-nur","status":"publish","type":"product","link":"https:\/\/mgvpublications.com\/de\/coele-inen-nur\/","title":{"rendered":"\u00c7\u00f6le \u0130nen Nur"},"content":{"rendered":"<p>Yay\u0131n Tarihi: 01.04.2013<br \/>ISBN: 9789758180035<br \/>Dil: T\u00dcRK\u00c7E<br \/>Sayfa Say\u0131s\u0131: 608<br \/>Cilt Tipi: Karton Kapak<br \/>Ka\u011f\u0131t Cinsi: Kitap Ka\u011f\u0131d\u0131<br \/>Boyut: 12.5 x 19.5 cm<\/p>","protected":false},"excerpt":{"rendered":"<p>\u0130zin ver; onu bir kere de ben anlatay\u0131m! \u0130zin ver; herkesin boyuna g\u00f6re a\u00e7\u0131ld\u0131\u011f\u0131 bu ufuksuz denizde sana yakla\u015fabilmek de\u011fil, fakat k\u0131y\u0131lardan, gerilerden yani kendimden uzakla\u015fabilmak manas\u0131na bir kere de ben g\u00fcc\u00fcm\u00fc deneyeyim! \u00d6yle ki, sahili kaybetsem, art\u0131k gerilere d\u00f6nemesem ve sende bo\u011fulsam, i\u015fte o zaman arad\u0131\u011f\u0131m hayat\u0131n e\u015fi\u011fine ayak basm\u0131\u015f olurum.<\/p>","protected":false},"featured_media":22016,"template":"","meta":{"spay_email":""},"product_cat":[174],"product_tag":[],"item":[383],"acf":[],"_links":{"self":[{"href":"https:\/\/mgvpublications.com\/de\/wp-json\/wp\/v2\/product\/3736"}],"collection":[{"href":"https:\/\/mgvpublications.com\/de\/wp-json\/wp\/v2\/product"}],"about":[{"href":"https:\/\/mgvpublications.com\/de\/wp-json\/wp\/v2\/types\/product"}],"wp:featuredmedia":[{"embeddable":true,"href":"https:\/\/mgvpublications.com\/de\/wp-json\/wp\/v2\/media\/22016"}],"wp:attachment":[{"href":"https:\/\/mgvpublications.com\/de\/wp-json\/wp\/v2\/media?parent=3736"}],"wp:term":[{"taxonomy":"product_cat","embeddable":true,"href":"https:\/\/mgvpublications.com\/de\/wp-json\/wp\/v2\/product_cat?post=3736"},{"taxonomy":"product_tag","embeddable":true,"href":"https:\/\/mgvpublications.com\/de\/wp-json\/wp\/v2\/product_tag?post=3736"},{"taxonomy":"item","embeddable":true,"href":"https:\/\/mgvpublications.com\/de\/wp-json\/wp\/v2\/item?post=3736"}],"curies":[{"name":"wp","href":"https:\/\/api.w.org\/{rel}","templated":true}]}}