{"id":3735,"date":"2019-04-02T22:43:17","date_gmt":"2019-04-02T20:43:17","guid":{"rendered":"https:\/\/dev2.mgvpublications.com\/produkt\/import-placeholder-for-6083\/"},"modified":"2022-03-08T22:29:29","modified_gmt":"2022-03-08T21:29:29","slug":"cografyada-grili-savas","status":"publish","type":"product","link":"https:\/\/mgvpublications.com\/de\/cografyada-grili-savas\/","title":{"rendered":"Co\u011frafyada Grili Sava\u015f"},"content":{"rendered":"<p>Yay\u0131n Tarihi 2017-03-03<br \/>\nISBN 6055000929<br \/>\nBask\u0131 Say\u0131s\u0131 1. Bask\u0131<br \/>\nDil T\u00dcRK\u00c7E<br \/>\nSayfa Say\u0131s\u0131 93<br \/>\nCilt Tipi Karton Kapak<br \/>\nKa\u011f\u0131t Cinsi Kitap Ka\u011f\u0131d\u0131<br \/>\nBoyut 13.5 x 21 cm<\/p>","protected":false},"excerpt":{"rendered":"<p>Zihnimden a\u015fa\u011f\u0131 y\u0131\u011f\u0131lan c\u00fcmlelere arad\u0131\u011f\u0131m hikayeleri buldum. Dam\u0131tt\u0131\u011f\u0131m k\u00fc\u00e7\u00fck hikayelerden y\u00fcrek dolusu \u00f6yk\u00fcler do\u011fdu. Nabz\u0131n\u0131n ritmini virg\u00fclleyecek, bilincini s\u00fcr\u00fckleyecek sonra da bir kenara ge\u00e7ip seni dinleyecek.<br \/>\nEvet! Evet!Kay\u0131p hikayeler var bu sayfalarda. K\u0131rm\u0131z\u0131 bodur tramvay\u0131n ard\u0131na sen de tak\u0131lacaks\u0131n. Bronz tenli k\u00fc\u00e7\u00fck bir k\u0131z\u0131n el izleri, \u015fehidin kapanan perdesi, g\u00f6lgeye sar\u0131lan y\u00fcrekler, k\u0131\u015f\u0131 baharla silecek umutlar var. B\u0131\u00e7ak a\u011fz\u0131 gibi keskin, \u015fal\u0131n rengi gibi narin, ruhunda iz b\u0131rakacak ortak \u00f6yk\u00fcler var. Hepsi benden de\u011fil burada senin de hikayen var. Hadi sayfalar\u0131 \u00e7evir ve soluklan.<br \/>\nSahi k\u0131rm\u0131z\u0131 bodur tramvaya bindin mi hi\u00e7?<\/p>","protected":false},"featured_media":3779,"template":"","meta":{"spay_email":""},"product_cat":[168],"product_tag":[],"item":[335],"acf":[],"_links":{"self":[{"href":"https:\/\/mgvpublications.com\/de\/wp-json\/wp\/v2\/product\/3735"}],"collection":[{"href":"https:\/\/mgvpublications.com\/de\/wp-json\/wp\/v2\/product"}],"about":[{"href":"https:\/\/mgvpublications.com\/de\/wp-json\/wp\/v2\/types\/product"}],"wp:featuredmedia":[{"embeddable":true,"href":"https:\/\/mgvpublications.com\/de\/wp-json\/wp\/v2\/media\/3779"}],"wp:attachment":[{"href":"https:\/\/mgvpublications.com\/de\/wp-json\/wp\/v2\/media?parent=3735"}],"wp:term":[{"taxonomy":"product_cat","embeddable":true,"href":"https:\/\/mgvpublications.com\/de\/wp-json\/wp\/v2\/product_cat?post=3735"},{"taxonomy":"product_tag","embeddable":true,"href":"https:\/\/mgvpublications.com\/de\/wp-json\/wp\/v2\/product_tag?post=3735"},{"taxonomy":"item","embeddable":true,"href":"https:\/\/mgvpublications.com\/de\/wp-json\/wp\/v2\/item?post=3735"}],"curies":[{"name":"wp","href":"https:\/\/api.w.org\/{rel}","templated":true}]}}