{"id":3731,"date":"2019-04-02T22:43:17","date_gmt":"2019-04-02T20:43:17","guid":{"rendered":"https:\/\/dev2.mgvpublications.com\/produkt\/import-placeholder-for-6078\/"},"modified":"2022-03-08T22:29:28","modified_gmt":"2022-03-08T21:29:28","slug":"cinnetim-cennetimdir","status":"publish","type":"product","link":"https:\/\/mgvpublications.com\/de\/cinnetim-cennetimdir\/","title":{"rendered":"Cinnetim Cennetimdir"},"content":{"rendered":"<p>Yay\u0131n Tarihi\t2013-12-16<br \/>\nISBN\t6058835764<br \/>\nBask\u0131 Say\u0131s\u0131\t1. Bask\u0131<br \/>\nDil\tT\u00dcRK\u00c7E<br \/>\nSayfa Say\u0131s\u0131\t128<br \/>\nCilt Tipi\tKarton Kapak<br \/>\nKa\u011f\u0131t Cinsi\tKitap Ka\u011f\u0131d\u0131<br \/>\nBoyut\t13.5 x 19.5 cm<\/p>","protected":false},"excerpt":{"rendered":"<p>Cesaret arkada\u015f\u0131m, k\u0131zmam inan.<\/p>\n<p>Neleri atlatt\u0131m bir bilsen.<\/p>\n<p>Hadi, k\u0131p\u0131rdat dudaklar\u0131n\u0131.<\/p>\n<p>S\u0131k\u0131lma. <\/p>\n<p>Seviyorsan \u201cElma\u201d de.<\/p>\n<p>De\u011filse hi\u00e7bir \u015fey deme.<\/p>\n<p>\u00d6ylece kalal\u0131m burada.<\/p>\n<p>Ya da sen git&#8230;.<\/p>\n<p>Hi\u00e7 gecikme&#8230;<\/p>","protected":false},"featured_media":3775,"template":"","meta":{"spay_email":""},"product_cat":[175],"product_tag":[],"item":[447],"acf":[],"_links":{"self":[{"href":"https:\/\/mgvpublications.com\/de\/wp-json\/wp\/v2\/product\/3731"}],"collection":[{"href":"https:\/\/mgvpublications.com\/de\/wp-json\/wp\/v2\/product"}],"about":[{"href":"https:\/\/mgvpublications.com\/de\/wp-json\/wp\/v2\/types\/product"}],"wp:featuredmedia":[{"embeddable":true,"href":"https:\/\/mgvpublications.com\/de\/wp-json\/wp\/v2\/media\/3775"}],"wp:attachment":[{"href":"https:\/\/mgvpublications.com\/de\/wp-json\/wp\/v2\/media?parent=3731"}],"wp:term":[{"taxonomy":"product_cat","embeddable":true,"href":"https:\/\/mgvpublications.com\/de\/wp-json\/wp\/v2\/product_cat?post=3731"},{"taxonomy":"product_tag","embeddable":true,"href":"https:\/\/mgvpublications.com\/de\/wp-json\/wp\/v2\/product_tag?post=3731"},{"taxonomy":"item","embeddable":true,"href":"https:\/\/mgvpublications.com\/de\/wp-json\/wp\/v2\/item?post=3731"}],"curies":[{"name":"wp","href":"https:\/\/api.w.org\/{rel}","templated":true}]}}