{"id":3710,"date":"2019-04-02T22:43:17","date_gmt":"2019-04-02T20:43:17","guid":{"rendered":"https:\/\/dev2.mgvpublications.com\/produkt\/import-placeholder-for-6076\/"},"modified":"2022-03-08T22:29:28","modified_gmt":"2022-03-08T21:29:28","slug":"cezasiz-egitim-2","status":"publish","type":"product","link":"https:\/\/mgvpublications.com\/de\/cezasiz-egitim-2\/","title":{"rendered":"Cezas\u0131z E\u011fitim 2"},"content":{"rendered":"<p>Yay\u0131n Tarihi 2018-12-20<br \/>\nISBN 6050828757<br \/>\nBask\u0131 Say\u0131s\u0131 2. Bask\u0131<br \/>\nDil T\u00dcRK\u00c7E<br \/>\nSayfa Say\u0131s\u0131 232<br \/>\nCilt Tipi Karton Kapak<br \/>\nKa\u011f\u0131t Cinsi Kitap Ka\u011f\u0131d\u0131<br \/>\nBoyut 15.5 x 21.5 cm<\/p>","protected":false},"excerpt":{"rendered":"<p>\u00c7ocuk bir t\u00fcrl\u00fc s\u00f6z dinlemiyor, karde\u015fine k\u00f6t\u00fc davran\u0131yorsa\u2026<br \/>\n\u00d6devini yapm\u0131yor, okuldan s\u00fcrekli \u015fik\u00e2yet geliyorsa\u2026<br \/>\nAile i\u00e7indeki sorumluluklar\u0131n\u0131 yerine getirmiyor, yeti\u015fkinlere sayg\u0131s\u0131zl\u0131k yap\u0131yorsa\u2026<br \/>\n\u201cBu davran\u0131\u015flar\u0131n kar\u015f\u0131l\u0131\u011f\u0131n\u0131 g\u00f6rmeli,\u201d deyip cezaland\u0131rmal\u0131 m\u0131?<br \/>\nYoksa \u201cArt\u0131k ba\u015f edemiyorum,\u201d diye ilaca m\u0131 ba\u015flamal\u0131?<br \/>\nK\u0131zarak, azarlayarak, ceza vererek \u00e7ocu\u011fun davran\u0131\u015flar\u0131 d\u00fczeltilebilir mi? Yoksa ceza, yeti\u015fkinin \u00e7aresizlik g\u00f6sterisi midir?<br \/>\nEvet, ceza bir e\u011fitim arac\u0131 de\u011fil, bir a\u015fa\u011f\u0131lama davran\u0131\u015f\u0131d\u0131r\u2026<br \/>\nCezas\u0131z E\u011fitim kitab\u0131nda \u00e7ocukla \u00e7at\u0131\u015fman\u0131n onun ki\u015filik geli\u015fimini nas\u0131l etkiledi\u011fini, tepkisel hale getirdi\u011fini, \u00f6fke kontrol\u00fcn\u00fc bozdu\u011funu&#8230; Cezan\u0131n k\u0131sa vadede i\u015fe yarasa da uzun vadede \u00e7ocu\u011fa de\u011fersizlik hissi ya\u015fatt\u0131\u011f\u0131n\u0131 ayr\u0131nt\u0131lar\u0131yla anlatt\u0131k.<br \/>\nPeki, k\u0131zmadan, ceza vermeden \u00e7ocuk e\u011fitimi olur mu? Olursa nas\u0131l olur?<br \/>\nCezas\u0131z E\u011fitim 2\u2019de i\u015fte bu sorular\u0131n cevab\u0131n\u0131 arad\u0131k.<br \/>\nPedagog Adem G\u00fcne\u015f, Cezas\u0131z E\u011fitim 2&#8217;de \u2018\u00f6\u011frenme\u2019 yerine, \u2018edinmeyi\u2019 tarif etti. Edinebilmek i\u00e7in \u2018merak-heves-istek\u2019 \u00fc\u00e7l\u00fcs\u00fcn\u00fcn \u00f6nemini anlatt\u0131. \u2018Kal\u0131c\u0131 \u00d6\u011frenmenin \u00dc\u00e7 Derinlik Boyutu\u2019na de\u011findi.<br \/>\n\u00c7ocu\u011fun ki\u015filik geli\u015fimini \u00f6nemseyen anne babalar ve e\u011fitimcilerin bak\u0131\u015f a\u00e7\u0131s\u0131n\u0131 de\u011fi\u015ftirecek bir kitap\u2026<\/p>","protected":false},"featured_media":3759,"template":"","meta":{"spay_email":""},"product_cat":[171,172],"product_tag":[],"item":[360],"acf":[],"_links":{"self":[{"href":"https:\/\/mgvpublications.com\/de\/wp-json\/wp\/v2\/product\/3710"}],"collection":[{"href":"https:\/\/mgvpublications.com\/de\/wp-json\/wp\/v2\/product"}],"about":[{"href":"https:\/\/mgvpublications.com\/de\/wp-json\/wp\/v2\/types\/product"}],"wp:featuredmedia":[{"embeddable":true,"href":"https:\/\/mgvpublications.com\/de\/wp-json\/wp\/v2\/media\/3759"}],"wp:attachment":[{"href":"https:\/\/mgvpublications.com\/de\/wp-json\/wp\/v2\/media?parent=3710"}],"wp:term":[{"taxonomy":"product_cat","embeddable":true,"href":"https:\/\/mgvpublications.com\/de\/wp-json\/wp\/v2\/product_cat?post=3710"},{"taxonomy":"product_tag","embeddable":true,"href":"https:\/\/mgvpublications.com\/de\/wp-json\/wp\/v2\/product_tag?post=3710"},{"taxonomy":"item","embeddable":true,"href":"https:\/\/mgvpublications.com\/de\/wp-json\/wp\/v2\/item?post=3710"}],"curies":[{"name":"wp","href":"https:\/\/api.w.org\/{rel}","templated":true}]}}