{"id":3702,"date":"2019-04-02T22:43:16","date_gmt":"2019-04-02T20:43:16","guid":{"rendered":"https:\/\/dev2.mgvpublications.com\/produkt\/import-placeholder-for-6068\/"},"modified":"2022-03-08T22:29:25","modified_gmt":"2022-03-08T21:29:25","slug":"budala","status":"publish","type":"product","link":"https:\/\/mgvpublications.com\/de\/budala\/","title":{"rendered":"Budala"},"content":{"rendered":"<p>\u00c7evirmen:\tErgin Altay<br \/>\nYay\u0131n Tarihi\t2019-02-06<br \/>\nISBN\t6053604419<br \/>\nBask\u0131 Say\u0131s\u0131\t11. Bask\u0131<br \/>\nDil\tT\u00dcRK\u00c7E<br \/>\nSayfa Say\u0131s\u0131\t784<br \/>\nCilt Tipi\tKarton Kapak<br \/>\nKa\u011f\u0131t Cinsi\tKitap Ka\u011f\u0131d\u0131<br \/>\nBoyut\t12.5 x 20.5 cm<\/p>","protected":false},"excerpt":{"rendered":"<p>\u0130lk roman\u0131 \u0130nsanc\u0131klar 1846\u2019da yay\u0131mland\u0131. \u00dcnl\u00fc ele\u015ftirmen V. Belinski bu eser \u00fczerine Dostoyevski\u2019den gelece\u011fin b\u00fcy\u00fck yazar\u0131 olarak s\u00f6z etti. Ancak daha sonra yay\u0131mlanan \u00f6yk\u00fc ve romanlar\u0131, \u00e7a\u011f\u0131m\u0131zda edebiyat klasikleri aras\u0131nda yer alsa da, o d\u00f6nemde fazla ilgi g\u00f6rmedi. Yazar 1849\u2019da I. Nikola\u2019n\u0131n bask\u0131c\u0131 rejimine muhalif Petra\u015fevski grubunun \u00fcyesi oldu\u011fu gerek\u00e7esiyle tutukland\u0131. Kur\u015funa dizilmek \u00fczereyken cezas\u0131 s\u00fcrg\u00fcn ve zorunlu askerli\u011fe \u00e7evrildi.<\/p>\n<p>Cezas\u0131n\u0131 tamamlay\u0131p Sibirya\u2019dan d\u00f6nd\u00fckten sonra Petersburg\u2019da Vremya dergisini \u00e7\u0131karmaya ba\u015flad\u0131, yazd\u0131\u011f\u0131 romanlarla tekrar eski \u00fcn\u00fcne kavu\u015ftu. En \u00f6nemli eserlerinden Budala 1868-1869 y\u0131llar\u0131nda Russki Vestnik dergisinde tefrika edildi. Dostoyevski bu roman\u0131nda insan ruhunun labirentini \u00e7\u0131lg\u0131nl\u0131k, tutku ve hastal\u0131k prizmas\u0131nda k\u0131r\u0131lan g\u00f6r\u00fcnt\u00fcs\u00fcyle sergilemi\u015ftir<\/p>","protected":false},"featured_media":3751,"template":"","meta":{"spay_email":""},"product_cat":[167,168],"product_tag":[],"item":[336],"acf":[],"_links":{"self":[{"href":"https:\/\/mgvpublications.com\/de\/wp-json\/wp\/v2\/product\/3702"}],"collection":[{"href":"https:\/\/mgvpublications.com\/de\/wp-json\/wp\/v2\/product"}],"about":[{"href":"https:\/\/mgvpublications.com\/de\/wp-json\/wp\/v2\/types\/product"}],"wp:featuredmedia":[{"embeddable":true,"href":"https:\/\/mgvpublications.com\/de\/wp-json\/wp\/v2\/media\/3751"}],"wp:attachment":[{"href":"https:\/\/mgvpublications.com\/de\/wp-json\/wp\/v2\/media?parent=3702"}],"wp:term":[{"taxonomy":"product_cat","embeddable":true,"href":"https:\/\/mgvpublications.com\/de\/wp-json\/wp\/v2\/product_cat?post=3702"},{"taxonomy":"product_tag","embeddable":true,"href":"https:\/\/mgvpublications.com\/de\/wp-json\/wp\/v2\/product_tag?post=3702"},{"taxonomy":"item","embeddable":true,"href":"https:\/\/mgvpublications.com\/de\/wp-json\/wp\/v2\/item?post=3702"}],"curies":[{"name":"wp","href":"https:\/\/api.w.org\/{rel}","templated":true}]}}