{"id":3700,"date":"2020-12-01T14:54:03","date_gmt":"2020-12-01T13:54:03","guid":{"rendered":"https:\/\/dev2.mgvpublications.com\/produkt\/import-placeholder-for-6066\/"},"modified":"2022-04-08T06:19:23","modified_gmt":"2022-04-08T04:19:23","slug":"bu-uemmetin-genci","status":"publish","type":"product","link":"https:\/\/mgvpublications.com\/de\/bu-uemmetin-genci\/","title":{"rendered":"Bu \u00dcmmetin Genci"},"content":{"rendered":"<p>Yay\u0131n Tarihi: 05.04.2021<br \/>ISBN: 9786055271510<br \/>Dil: T\u00dcRK\u00c7E<br \/>Sayfa Say\u0131s\u0131: 224<br \/>Cilt Tipi: Karton Kapak<br \/>Ka\u011f\u0131t Cinsi: Kitap Ka\u011f\u0131d\u0131<br \/>Boyut: 13.5 x 21 cm<\/p>","protected":false},"excerpt":{"rendered":"<p>Arand\u0131\u011f\u0131 b\u00fct\u00fcn zamanlar\u0131 ve mek\u00e2nlar\u0131 doldurmay\u0131 sevda edinmi\u015f, \u2018Buraday\u0131m ey \u00fcmmetim\u2019 diye uykusuz kald\u0131\u011f\u0131 geceler boyunca, Azim ve \u00e7al\u0131\u015fma abidesi olarak meleklerin \u00f6n\u00fcnde \u00e7\u0131rp\u0131nd\u0131\u011f\u0131 her yerde, \u2018\u0130\u015fi vaktinden \u00e7ok\u2019 bir gen\u00e7, M\u00fc\u2019min, Salih amelli, B\u00fcy\u00fck emelli, Ya\u015f\u0131 ile de\u011fil azmi ile de\u011ferlendirilen, Okur, d\u00fc\u015f\u00fcn\u00fcr, konu\u015fur, Dili Kur\u2019an\u2019l\u0131, G\u00f6z\u00fc basiretli, Eli nas\u0131rl\u0131, Haramlar\u0131n kirletmedi\u011fi, hayallerin \u00e7\u00f6kertmedi\u011fi, Kullara kulluk d\u00fczeyinden Allah\u2019a kulluk d\u00fczeyine y\u00fckselmi\u015f, Ar\u015f\u2019\u0131n g\u00f6lgesine ermeden soluklanmayan m\u00fcbarek gence ithaft\u0131r. Bu kitap, ona bir duad\u0131r. Bu, ona s\u00f6ylenecek s\u00f6zlerin \u00f6z\u00fcd\u00fcr, \u00f6n s\u00f6z\u00fcd\u00fcr.<\/p>","protected":false},"featured_media":23156,"template":"","meta":{"spay_email":""},"product_cat":[174],"product_tag":[],"item":[363],"acf":[],"_links":{"self":[{"href":"https:\/\/mgvpublications.com\/de\/wp-json\/wp\/v2\/product\/3700"}],"collection":[{"href":"https:\/\/mgvpublications.com\/de\/wp-json\/wp\/v2\/product"}],"about":[{"href":"https:\/\/mgvpublications.com\/de\/wp-json\/wp\/v2\/types\/product"}],"wp:featuredmedia":[{"embeddable":true,"href":"https:\/\/mgvpublications.com\/de\/wp-json\/wp\/v2\/media\/23156"}],"wp:attachment":[{"href":"https:\/\/mgvpublications.com\/de\/wp-json\/wp\/v2\/media?parent=3700"}],"wp:term":[{"taxonomy":"product_cat","embeddable":true,"href":"https:\/\/mgvpublications.com\/de\/wp-json\/wp\/v2\/product_cat?post=3700"},{"taxonomy":"product_tag","embeddable":true,"href":"https:\/\/mgvpublications.com\/de\/wp-json\/wp\/v2\/product_tag?post=3700"},{"taxonomy":"item","embeddable":true,"href":"https:\/\/mgvpublications.com\/de\/wp-json\/wp\/v2\/item?post=3700"}],"curies":[{"name":"wp","href":"https:\/\/api.w.org\/{rel}","templated":true}]}}