{"id":3699,"date":"2020-12-01T14:54:03","date_gmt":"2020-12-01T13:54:03","guid":{"rendered":"https:\/\/dev2.mgvpublications.com\/produkt\/import-placeholder-for-6065\/"},"modified":"2022-05-31T11:44:32","modified_gmt":"2022-05-31T09:44:32","slug":"bu-uelke","status":"publish","type":"product","link":"https:\/\/mgvpublications.com\/de\/bu-uelke\/","title":{"rendered":"Bu \u00dclke"},"content":{"rendered":"<p>Yay\u0131n Tarihi: 04.10.2021<br \/>ISBN: 9789754702811<br \/>Bask\u0131 Say\u0131s\u0131: Mahmut Ali Meri\u00e7<br \/>Dil: T\u00dcRK\u00c7E<br \/>Sayfa Say\u0131s\u0131: 339<br \/>Cilt Tipi: Karton Kapak<br \/>Ka\u011f\u0131t Cinsi: 3. Hm. Ka\u011f\u0131t<br \/>Boyut: 13 x 19 cm<br \/>Derleyici: Mahmut Ali Meri\u00e7<\/p>","protected":false},"excerpt":{"rendered":"<p>Meri\u00e7\u2019in \u201cayn\u0131 kaynaktan f\u0131\u015fk\u0131rd\u0131lar\u201d dedi\u011fi eserler dizisinin \u00f6nemli bir halkas\u0131. Bir \u00e7a\u011f\u0131n, bir \u00fclkenin vicdan\u0131 olmak iste\u011fi Meri\u00e7\u2019in b\u00fct\u00fcn \u00e7abas\u0131na her zaman y\u00f6n vermi\u015ftir: \u201cBu sayfalarda hayat\u0131m\u0131n b\u00fct\u00fcn\u00fc, yani b\u00fct\u00fcn sevgilerim, b\u00fct\u00fcn kinlerim, b\u00fct\u00fcn tecr\u00fcbelerim var. Bana \u00f6yle geliyor ki, hayat denen m\u00fclakata bu kitab\u0131 yazmak i\u00e7in geldim; etimin eti, kemi\u011fimin kemi\u011fi.\u201d Bu \u00dclke, Meri\u00e7\u2019in s\u00fcrekli etraf\u0131nda doland\u0131\u011f\u0131 Do\u011fu-Bat\u0131 sorunu yan\u0131nda, sol-sa\u011f kutupla\u015fmas\u0131na ve kal\u0131pla\u015fmas\u0131na ili\u015fkin \u00f6nemli tesbit ve aforizmalar\u0131n\u0131 da i\u00e7eriyor.<\/p>","protected":false},"featured_media":22470,"template":"","meta":{"spay_email":""},"product_cat":[1588],"product_tag":[],"item":[365],"acf":[],"_links":{"self":[{"href":"https:\/\/mgvpublications.com\/de\/wp-json\/wp\/v2\/product\/3699"}],"collection":[{"href":"https:\/\/mgvpublications.com\/de\/wp-json\/wp\/v2\/product"}],"about":[{"href":"https:\/\/mgvpublications.com\/de\/wp-json\/wp\/v2\/types\/product"}],"wp:featuredmedia":[{"embeddable":true,"href":"https:\/\/mgvpublications.com\/de\/wp-json\/wp\/v2\/media\/22470"}],"wp:attachment":[{"href":"https:\/\/mgvpublications.com\/de\/wp-json\/wp\/v2\/media?parent=3699"}],"wp:term":[{"taxonomy":"product_cat","embeddable":true,"href":"https:\/\/mgvpublications.com\/de\/wp-json\/wp\/v2\/product_cat?post=3699"},{"taxonomy":"product_tag","embeddable":true,"href":"https:\/\/mgvpublications.com\/de\/wp-json\/wp\/v2\/product_tag?post=3699"},{"taxonomy":"item","embeddable":true,"href":"https:\/\/mgvpublications.com\/de\/wp-json\/wp\/v2\/item?post=3699"}],"curies":[{"name":"wp","href":"https:\/\/api.w.org\/{rel}","templated":true}]}}