{"id":3698,"date":"2020-12-01T14:54:03","date_gmt":"2020-12-01T13:54:03","guid":{"rendered":"https:\/\/dev2.mgvpublications.com\/produkt\/import-placeholder-for-6064\/"},"modified":"2022-03-08T22:29:24","modified_gmt":"2022-03-08T21:29:24","slug":"bu-caga-rapor","status":"publish","type":"product","link":"https:\/\/mgvpublications.com\/de\/bu-caga-rapor\/","title":{"rendered":"Bu \u00c7a\u011fa Rapor"},"content":{"rendered":"<p>Yay\u0131n Tarihi: 11.02.2021<br \/>ISBN: 9786055271480<br \/>Dil: T\u00dcRK\u00c7E<br \/>Sayfa Say\u0131s\u0131: 184<br \/>Cilt Tipi: Karton Kapak<br \/>Ka\u011f\u0131t Cinsi: Kitap Ka\u011f\u0131d\u0131<br \/>Boyut: 13.5 x 21 cm<\/p>","protected":false},"excerpt":{"rendered":"<p>On d\u00f6rt as\u0131rdan beri insanl\u0131k bu \u00fcmmetin \u00f6nderli\u011finde insanl\u0131\u011f\u0131n hazz\u0131n\u0131 ya\u015farken i\u00e7inde bulundu\u011fumuz bu y\u00fczy\u0131lda ne yaz\u0131k ki derinlik a\u00e7\u0131s\u0131 b\u00fcy\u00fcyen olaylar kar\u015f\u0131s\u0131nda m\u00fcmin insanlar\u0131n kalp d\u00fcnyalar\u0131nda olu\u015fan yaralar\u0131n kanamas\u0131 git gide artarak devam etmektedir. Gelen her g\u00fcn yeni bir sorun yuma\u011f\u0131 ile gelmektedir. Dinimizin umudumuz olmas\u0131 gerekirken sorun nedenimiz olabilece\u011fi evham\u0131 insanlar\u0131 ku\u015fatm\u0131\u015ft\u0131r. Bu da insanlar\u0131n iman ettikleri Kur&#8217;an ve s\u00fcnnetin etraf\u0131nda bilin\u00e7li-bilin\u00e7siz teredd\u00fctler olu\u015fturmas\u0131na sebep olmaktad\u0131r. B\u00fct\u00fcn zamanlar ve mek\u00e2nlar Allah&#8217;\u0131nd\u0131r. Onun otoritesinin cari olmad\u0131\u011f\u0131 bir zaman ve mek\u00e2ndan s\u00f6z edilemez. Bu zaman\u0131 ve bu zamandaki geli\u015fmeleri yaratan Allah&#8217;t\u0131r. Dini olan \u0130slam&#8217;\u0131 ve o dinin kitab\u0131 Kur&#8217;an&#8217;\u0131 bu zamana ve zaman\u0131n nesline yetecek \u015fekilde g\u00f6nderen de odur. Sorunlar ve s\u0131k\u0131nt\u0131lar ne olursa olsun bu zamanda dinimizi ve dinimizin kaynaklar\u0131n\u0131 bize yeter g\u00f6rmemiz m\u00fcmin olmam\u0131z\u0131n zorunlu \u015fart\u0131d\u0131r. Her ne kadar insanlar bunun aksi bir iddiada bulunmuyorlarsa da zihin d\u00fcnyam\u0131zdaki bulan\u0131kl\u0131klar iyi okundu\u011funda b\u00f6yle bir durum i\u015flenebilmektedir. Zaman\u0131 ve \u015fartlar\u0131 okuyabilmeyi, m\u00fcmince yorumlayabilmeyi, abdest ve namaz gibi \u00f6\u011fretmeyi &#8216;din e\u011fitimi&#8217; olarak g\u00f6rmemiz gerekmektedir. Dinimizi b\u00fct\u00fcn zamanlar\u0131n ve b\u00fct\u00fcn mek\u00e2nlar\u0131n dini olarak bilmemizin sonucudur bu.<\/p>","protected":false},"featured_media":20270,"template":"","meta":{"spay_email":""},"product_cat":[174],"product_tag":[],"item":[363],"acf":[],"_links":{"self":[{"href":"https:\/\/mgvpublications.com\/de\/wp-json\/wp\/v2\/product\/3698"}],"collection":[{"href":"https:\/\/mgvpublications.com\/de\/wp-json\/wp\/v2\/product"}],"about":[{"href":"https:\/\/mgvpublications.com\/de\/wp-json\/wp\/v2\/types\/product"}],"wp:featuredmedia":[{"embeddable":true,"href":"https:\/\/mgvpublications.com\/de\/wp-json\/wp\/v2\/media\/20270"}],"wp:attachment":[{"href":"https:\/\/mgvpublications.com\/de\/wp-json\/wp\/v2\/media?parent=3698"}],"wp:term":[{"taxonomy":"product_cat","embeddable":true,"href":"https:\/\/mgvpublications.com\/de\/wp-json\/wp\/v2\/product_cat?post=3698"},{"taxonomy":"product_tag","embeddable":true,"href":"https:\/\/mgvpublications.com\/de\/wp-json\/wp\/v2\/product_tag?post=3698"},{"taxonomy":"item","embeddable":true,"href":"https:\/\/mgvpublications.com\/de\/wp-json\/wp\/v2\/item?post=3698"}],"curies":[{"name":"wp","href":"https:\/\/api.w.org\/{rel}","templated":true}]}}