{"id":3696,"date":"2019-04-02T22:43:16","date_gmt":"2019-04-02T20:43:16","guid":{"rendered":"https:\/\/dev2.mgvpublications.com\/produkt\/import-placeholder-for-6062\/"},"modified":"2022-04-07T15:15:45","modified_gmt":"2022-04-07T13:15:45","slug":"birakin-yueruesuen-serceler","status":"publish","type":"product","link":"https:\/\/mgvpublications.com\/de\/birakin-yueruesuen-serceler\/","title":{"rendered":"B\u0131rak\u0131n Y\u00fcr\u00fcs\u00fcn Ser\u00e7eler"},"content":{"rendered":"<p>Yay\u0131n Tarihi 2015-06-18<br \/>\nISBN 6055000493<br \/>\nBask\u0131 Say\u0131s\u0131 1. Bask\u0131<br \/>\nDil T\u00dcRK\u00c7E<br \/>\nSayfa Say\u0131s\u0131 64<br \/>\nCilt Tipi Karton Kapak<br \/>\nKa\u011f\u0131t Cinsi Kitap Ka\u011f\u0131d\u0131<br \/>\nBoyut 13.5 x 21 cm<\/p>","protected":false},"excerpt":{"rendered":"<p>\u015eik\u00e2yet makam\u0131nda de\u011filim, t\u00fcm r\u00fctbelerimi kuru temizlemeye verdim. 15 g\u00fcn i\u00e7erisinde al\u0131nmayan elbiselerden sorumlu de\u011filiz yaz\u0131yordu duvarda. &#8220;Siz sorumlu de\u011filseniz ben hi\u00e7 sorumlu de\u011filim.\u201d Ben g\u00f6ky\u00fcz\u00fcne bakaca\u011f\u0131m bundan sonra. Siz ne haliniz varsa g\u00f6rebilirsiniz.<\/p>","protected":false},"featured_media":3726,"template":"","meta":{"spay_email":""},"product_cat":[168],"product_tag":[],"item":[335],"acf":[],"_links":{"self":[{"href":"https:\/\/mgvpublications.com\/de\/wp-json\/wp\/v2\/product\/3696"}],"collection":[{"href":"https:\/\/mgvpublications.com\/de\/wp-json\/wp\/v2\/product"}],"about":[{"href":"https:\/\/mgvpublications.com\/de\/wp-json\/wp\/v2\/types\/product"}],"wp:featuredmedia":[{"embeddable":true,"href":"https:\/\/mgvpublications.com\/de\/wp-json\/wp\/v2\/media\/3726"}],"wp:attachment":[{"href":"https:\/\/mgvpublications.com\/de\/wp-json\/wp\/v2\/media?parent=3696"}],"wp:term":[{"taxonomy":"product_cat","embeddable":true,"href":"https:\/\/mgvpublications.com\/de\/wp-json\/wp\/v2\/product_cat?post=3696"},{"taxonomy":"product_tag","embeddable":true,"href":"https:\/\/mgvpublications.com\/de\/wp-json\/wp\/v2\/product_tag?post=3696"},{"taxonomy":"item","embeddable":true,"href":"https:\/\/mgvpublications.com\/de\/wp-json\/wp\/v2\/item?post=3696"}],"curies":[{"name":"wp","href":"https:\/\/api.w.org\/{rel}","templated":true}]}}