{"id":3676,"date":"2019-04-02T22:43:16","date_gmt":"2019-04-02T20:43:16","guid":{"rendered":"https:\/\/dev2.mgvpublications.com\/produkt\/import-placeholder-for-6059\/"},"modified":"2025-04-27T00:27:57","modified_gmt":"2025-04-26T22:27:57","slug":"bir-umut-bir-mektup-2","status":"publish","type":"product","link":"https:\/\/mgvpublications.com\/de\/bir-umut-bir-mektup-2\/","title":{"rendered":"Bir Umut Bir Mektup &#8211; 2"},"content":{"rendered":"<p>Yay\u0131n Tarihi: 24.05.2017<br \/>ISBN: 9786055271305<br \/>Dil: T\u00dcRK\u00c7E<br \/>Sayfa Say\u0131s\u0131: 339<br \/>Cilt Tipi: Karton Kapak<br \/>Ka\u011f\u0131t Cinsi: Kitap Ka\u011f\u0131d\u0131<br \/>Boyut: 15.5 x 22.5 cm<\/p>","protected":false},"excerpt":{"rendered":"<p>Mahrem aile konular\u0131ndan toplum hayat\u0131n\u0131n getirdi\u011fi s\u0131k\u0131nt\u0131l\u0131 a\u00e7mazlara, iffetli kalmaktan onurlu ya\u015famaya kadar bir M\u00fcsl\u00fcman\u2019\u0131n her ya\u015f ve \u015fartta kar\u015f\u0131la\u015fabilece\u011fi problemlere y\u0131llard\u0131r fetvameclisi.com \u00fczerinden gelen sorularla cevaplar veren Nureddin Y\u0131ld\u0131z Hoca, bir\u00e7o\u011fu rehber g\u00f6revi g\u00f6rebilecek bu mektuplar\u0131 kitapla\u015ft\u0131rd\u0131. Elinizdeki eser, toplumun her kesiminden ve farkl\u0131 meslek alanlar\u0131ndan gelen y\u00fczlerce soru i\u00e7inden se\u00e7ilerek haz\u0131rland\u0131. Eserde, derdine serin bir umut arayan yan\u0131k y\u00fcreklerin aray\u0131\u015flar\u0131na Nureddin Y\u0131ld\u0131z\u2019\u0131n kaleminden ufuk a\u00e7\u0131c\u0131 cevaplar okuyacaks\u0131n\u0131z.\u201d<\/p>","protected":false},"featured_media":23169,"template":"","meta":{"spay_email":""},"product_cat":[174],"product_tag":[],"item":[363],"acf":[],"_links":{"self":[{"href":"https:\/\/mgvpublications.com\/de\/wp-json\/wp\/v2\/product\/3676"}],"collection":[{"href":"https:\/\/mgvpublications.com\/de\/wp-json\/wp\/v2\/product"}],"about":[{"href":"https:\/\/mgvpublications.com\/de\/wp-json\/wp\/v2\/types\/product"}],"wp:featuredmedia":[{"embeddable":true,"href":"https:\/\/mgvpublications.com\/de\/wp-json\/wp\/v2\/media\/23169"}],"wp:attachment":[{"href":"https:\/\/mgvpublications.com\/de\/wp-json\/wp\/v2\/media?parent=3676"}],"wp:term":[{"taxonomy":"product_cat","embeddable":true,"href":"https:\/\/mgvpublications.com\/de\/wp-json\/wp\/v2\/product_cat?post=3676"},{"taxonomy":"product_tag","embeddable":true,"href":"https:\/\/mgvpublications.com\/de\/wp-json\/wp\/v2\/product_tag?post=3676"},{"taxonomy":"item","embeddable":true,"href":"https:\/\/mgvpublications.com\/de\/wp-json\/wp\/v2\/item?post=3676"}],"curies":[{"name":"wp","href":"https:\/\/api.w.org\/{rel}","templated":true}]}}