{"id":3674,"date":"2019-04-02T22:43:16","date_gmt":"2019-04-02T20:43:16","guid":{"rendered":"https:\/\/dev2.mgvpublications.com\/produkt\/import-placeholder-for-6057\/"},"modified":"2022-03-08T22:29:22","modified_gmt":"2022-03-08T21:29:22","slug":"kafes-bir-ekonomik-tetikcinin-itiraflari-4","status":"publish","type":"product","link":"https:\/\/mgvpublications.com\/de\/kafes-bir-ekonomik-tetikcinin-itiraflari-4\/","title":{"rendered":"Kafes \/ Bir Ekonomik Tetik\u00e7inin \u0130tiraflar\u0131 4"},"content":{"rendered":"<p>\u00c7evirmen:\tMurat Kay\u0131<br \/>\nYay\u0131n Tarihi\t2018-09-11<br \/>\nOrjinal Ad\u0131\tHoodwinked<br \/>\nISBN\t6056006702<br \/>\nBask\u0131 Say\u0131s\u0131\t6. Bask\u0131<br \/>\nDil\tT\u00dcRK\u00c7E<br \/>\nSayfa Say\u0131s\u0131\t254<br \/>\nCilt Tipi\tKarton Kapak<br \/>\nKa\u011f\u0131t Cinsi\tKitap Ka\u011f\u0131d\u0131<br \/>\nBoyut\t14 x 21 cm<\/p>","protected":false},"excerpt":{"rendered":"<p>\u00dcZER\u0130NE D\u00dc\u015eEN\u0130 YAPMALISIN!<\/p>\n<p>Sistem kontrolden \u00e7\u0131kt\u0131.<br \/>\nYery\u00fcz\u00fcn\u00fcn insan ve do\u011fal kaynaklar\u0131n\u0131 milletlerin se\u00e7ti\u011fi h\u00fck\u00fcmetler de\u011fil,CEO&#8217;lar y\u00f6netiyor.<\/p>\n<p>Medyay\u0131, akademileri, sivil toplum \u00f6rg\u00fctlerini y\u00f6nettikleri gibi.<br \/>\nA\u00e7l\u0131\u011f\u0131n, cehaletin, sava\u015flar\u0131n, adaletsizli\u011fin tam ortas\u0131nda hepimiz d\u00fczenin birer par\u00e7as\u0131y\u0131z.<\/p>\n<p>Kabul etmedi\u011fimiz ger\u00e7ek ise \u015fu:<br \/>\nS\u00fcrekli ele\u015ftirdi\u011fimiz sistemin &#8216;t\u00fcketici&#8217; olarak vazge\u00e7ilmeziyiz.<\/p>\n<p>B\u00fcy\u00fck komplo teorilerini bir kenara b\u0131rak\u0131p sisteme a\u011f\u0131rl\u0131\u011f\u0131m\u0131z\u0131 koymam\u0131z\u0131n zaman\u0131 geldi.<\/p>\n<p>Forbes 500 listesini insana, do\u011faya, hayata kar\u015f\u0131 adil \u015firketlerle, organizasyonlarla, \u00f6rg\u00fctlerle doldural\u0131m.<\/p>\n<p>Bir Ekonomik Tetik\u00e7inin \u0130tiraflar\u0131 ile t\u00fcm d\u00fcnyay\u0131 b\u00fcy\u00fck uykudan uyand\u0131ran John Perkins, \u00f6nceki kitaplar\u0131nda ve Zeitgeist&#8217;te anlatt\u0131klar\u0131n\u0131 son y\u0131llar\u0131n ger\u00e7ekleriyle birle\u015ftiriyor. B\u00fcy\u00fck Resim&#8217;i \u00f6n\u00fcm\u00fcze koyuyor.<br \/>\nGer\u00e7ek\u00e7i, hayata ge\u00e7irilmi\u015f ve ge\u00e7irilebilir \u00e7\u00f6z\u00fcmler \u00f6neriyor.<\/p>\n<p>\u201cJohn Perkins, Kafes\u2019te, derin analizler ve dramatik hikayelerle d\u00fcnyay\u0131 ayd\u0131nlatmakla kalmay\u0131p, daha iyi bir toplum yaratmam\u0131z i\u00e7in bize pratik \u00f6nerilerde bulunuyor.\u201d<br \/>\n-Howard Zinn<\/p>","protected":false},"featured_media":3721,"template":"","meta":{"spay_email":""},"product_cat":[168],"product_tag":[],"item":[440],"acf":[],"_links":{"self":[{"href":"https:\/\/mgvpublications.com\/de\/wp-json\/wp\/v2\/product\/3674"}],"collection":[{"href":"https:\/\/mgvpublications.com\/de\/wp-json\/wp\/v2\/product"}],"about":[{"href":"https:\/\/mgvpublications.com\/de\/wp-json\/wp\/v2\/types\/product"}],"wp:featuredmedia":[{"embeddable":true,"href":"https:\/\/mgvpublications.com\/de\/wp-json\/wp\/v2\/media\/3721"}],"wp:attachment":[{"href":"https:\/\/mgvpublications.com\/de\/wp-json\/wp\/v2\/media?parent=3674"}],"wp:term":[{"taxonomy":"product_cat","embeddable":true,"href":"https:\/\/mgvpublications.com\/de\/wp-json\/wp\/v2\/product_cat?post=3674"},{"taxonomy":"product_tag","embeddable":true,"href":"https:\/\/mgvpublications.com\/de\/wp-json\/wp\/v2\/product_tag?post=3674"},{"taxonomy":"item","embeddable":true,"href":"https:\/\/mgvpublications.com\/de\/wp-json\/wp\/v2\/item?post=3674"}],"curies":[{"name":"wp","href":"https:\/\/api.w.org\/{rel}","templated":true}]}}