{"id":3672,"date":"2019-04-02T22:43:15","date_gmt":"2019-04-02T20:43:15","guid":{"rendered":"https:\/\/dev2.mgvpublications.com\/produkt\/import-placeholder-for-6055\/"},"modified":"2022-03-08T22:29:21","modified_gmt":"2022-03-08T21:29:21","slug":"bir-ekonomik-tetikcinin-itiraflari-2","status":"publish","type":"product","link":"https:\/\/mgvpublications.com\/de\/bir-ekonomik-tetikcinin-itiraflari-2\/","title":{"rendered":"Bir Ekonomik Tetik\u00e7inin \u0130tiraflar\u0131 2"},"content":{"rendered":"<p>\u00c7evirmen:\tCihat Ta\u015fc\u0131o\u011flu<br \/>\nYay\u0131n Tarihi\t2014-02-20<br \/>\nISBN\t9756006481<br \/>\nBask\u0131 Say\u0131s\u0131\t7. Bask\u0131<br \/>\nDil\tT\u00dcRK\u00c7E<br \/>\nSayfa Say\u0131s\u0131\t508<br \/>\nCilt Tipi\tKarton Kapak<br \/>\nKa\u011f\u0131t Cinsi\tKitap Ka\u011f\u0131d\u0131<br \/>\nBoyut\t10.5 x 17 cm<\/p>","protected":false},"excerpt":{"rendered":"<p>Venezuela Ba\u015fkan\u0131 HUGO CHAVEZ, BBC Televizyonu&#8217;na verdi\u011fi r\u00f6portajda John Perkins taraf\u0131ndan yaz\u0131lan Bir Ekonomik Tetik\u00e7inin itiraflar\u0131 isimli kitaptan s\u00f6z ederek, bu ki\u015filerin kendisiyle de ili\u015fkiye ge\u00e7ti\u011fini anlatt\u0131. \u00dclke \u00fczerinde g\u00f6zetleme u\u00e7u\u015flar\u0131 yap\u0131lmas\u0131n\u0131 ve A.B.D. dan\u0131\u015fmanlar\u0131n\u0131n varl\u0131\u011f\u0131n\u0131 kabul etmesi halinde kimi fonlar\u0131n kullan\u0131m\u0131na a\u00e7\u0131laca\u011f\u0131n\u0131n teklif edildi\u011fini a\u00e7\u0131klad\u0131. Bu teklifleri reddetmesine ra\u011fmen ekonomik tetik\u00e7ilerin vazge\u00e7medi\u011fini, zay\u0131f devlet memurlar\u0131, parlamento \u00fcyeleri, hatta kendi \u00e7evresindeki ordu mensuplar\u0131na bask\u0131 yapmaya \u00e7al\u0131\u015ft\u0131\u011f\u0131n\u0131 s\u00f6yledi. Chavez, Perkins&#8217;in kitab\u0131nda anlatt\u0131\u011f\u0131 gibi ekonomik tetik\u00e7ilerin ba\u015far\u0131s\u0131z olmas\u0131n\u0131n ard\u0131ndan \u00e7akallar\u0131n geldi\u011fini, askeri darbe ve suikast komplolar\u0131na giri\u015fti\u011fini a\u00e7\u0131klad\u0131.<\/p>","protected":false},"featured_media":3719,"template":"","meta":{"spay_email":""},"product_cat":[168],"product_tag":[],"item":[440],"acf":[],"_links":{"self":[{"href":"https:\/\/mgvpublications.com\/de\/wp-json\/wp\/v2\/product\/3672"}],"collection":[{"href":"https:\/\/mgvpublications.com\/de\/wp-json\/wp\/v2\/product"}],"about":[{"href":"https:\/\/mgvpublications.com\/de\/wp-json\/wp\/v2\/types\/product"}],"wp:featuredmedia":[{"embeddable":true,"href":"https:\/\/mgvpublications.com\/de\/wp-json\/wp\/v2\/media\/3719"}],"wp:attachment":[{"href":"https:\/\/mgvpublications.com\/de\/wp-json\/wp\/v2\/media?parent=3672"}],"wp:term":[{"taxonomy":"product_cat","embeddable":true,"href":"https:\/\/mgvpublications.com\/de\/wp-json\/wp\/v2\/product_cat?post=3672"},{"taxonomy":"product_tag","embeddable":true,"href":"https:\/\/mgvpublications.com\/de\/wp-json\/wp\/v2\/product_tag?post=3672"},{"taxonomy":"item","embeddable":true,"href":"https:\/\/mgvpublications.com\/de\/wp-json\/wp\/v2\/item?post=3672"}],"curies":[{"name":"wp","href":"https:\/\/api.w.org\/{rel}","templated":true}]}}