{"id":3671,"date":"2019-04-02T22:43:15","date_gmt":"2019-04-02T20:43:15","guid":{"rendered":"https:\/\/dev2.mgvpublications.com\/produkt\/import-placeholder-for-6054\/"},"modified":"2026-01-24T15:35:18","modified_gmt":"2026-01-24T14:35:18","slug":"bir-bucuk-guende-seyr-i-alem","status":"publish","type":"product","link":"https:\/\/mgvpublications.com\/de\/bir-bucuk-guende-seyr-i-alem\/","title":{"rendered":"Bir Bu\u00e7uk G\u00fcnde Seyr-i Alem"},"content":{"rendered":"<p>Yay\u0131n Tarihi 2017-10-24<br \/>\nISBN 6055000509<br \/>\nBask\u0131 Say\u0131s\u0131 3. Bask\u0131<br \/>\nDil T\u00dcRK\u00c7E<br \/>\nSayfa Say\u0131s\u0131 160<br \/>\nCilt Tipi Karton Kapak<br \/>\nKa\u011f\u0131t Cinsi Kitap Ka\u011f\u0131d\u0131<br \/>\nBoyut 13.5 x 19.5 cm<\/p>","protected":false},"excerpt":{"rendered":"<p>Bir Bu\u00e7uk G\u00fcnde Seyr-i \u00c2lem, ak\u0131c\u0131 \u00fcslupla kaleme al\u0131nm\u0131\u015f k\u0131sa bir Filistin tarihi: Hakaret, tecav\u00fcz, katliam&#8230; Zulme inat bitmeyen isyan: \u0130man, sab\u0131r, gayret\u2026 Gazze\u2019den \u00dcrd\u00fcn\u2019deki Gazze M\u00fclteci Kamp\u0131\u2019na ta\u015f\u0131nan dramatik hayatlar: \u0130\u015fgal, tehcir, iltica\u2026 Yurtlar\u0131ndan edilen ve savrulan insanlar\u0131n yeniden \u015fekillenen hayatlar\u0131: \u0130hya, in\u015fa, umut\u2026 Her \u015feye ra\u011fmen dimdik ayakta kalan Filistinliler: \u0130nan\u00e7, azim, m\u00fccadele&#8230;<br \/>\nBir Bu\u00e7uk G\u00fcnde Seyr-i \u00c2lem, seksen y\u0131l boyunca idealleri u\u011frunda ya\u015fam\u0131\u015f ve bedel \u00f6demi\u015f Filistinli bir doktorun hik\u00e2yesidir. Bombalar\u0131n a\u011f\u0131r y\u00fck\u00fc alt\u0131nda kalan Gazze\u2019ye, mahrumiyetin ve yoksullu\u011fun a\u011f\u0131r y\u00fck\u00fc ile e\u015flik eden Gazze M\u00fclteci Kamp\u0131\u2019nda insanlar\u0131 bilin\u00e7lendirme ad\u0131na \u00e7al\u0131\u015fan Yakub\u2019un hik\u00e2yesidir<\/p>","protected":false},"featured_media":3718,"template":"","meta":{"spay_email":""},"product_cat":[168],"product_tag":[],"item":[335],"acf":[],"_links":{"self":[{"href":"https:\/\/mgvpublications.com\/de\/wp-json\/wp\/v2\/product\/3671"}],"collection":[{"href":"https:\/\/mgvpublications.com\/de\/wp-json\/wp\/v2\/product"}],"about":[{"href":"https:\/\/mgvpublications.com\/de\/wp-json\/wp\/v2\/types\/product"}],"wp:featuredmedia":[{"embeddable":true,"href":"https:\/\/mgvpublications.com\/de\/wp-json\/wp\/v2\/media\/3718"}],"wp:attachment":[{"href":"https:\/\/mgvpublications.com\/de\/wp-json\/wp\/v2\/media?parent=3671"}],"wp:term":[{"taxonomy":"product_cat","embeddable":true,"href":"https:\/\/mgvpublications.com\/de\/wp-json\/wp\/v2\/product_cat?post=3671"},{"taxonomy":"product_tag","embeddable":true,"href":"https:\/\/mgvpublications.com\/de\/wp-json\/wp\/v2\/product_tag?post=3671"},{"taxonomy":"item","embeddable":true,"href":"https:\/\/mgvpublications.com\/de\/wp-json\/wp\/v2\/item?post=3671"}],"curies":[{"name":"wp","href":"https:\/\/api.w.org\/{rel}","templated":true}]}}