{"id":3670,"date":"2020-12-01T14:48:01","date_gmt":"2020-12-01T13:48:01","guid":{"rendered":"https:\/\/dev2.mgvpublications.com\/produkt\/import-placeholder-for-6053\/"},"modified":"2022-04-08T06:20:56","modified_gmt":"2022-04-08T04:20:56","slug":"bilincli-genc-olmak-var-mi-beni-anlamak-isteyen","status":"publish","type":"product","link":"https:\/\/mgvpublications.com\/de\/bilincli-genc-olmak-var-mi-beni-anlamak-isteyen\/","title":{"rendered":"Bilin\u00e7li Gen\u00e7 Olmak \/ Var m\u0131 Beni Anlamak \u0130steyen"},"content":{"rendered":"<p>Yay\u0131n Tarihi: 29.05.2019<br \/>ISBN: 9786050819045<br \/>Dil: T\u00dcRK\u00c7E<br \/>Sayfa Say\u0131s\u0131: 160<br \/>Cilt Tipi: Karton Kapak<br \/>Ka\u011f\u0131t Cinsi: Kitap Ka\u011f\u0131d\u0131<br \/>Boyut: 13.5 x 21 cm<\/p>","protected":false},"excerpt":{"rendered":"<p>D\u00fcnya de\u011fi\u015fiyor. Di\u011fer gen\u00e7ler gibi, sen de ailenden \u00e7ok daha farkl\u0131 bakabiliyorsun d\u00fcnyaya\u2026 Ebeveynlerin ve \u00f6\u011fretmenlerinle ufak tefek tart\u0131\u015fmalar ya\u015faman \u00e7ok normal. \u00d6zg\u00fcr olmak istemen, gelecek hakk\u0131nda kayg\u0131lanman, teknolojiye kolayca adapte olman gayet do\u011fal\u2026 \u00c7\u00fcnk\u00fc anla\u015f\u0131lmaya ve anlamaya ihtiya\u00e7 duyuyorsun. Seni duyuyorum ve seni ger\u00e7ekten anl\u0131yorum\u2026 Ben, Prof. Dr. Nevzat Tarhan. Bu kitab\u0131 sana nasihat vermek i\u00e7in yazmad\u0131m. Bir dostunun, yol arkada\u015f\u0131n\u0131n tavsiyeleri olarak g\u00f6rebilirsin yazd\u0131klar\u0131m\u0131. Sorunlar\u0131n\u0131 arkanda b\u0131rakabilmen, hayata sevgi ve g\u00fcvenle bakabilmen, yani gen\u00e7li\u011finin tad\u0131na bilin\u00e7li \u015fekilde varabilmen i\u00e7in t\u00fcm s\u00f6ylediklerim. Senin \u00e7ok ak\u0131c\u0131 bulaca\u011f\u0131ndan emin oldu\u011fum bu kitab\u0131, ebeveynlerin ve \u00f6\u011fretmenlerin de \u2013 seni daha iyi anlamak istediklerinde \u2013 rahatl\u0131kla a\u00e7\u0131p okuyabilecekler\u2026 B\u00f6ylece belki de senin s\u00f6yleyemediklerini de okuyabilir, seni daha iyi anlamaya \u00e7al\u0131\u015fabilirler\u2026 Belki onlara sen tavsiye edersin, kim bilir? Gen\u00e7 dostum\u2026 Emin ol, \u00f6n\u00fcnde hayal etti\u011finden \u00e7ok daha g\u00fczel, umut dolu bir gelecek var\u2026 Hadi, oku ve tad\u0131n\u0131 \u00e7\u0131karmak i\u00e7in, gen\u00e7li\u011finin bilincine var&#8230;<\/p>","protected":false},"featured_media":23187,"template":"","meta":{"spay_email":""},"product_cat":[175],"product_tag":[212,215,214],"item":[360],"acf":[],"_links":{"self":[{"href":"https:\/\/mgvpublications.com\/de\/wp-json\/wp\/v2\/product\/3670"}],"collection":[{"href":"https:\/\/mgvpublications.com\/de\/wp-json\/wp\/v2\/product"}],"about":[{"href":"https:\/\/mgvpublications.com\/de\/wp-json\/wp\/v2\/types\/product"}],"wp:featuredmedia":[{"embeddable":true,"href":"https:\/\/mgvpublications.com\/de\/wp-json\/wp\/v2\/media\/23187"}],"wp:attachment":[{"href":"https:\/\/mgvpublications.com\/de\/wp-json\/wp\/v2\/media?parent=3670"}],"wp:term":[{"taxonomy":"product_cat","embeddable":true,"href":"https:\/\/mgvpublications.com\/de\/wp-json\/wp\/v2\/product_cat?post=3670"},{"taxonomy":"product_tag","embeddable":true,"href":"https:\/\/mgvpublications.com\/de\/wp-json\/wp\/v2\/product_tag?post=3670"},{"taxonomy":"item","embeddable":true,"href":"https:\/\/mgvpublications.com\/de\/wp-json\/wp\/v2\/item?post=3670"}],"curies":[{"name":"wp","href":"https:\/\/api.w.org\/{rel}","templated":true}]}}