{"id":3669,"date":"2020-12-01T14:48:01","date_gmt":"2020-12-01T13:48:01","guid":{"rendered":"https:\/\/dev2.mgvpublications.com\/produkt\/import-placeholder-for-6052\/"},"modified":"2022-03-08T22:29:19","modified_gmt":"2022-03-08T21:29:19","slug":"bilincli-aile-olmak","status":"publish","type":"product","link":"https:\/\/mgvpublications.com\/de\/bilincli-aile-olmak\/","title":{"rendered":"Bilin\u00e7li Aile Olmak"},"content":{"rendered":"<p>Yay\u0131n Tarihi: 17.10.2019<br \/>ISBN: 9786050818017<br \/>Dil: T\u00dcRK\u00c7E<br \/>Sayfa Say\u0131s\u0131: 224<br \/>Cilt Tipi: Karton Kapak<br \/>Ka\u011f\u0131t Cinsi: Kitap Ka\u011f\u0131d\u0131<br \/>Boyut: 13.5 x 21 cm<\/p>","protected":false},"excerpt":{"rendered":"<p>Evlilik \u00f6ncesinde veya aile i\u00e7i ileti\u015fimde ya\u015fad\u0131klar\u0131n\u0131z her zaman tozpembe olmayabilir. \u00d6nemli olan, \u00e7\u00f6z\u00fcm bekleyen sorunlara nas\u0131l yakla\u015ft\u0131\u011f\u0131n\u0131zd\u0131r. Problemleri \u00e7\u00f6zmeye y\u00f6nelik tavr\u0131n\u0131z, d\u00fcnyay\u0131 size ve ailenize dar eden s\u0131k\u0131nt\u0131lar\u0131 bir anda uzun vadeli mutlulu\u011funuz i\u00e7in f\u0131rsata d\u00f6n\u00fc\u015ft\u00fcrebilir. Kitaplar\u0131yla y\u00fcz binlerce okura aile i\u00e7i ileti\u015fim konusunda pratik ipu\u00e7lar\u0131 sunan Prof. Dr. Nevzat Tarhan, kendinizi ve muhatab\u0131n\u0131z\u0131 daha iyi tan\u0131man\u0131z i\u00e7in testlerle ba\u015flatt\u0131\u011f\u0131 \u201cBilin\u00e7li Aile\u201d olma yolcu\u011funuzu, hayat\u0131n her a\u015famas\u0131ndan \u00f6rnek olaylar ve \u00e7\u00f6z\u00fcm \u00f6nerileriyle destekliyor. Aile i\u00e7i ileti\u015fimde \u201cf\u0131rsat e\u011fitimi\u201d kavram\u0131n\u0131 okuyucular\u0131yla payla\u015f\u0131yor. Bilin\u00e7li Aile Olmak, ba\u015f\u0131ndan sonuna kolay okunabilir b\u00f6l\u00fcmler ve elektronik afi\u015flerle desteklenen somut \u00f6nerilerle, her zaman mutlu \u00e7iftler ve huzurlu aileler i\u00e7in&#8230;<\/p>","protected":false},"featured_media":20871,"template":"","meta":{"spay_email":""},"product_cat":[171],"product_tag":[213,212,214],"item":[360],"acf":[],"_links":{"self":[{"href":"https:\/\/mgvpublications.com\/de\/wp-json\/wp\/v2\/product\/3669"}],"collection":[{"href":"https:\/\/mgvpublications.com\/de\/wp-json\/wp\/v2\/product"}],"about":[{"href":"https:\/\/mgvpublications.com\/de\/wp-json\/wp\/v2\/types\/product"}],"wp:featuredmedia":[{"embeddable":true,"href":"https:\/\/mgvpublications.com\/de\/wp-json\/wp\/v2\/media\/20871"}],"wp:attachment":[{"href":"https:\/\/mgvpublications.com\/de\/wp-json\/wp\/v2\/media?parent=3669"}],"wp:term":[{"taxonomy":"product_cat","embeddable":true,"href":"https:\/\/mgvpublications.com\/de\/wp-json\/wp\/v2\/product_cat?post=3669"},{"taxonomy":"product_tag","embeddable":true,"href":"https:\/\/mgvpublications.com\/de\/wp-json\/wp\/v2\/product_tag?post=3669"},{"taxonomy":"item","embeddable":true,"href":"https:\/\/mgvpublications.com\/de\/wp-json\/wp\/v2\/item?post=3669"}],"curies":[{"name":"wp","href":"https:\/\/api.w.org\/{rel}","templated":true}]}}