{"id":3668,"date":"2019-04-02T22:43:15","date_gmt":"2019-04-02T20:43:15","guid":{"rendered":"https:\/\/dev2.mgvpublications.com\/produkt\/import-placeholder-for-6050\/"},"modified":"2022-03-08T22:29:19","modified_gmt":"2022-03-08T21:29:19","slug":"beyoglu-rapsodisi","status":"publish","type":"product","link":"https:\/\/mgvpublications.com\/de\/beyoglu-rapsodisi\/","title":{"rendered":"Beyo\u011flu Rapsodisi"},"content":{"rendered":"<p>Yay\u0131n Tarihi\t2019-05-07<br \/>\nISBN\t9752897380<br \/>\nBask\u0131 Say\u0131s\u0131\t76. Bask\u0131<br \/>\nDil\tT\u00dcRK\u00c7E<br \/>\nSayfa Say\u0131s\u0131\t408<br \/>\nCilt Tipi\tKarton Kapak<br \/>\nKa\u011f\u0131t Cinsi\tKitap Ka\u011f\u0131d\u0131<br \/>\nBoyut\t12 x 24 cm<\/p>","protected":false},"excerpt":{"rendered":"<p>\u00dc\u00e7 arkada\u015f\u0131n \u00f6yk\u00fcs\u00fc bu. Beyo\u011flu&#8217;nda b\u00fcy\u00fcm\u00fc\u015f, Beyo\u011flu&#8217;nda ya\u015fayan \u00fc\u00e7 ayr\u0131 ki\u015filik, \u00fc\u00e7 ayr\u0131 kimlik, \u00fc\u00e7 ayr\u0131 insan. \u00d6l\u00fcms\u00fczl\u00fck merak\u0131yla ba\u015flayan \u00f6l\u00fcmler. Her cinayetin ard\u0131nda gizemli bir neden&#8230; Ve soru\u015fturma boyunca ad\u0131m ad\u0131m, bina bina, sokak sokak Beyo\u011flu. O \u00e7oksesli, \u00e7okrenkli, \u00e7okdilli, \u00e7okk\u00fclt\u00fcrl\u00fc Beyo\u011flu. G\u00fcn\u00fcm\u00fcz\u00fcn Babil Kulesi&#8230; \u0130nsan\u0131n bencilli\u011fini, ac\u0131mas\u0131zl\u0131\u011f\u0131n\u0131, \u00f6fkesini, \u00e7aresizli\u011fini en iyi anlatan mek\u00e2n&#8230; Soluk solu\u011fa bir gerilim, benzersiz bir final&#8230;\u00c7ok kollu, \u00e7ok dall\u0131 b\u00fcy\u00fck bir \u0131rma\u011fa benzeyen bu muhte\u015fem cadde, papaz\u0131, fahi\u015fesi, cami hocas\u0131, pezevengi, haham\u0131, Alevi dedesi, bankac\u0131s\u0131, i\u015fportac\u0131s\u0131, \u00f6\u011frencisi, \u00f6\u011fretmeni, tinercisi, d\u00f6nercisi, dekorat\u00f6r\u00fc, evsizi, midye sat\u0131c\u0131s\u0131, esrar sat\u0131c\u0131s\u0131, kanun ka\u00e7a\u011f\u0131, Anadolu ka\u00e7a\u011f\u0131, Avrupa ka\u00e7a\u011f\u0131, Amerika ka\u00e7a\u011f\u0131, Afrika ka\u00e7a\u011f\u0131, yani ya\u015fam ka\u00e7a\u011f\u0131, beyaz\u0131, karas\u0131, sar\u0131s\u0131, k\u0131z\u0131l\u0131 yani insan g\u00f6r\u00fcn\u00fcm\u00fcnde olan kim varsa, hepsini, herkesi sorgusuz sualsiz kucaklam\u0131\u015ft\u0131.Kiliseleri, camileri, sinagoglar\u0131, hanlar\u0131, hamamlar\u0131, bankalar\u0131, giyim ma\u011fazalar\u0131, kitabevleri, meyhaneleri, birahaneleri, \u015faraphaneleri, kafeleri, k\u00fclt\u00fcrevleri, randevuevleri, sinemalar\u0131, tiyatrolar\u0131, galerileri, vakitleri \u00e7oktan doldu\u011fu halde \u00f6m\u00fcr s\u00fcrmeye \u00e7al\u0131\u015fan bilmem ka\u00e7 y\u00fczy\u0131ll\u0131k inat\u00e7\u0131 binalar\u0131, dar sokaklar\u0131, k\u00f6r \u00e7\u0131kmazlar\u0131yla Grande Rue de Pera, Cadde-i Kebir, \u0130stiklal Caddesi ya da Beyo\u011flu nas\u0131l adland\u0131r\u0131l\u0131rsa adland\u0131r\u0131ls\u0131n buras\u0131 her g\u00fcn, her an de\u011fi\u015fen yery\u00fcz\u00fcn\u00fcn en b\u00fcy\u00fck tiyatro sahnesi gibiydi.&#8221;<\/p>","protected":false},"featured_media":3715,"template":"","meta":{"spay_email":""},"product_cat":[168],"product_tag":[],"item":[899],"acf":[],"_links":{"self":[{"href":"https:\/\/mgvpublications.com\/de\/wp-json\/wp\/v2\/product\/3668"}],"collection":[{"href":"https:\/\/mgvpublications.com\/de\/wp-json\/wp\/v2\/product"}],"about":[{"href":"https:\/\/mgvpublications.com\/de\/wp-json\/wp\/v2\/types\/product"}],"wp:featuredmedia":[{"embeddable":true,"href":"https:\/\/mgvpublications.com\/de\/wp-json\/wp\/v2\/media\/3715"}],"wp:attachment":[{"href":"https:\/\/mgvpublications.com\/de\/wp-json\/wp\/v2\/media?parent=3668"}],"wp:term":[{"taxonomy":"product_cat","embeddable":true,"href":"https:\/\/mgvpublications.com\/de\/wp-json\/wp\/v2\/product_cat?post=3668"},{"taxonomy":"product_tag","embeddable":true,"href":"https:\/\/mgvpublications.com\/de\/wp-json\/wp\/v2\/product_tag?post=3668"},{"taxonomy":"item","embeddable":true,"href":"https:\/\/mgvpublications.com\/de\/wp-json\/wp\/v2\/item?post=3668"}],"curies":[{"name":"wp","href":"https:\/\/api.w.org\/{rel}","templated":true}]}}