{"id":3662,"date":"2019-04-02T22:43:14","date_gmt":"2019-04-02T20:43:14","guid":{"rendered":"https:\/\/dev2.mgvpublications.com\/produkt\/import-placeholder-for-6044\/"},"modified":"2022-03-08T22:29:18","modified_gmt":"2022-03-08T21:29:18","slug":"beklenen-zafer-nesli","status":"publish","type":"product","link":"https:\/\/mgvpublications.com\/de\/beklenen-zafer-nesli\/","title":{"rendered":"Beklenen Zafer Nesli"},"content":{"rendered":"<p>[koo_icon name=&#8221;undefined&#8221; color=&#8221;&#8221; size=&#8221;&#8221;]ISBN 6059102490<br \/>\nDil T\u00dcRK\u00c7E<br \/>\nSayfa Say\u0131s\u0131 80<br \/>\nCilt Tipi Karton Kapak<br \/>\nKa\u011f\u0131t Cinsi Kitap Ka\u011f\u0131d\u0131<br \/>\nBoyut 12.5 x 19.5 cm<\/p>","protected":false},"excerpt":{"rendered":"<p>Beklenen, \u00f6zlenen nesil bu nesildir. Filistin, Afganistan, Eritre, Filipinler, Buhara, Semerkand ve daha ta\u011futlar\u0131n, k\u00f6t\u00fc ruhlu insanlar\u0131n kirletti\u011fi pek \u00e7ok tutsak bu \u00fclkede bu neslin eliyle kurtulu\u015fa erecek, h\u00fcrriyetine kavu\u015facakt\u0131r. Allah&#8217;a ait bu yery\u00fcz\u00fcnde Allah&#8217;\u0131n sanca\u011f\u0131 bu nesille y\u00fckselecektir. Yine bu nesil sayesinde kainat\u0131n yarat\u0131c\u0131s\u0131n\u0131n dini yerlerde ve g\u00f6klerde \u00fcst\u00fcn gelecek ve ortal\u0131\u011f\u0131 b\u00fcr\u00fcyen karanl\u0131klar\u0131 da\u011f\u0131t\u0131p ayd\u0131nl\u0131k ufuklar getirecektir.<br \/>\nBu nesil, zafere lay\u0131k olan nesildir.<\/p>","protected":false},"featured_media":3692,"template":"","meta":{"spay_email":""},"product_cat":[174],"product_tag":[],"item":[428],"acf":[],"_links":{"self":[{"href":"https:\/\/mgvpublications.com\/de\/wp-json\/wp\/v2\/product\/3662"}],"collection":[{"href":"https:\/\/mgvpublications.com\/de\/wp-json\/wp\/v2\/product"}],"about":[{"href":"https:\/\/mgvpublications.com\/de\/wp-json\/wp\/v2\/types\/product"}],"wp:featuredmedia":[{"embeddable":true,"href":"https:\/\/mgvpublications.com\/de\/wp-json\/wp\/v2\/media\/3692"}],"wp:attachment":[{"href":"https:\/\/mgvpublications.com\/de\/wp-json\/wp\/v2\/media?parent=3662"}],"wp:term":[{"taxonomy":"product_cat","embeddable":true,"href":"https:\/\/mgvpublications.com\/de\/wp-json\/wp\/v2\/product_cat?post=3662"},{"taxonomy":"product_tag","embeddable":true,"href":"https:\/\/mgvpublications.com\/de\/wp-json\/wp\/v2\/product_tag?post=3662"},{"taxonomy":"item","embeddable":true,"href":"https:\/\/mgvpublications.com\/de\/wp-json\/wp\/v2\/item?post=3662"}],"curies":[{"name":"wp","href":"https:\/\/api.w.org\/{rel}","templated":true}]}}