{"id":3658,"date":"2020-12-01T14:48:01","date_gmt":"2020-12-01T13:48:01","guid":{"rendered":"https:\/\/dev2.mgvpublications.com\/produkt\/import-placeholder-for-6040\/"},"modified":"2022-03-08T22:29:15","modified_gmt":"2022-03-08T21:29:15","slug":"basimin-uestuende-yerin-var","status":"publish","type":"product","link":"https:\/\/mgvpublications.com\/de\/basimin-uestuende-yerin-var\/","title":{"rendered":"Ba\u015f\u0131m\u0131n \u00dcst\u00fcnde Yerin Var"},"content":{"rendered":"<p>Yay\u0131n Tarihi: 02.04.2020<br \/>ISBN: 9786059841313<br \/>Dil: T\u00dcRK\u00c7E<br \/>Sayfa Say\u0131s\u0131: 96<br \/>Cilt Tipi: Karton Kapak<br \/>Ka\u011f\u0131t Cinsi: Kitap Ka\u011f\u0131d\u0131<br \/>Boyut: 13.5 x 21 cm<\/p>","protected":false},"excerpt":{"rendered":"<p>Allah\u2019\u0131n (cc) \u2018yap\u2019 dedi\u011fi her \u015feyin seni sar\u0131p sarmalayan, iyile\u015ftiren ve g\u00fczelle\u015ftiren sebepleri vard\u0131r. Sadece birer sorumluluk olarak bakt\u0131\u011f\u0131m\u0131zda i\u00e7lerindeki g\u00fczellikleri \u0131skalayaca\u011f\u0131m\u0131z bu emirler bizi de\u011ferli ve k\u0131ymetli k\u0131lar. \u0130\u015fte bu kitap sana tesett\u00fcr\u00fcn bir k\u0131yafet modas\u0131 olmad\u0131\u011f\u0131n\u0131, seni nas\u0131l g\u00fczelle\u015ftirdi\u011fini, de\u011ferli k\u0131ld\u0131\u011f\u0131n\u0131 ve Rabbinle arandaki en sars\u0131lmaz ba\u011f oldu\u011funu anlat\u0131yor. Bir ilahiyat ya da din kitab\u0131 gibi de\u011fil\u2026 Tesett\u00fcrl\u00fc bir abladan gen\u00e7 arkada\u015f\u0131na kalan bir yol haritas\u0131 gibi, yolunu bulman\u0131 sa\u011fl\u0131yor\u2026<\/p>","protected":false},"featured_media":22082,"template":"","meta":{"spay_email":""},"product_cat":[172],"product_tag":[181,182,184,183],"item":[685],"acf":[],"_links":{"self":[{"href":"https:\/\/mgvpublications.com\/de\/wp-json\/wp\/v2\/product\/3658"}],"collection":[{"href":"https:\/\/mgvpublications.com\/de\/wp-json\/wp\/v2\/product"}],"about":[{"href":"https:\/\/mgvpublications.com\/de\/wp-json\/wp\/v2\/types\/product"}],"wp:featuredmedia":[{"embeddable":true,"href":"https:\/\/mgvpublications.com\/de\/wp-json\/wp\/v2\/media\/22082"}],"wp:attachment":[{"href":"https:\/\/mgvpublications.com\/de\/wp-json\/wp\/v2\/media?parent=3658"}],"wp:term":[{"taxonomy":"product_cat","embeddable":true,"href":"https:\/\/mgvpublications.com\/de\/wp-json\/wp\/v2\/product_cat?post=3658"},{"taxonomy":"product_tag","embeddable":true,"href":"https:\/\/mgvpublications.com\/de\/wp-json\/wp\/v2\/product_tag?post=3658"},{"taxonomy":"item","embeddable":true,"href":"https:\/\/mgvpublications.com\/de\/wp-json\/wp\/v2\/item?post=3658"}],"curies":[{"name":"wp","href":"https:\/\/api.w.org\/{rel}","templated":true}]}}