{"id":3657,"date":"2019-04-02T22:43:14","date_gmt":"2019-04-02T20:43:14","guid":{"rendered":"https:\/\/dev2.mgvpublications.com\/produkt\/import-placeholder-for-6039\/"},"modified":"2022-04-07T14:39:26","modified_gmt":"2022-04-07T12:39:26","slug":"bana-sana-ona-dair-oykuler","status":"publish","type":"product","link":"https:\/\/mgvpublications.com\/de\/bana-sana-ona-dair-oykuler\/","title":{"rendered":"Bana Sana Ona Dair oykuler"},"content":{"rendered":"<p>Yay\u0131n Tarihi\t2017-01-19<br \/>\nISBN\t6055000851<br \/>\nBask\u0131 Say\u0131s\u0131\t1. Bask\u0131<br \/>\nDil\tT\u00dcRK\u00c7E<br \/>\nSayfa Say\u0131s\u0131\t202<br \/>\nCilt Tipi\tKarton Kapak<br \/>\nKa\u011f\u0131t Cinsi\tKitap Ka\u011f\u0131d\u0131<br \/>\nBoyut\t13.5 x 21 cm<\/p>","protected":false},"excerpt":{"rendered":"<p>Her insan, her ya\u015fam \u00f6zeldir\u2026<br \/>\nDo\u011fumla \u00f6l\u00fcm aras\u0131nda kimi zaman ko\u015fu\u015fturma kimi zaman derin bir sessizlik i\u00e7inde ge\u00e7ip giden ya\u015fam\u0131m\u0131zda, sevindi\u011fimiz, h\u00fcz\u00fcnlendi\u011fimiz, pi\u015fman oldu\u011fumuz, s\u00fck\u00fbnetle veya heyecanla kar\u015f\u0131lad\u0131\u011f\u0131m\u0131z say\u0131s\u0131z anlar\u0131m\u0131z vard\u0131r.<br \/>\nAn vard\u0131r, \u0131\u015f\u0131k olur, rehber olur hepimize; g\u00f6n\u00fclden g\u00f6n\u00fcle \u00e7o\u011fal\u0131p, yol bulup gider.<br \/>\nAn vard\u0131r, bir \u00f6m\u00fcr hat\u0131rlanmas\u0131 ruh ve bedene a\u011f\u0131r bir y\u00fckt\u00fcr.<br \/>\nAn vard\u0131r, tebess\u00fcmle dilden dile aktar\u0131l\u0131p hayata co\u015fku katar.<br \/>\nVe an vard\u0131r, g\u00fcld\u00fc\u011f\u00fcm\u00fcz, a\u011flad\u0131\u011f\u0131m\u0131z, hayata tutundu\u011fumuz, unutamad\u0131\u011f\u0131m\u0131z, umutland\u0131\u011f\u0131m\u0131z olaylar bar\u0131nd\u0131r\u0131r.<br \/>\nBu kitapta Anadolu insan\u0131m\u0131z\u0131n ya\u015fad\u0131\u011f\u0131 anlardan bir demet yer almaktad\u0131r.<br \/>\nKim bilir belki siz de bir an\u0131n\u0131z\u0131 burada bulacak veya ya\u015fanan bir an\u0131dan kendinize bir pay \u00e7\u0131karacaks\u0131n\u0131z.<br \/>\nElinizdeki eserde bana, sana, ona dair hik\u00e2yeleri okuyacak, bulacaks\u0131n\u0131z.<br \/>\nAnlat\u0131lanlar hepimizin hik\u00e2yesi\u2026<\/p>","protected":false},"featured_media":3687,"template":"","meta":{"spay_email":""},"product_cat":[168],"product_tag":[],"item":[335],"acf":[],"_links":{"self":[{"href":"https:\/\/mgvpublications.com\/de\/wp-json\/wp\/v2\/product\/3657"}],"collection":[{"href":"https:\/\/mgvpublications.com\/de\/wp-json\/wp\/v2\/product"}],"about":[{"href":"https:\/\/mgvpublications.com\/de\/wp-json\/wp\/v2\/types\/product"}],"wp:featuredmedia":[{"embeddable":true,"href":"https:\/\/mgvpublications.com\/de\/wp-json\/wp\/v2\/media\/3687"}],"wp:attachment":[{"href":"https:\/\/mgvpublications.com\/de\/wp-json\/wp\/v2\/media?parent=3657"}],"wp:term":[{"taxonomy":"product_cat","embeddable":true,"href":"https:\/\/mgvpublications.com\/de\/wp-json\/wp\/v2\/product_cat?post=3657"},{"taxonomy":"product_tag","embeddable":true,"href":"https:\/\/mgvpublications.com\/de\/wp-json\/wp\/v2\/product_tag?post=3657"},{"taxonomy":"item","embeddable":true,"href":"https:\/\/mgvpublications.com\/de\/wp-json\/wp\/v2\/item?post=3657"}],"curies":[{"name":"wp","href":"https:\/\/api.w.org\/{rel}","templated":true}]}}