{"id":3653,"date":"2019-04-02T22:43:14","date_gmt":"2019-04-02T20:43:14","guid":{"rendered":"https:\/\/dev2.mgvpublications.com\/produkt\/import-placeholder-for-6035\/"},"modified":"2022-04-07T14:59:14","modified_gmt":"2022-04-07T12:59:14","slug":"ayasofyanin-goezyaslari","status":"publish","type":"product","link":"https:\/\/mgvpublications.com\/de\/ayasofyanin-goezyaslari\/","title":{"rendered":"Ayasofya&#8217;n\u0131n G\u00f6zya\u015flar\u0131"},"content":{"rendered":"<p>T\u00fcr\u00fc: Roman<br \/>\nBas\u0131m Y\u0131l\u0131: 2015<br \/>\nKitab\u0131n Ad\u0131: Ayasofya&#8217;n\u0131n G\u00f6zya\u015flar\u0131<br \/>\nYazar\u0131: \u0130lhan Kurt<br \/>\nSayfa Say\u0131s\u0131: 200<br \/>\nBask\u0131 \u00d6zellikleri: Karton Kapak, Kitap Ka\u011f\u0131d\u0131<br \/>\nEbat: 13,5 x 21 cm<br \/>\nISBN: 978-605-4956-06-7<\/p>","protected":false},"excerpt":{"rendered":"<p>Esaret alt\u0131nda bir \u015fehir,<br \/>\nG\u00fclhane Park\u0131\u2019ndan yola \u00e7\u0131k\u0131p Alemdar Caddesi\u2019nden yukar\u0131ya do\u011fru sert ve h\u0131zl\u0131 ad\u0131mlarla y\u00fcr\u00fcyen bir Frans\u0131z taburu At Meydan\u0131\u2019na var\u0131nca Ayasofya Camisi\u2019nin avlusuna a\u00e7\u0131lan kap\u0131ya do\u011fru y\u00f6neldi. Kap\u0131n\u0131n \u00f6n\u00fcne gelince sert bir emirle durdu. Frans\u0131z komutan kararl\u0131 bir ses tonu ile kap\u0131da n\u00f6bet tutan askere seslendi:<br \/>\nAcele buray\u0131 bo\u015faltmal\u0131s\u0131n\u0131z al\u0131nan karar do\u011frultusunda bu kiliseye biz yerle\u015fece\u011fiz<\/p>\n<p>Mefkuresini her \u015feyin \u00fcst\u00fcnde tutan bir imam \u00d6mer Hoca:<br \/>\nEsaret alt\u0131ndaki Ayasofya\u2019n\u0131n Sultanahmet\u2019in duvarlar\u0131nda yank\u0131lanan inlemeleri da\u011flar y\u00fcre\u011fimi. Ayasofya\u2019n\u0131n g\u00f6zya\u015flar\u0131 d\u00f6k\u00fcl\u00fcr kalbimin orta yerine. Minarelerin h\u0131\u00e7k\u0131r\u0131klar\u0131 y\u00fcre\u011fimi da\u011flar. Diz \u00e7\u00f6ker orada dakikalarca a\u011flar\u0131m onlarla beraber, a\u011flamay\u0131 unutmu\u015f milletimin yerine.<\/p>\n<p>A\u015fk\u0131 ile idealleri aras\u0131nda s\u0131k\u0131\u015fan bir gen\u00e7 Yasin,<br \/>\n&#8220;Seni tan\u0131yal\u0131 y\u00f6n\u00fcm, yolum \u015fa\u015ft\u0131. Seni tan\u0131yal\u0131 g\u00fcn\u00fcm, gecem kar\u0131\u015ft\u0131. Seni tan\u0131yal\u0131 r\u00fcyam ile h\u00fclyam \u00e7at\u0131\u015ft\u0131. Ekme\u011fime ball\u0131 zehir kar\u0131\u015ft\u0131. \u00d6l\u00fcmle canl\u0131l\u0131k i\u00e7 i\u00e7e ge\u00e7ti bende. Bedenim ya\u015farken ruhum \u00f6ld\u00fc sanki. Ah be yang\u0131n! Yok muydu tutu\u015fturacak onca yat, kat ve konak geldin de bu viraneyi tutu\u015fturdun? Ah be a\u015fk yok muydu ki y\u0131kacak onca dertsiz ve gams\u0131z g\u00f6n\u00fcl vard\u0131n bu a\u015fiyan\u0131 y\u0131kt\u0131n!\u201d<\/p>","protected":false},"featured_media":3683,"template":"","meta":{"spay_email":""},"product_cat":[168],"product_tag":[],"item":[409],"acf":[],"_links":{"self":[{"href":"https:\/\/mgvpublications.com\/de\/wp-json\/wp\/v2\/product\/3653"}],"collection":[{"href":"https:\/\/mgvpublications.com\/de\/wp-json\/wp\/v2\/product"}],"about":[{"href":"https:\/\/mgvpublications.com\/de\/wp-json\/wp\/v2\/types\/product"}],"wp:featuredmedia":[{"embeddable":true,"href":"https:\/\/mgvpublications.com\/de\/wp-json\/wp\/v2\/media\/3683"}],"wp:attachment":[{"href":"https:\/\/mgvpublications.com\/de\/wp-json\/wp\/v2\/media?parent=3653"}],"wp:term":[{"taxonomy":"product_cat","embeddable":true,"href":"https:\/\/mgvpublications.com\/de\/wp-json\/wp\/v2\/product_cat?post=3653"},{"taxonomy":"product_tag","embeddable":true,"href":"https:\/\/mgvpublications.com\/de\/wp-json\/wp\/v2\/product_tag?post=3653"},{"taxonomy":"item","embeddable":true,"href":"https:\/\/mgvpublications.com\/de\/wp-json\/wp\/v2\/item?post=3653"}],"curies":[{"name":"wp","href":"https:\/\/api.w.org\/{rel}","templated":true}]}}