{"id":3652,"date":"2019-04-02T22:43:13","date_gmt":"2019-04-02T20:43:13","guid":{"rendered":"https:\/\/dev2.mgvpublications.com\/produkt\/import-placeholder-for-6034\/"},"modified":"2022-03-08T22:29:14","modified_gmt":"2022-03-08T21:29:14","slug":"attila-avrupayi-dize-getiren-tuerk","status":"publish","type":"product","link":"https:\/\/mgvpublications.com\/de\/attila-avrupayi-dize-getiren-tuerk\/","title":{"rendered":"Attila-Avrupay\u0131 Dize Getiren T\u00fcrk"},"content":{"rendered":"<p>ISBN: 6050827798<br \/>\nBask\u0131 Say\u0131s\u0131: 2. Bask\u0131<br \/>\nDil: T\u00dcRK\u00c7E<br \/>\nSayfa Say\u0131s\u0131:384<br \/>\nCilt Tipi: Karton Kapak<br \/>\nKa\u011f\u0131t Cinsi: Kitap Ka\u011f\u0131d\u0131<br \/>\nBoyut: 13.5 x 21 cm<\/p>","protected":false},"excerpt":{"rendered":"<p>Attila\u2019yd\u0131 o.<br \/>\nErken ya\u015flar\u0131ndan itibaren cesareti ve iradesiyle aman vermez bir rakip olarak \u00e7\u0131kt\u0131 herkesin kar\u015f\u0131s\u0131na.<br \/>\nDiplomatik esir olarak Roma\u2019ya g\u00f6nderildi. M\u00fcthi\u015f bir sava\u015f\u00e7\u0131 olarak Hun \u00fclkesine d\u00f6nd\u00fc.<br \/>\nVerdi\u011fi m\u00fccadele sadece d\u00fc\u015fmanlar\u0131na kar\u015f\u0131 de\u011fildi.<br \/>\nKarde\u015f bildikleri onu hi\u00e7 ummad\u0131\u011f\u0131 yerden de vurmak istediler, direndi.<br \/>\nHem Do\u011fu hem Bat\u0131 Roma\u2019ya h\u00fckmetti.<br \/>\nTarihte ilk kez Papa\u2019ya diz \u00e7\u00f6kt\u00fcrd\u00fc.<br \/>\nDo\u011fuda Sasanilere ge\u00e7it vermedi.<br \/>\nVe bin y\u0131llara uzanan bir isim b\u0131rakt\u0131 geriye.<br \/>\nAttila\u2019yd\u0131 o.<\/p>","protected":false},"featured_media":3682,"template":"","meta":{"spay_email":""},"product_cat":[168,170],"product_tag":[],"item":[360],"acf":[],"_links":{"self":[{"href":"https:\/\/mgvpublications.com\/de\/wp-json\/wp\/v2\/product\/3652"}],"collection":[{"href":"https:\/\/mgvpublications.com\/de\/wp-json\/wp\/v2\/product"}],"about":[{"href":"https:\/\/mgvpublications.com\/de\/wp-json\/wp\/v2\/types\/product"}],"wp:featuredmedia":[{"embeddable":true,"href":"https:\/\/mgvpublications.com\/de\/wp-json\/wp\/v2\/media\/3682"}],"wp:attachment":[{"href":"https:\/\/mgvpublications.com\/de\/wp-json\/wp\/v2\/media?parent=3652"}],"wp:term":[{"taxonomy":"product_cat","embeddable":true,"href":"https:\/\/mgvpublications.com\/de\/wp-json\/wp\/v2\/product_cat?post=3652"},{"taxonomy":"product_tag","embeddable":true,"href":"https:\/\/mgvpublications.com\/de\/wp-json\/wp\/v2\/product_tag?post=3652"},{"taxonomy":"item","embeddable":true,"href":"https:\/\/mgvpublications.com\/de\/wp-json\/wp\/v2\/item?post=3652"}],"curies":[{"name":"wp","href":"https:\/\/api.w.org\/{rel}","templated":true}]}}