{"id":3651,"date":"2019-04-02T22:43:13","date_gmt":"2019-04-02T20:43:13","guid":{"rendered":"https:\/\/dev2.mgvpublications.com\/produkt\/import-placeholder-for-6033\/"},"modified":"2022-03-08T22:29:14","modified_gmt":"2022-03-08T21:29:14","slug":"atasoezlerinin-cikis-hikayeleri","status":"publish","type":"product","link":"https:\/\/mgvpublications.com\/de\/atasoezlerinin-cikis-hikayeleri\/","title":{"rendered":"Atas\u00f6zlerinin \u00c7\u0131k\u0131\u015f Hikayeleri"},"content":{"rendered":"<p>ISBN: 6055094683<br \/>\nBask\u0131 Say\u0131s\u0131: 1. Bask\u0131<br \/>\nDil: T\u00dcRK\u00c7E<br \/>\nSayfa Say\u0131s\u0131: 496<br \/>\nCilt Tipi: Karton Kapak<br \/>\nKa\u011f\u0131t Cinsi: Kitap Ka\u011f\u0131d\u0131<br \/>\nBoyut: 15 x 22 cm<\/p>","protected":false},"excerpt":{"rendered":"<p>Derler ki\u2026<\/p>\n<p>G\u00f6ky\u00fcz\u00fcne yamanm\u0131\u015f el ayas\u0131 kadar bir bulut, kendisini s\u00fcr\u00fcy\u00fcp da\u011f\u0131tacak hafif bir r\u00fczg\u00e2r bekliyordu. Ama ne g\u00f6kte, ne yerde yaprak k\u0131m\u0131ldatacak bir esinti vard\u0131\u2026 Sapsar\u0131 bir s\u0131cak; k\u0131r\u0131\u015f\u0131k ensesinden oklanm\u0131\u015f sar\u0131\u015f\u0131n bir dev gibi, bozk\u0131ra y\u00fcz\u00fckoyun uzanm\u0131\u015f yat\u0131yordu\u2026\u201d<\/p>\n<p>\u2022Sevgili \u00f6\u011frenciler; her hik\u00e2yemizin alt\u0131nda, o hik\u00e2yede ge\u00e7en kelimelerin g\u00fcn\u00fcm\u00fcz T\u00fcrk\u00e7esini, hik\u00e2yelerin \u00f6zetini ve atas\u00f6zlerinin anlam\u0131n\u0131 bulacaks\u0131n\u0131z\u2026<br \/>\n\u2022K\u0131ymetli \u00f6\u011fretmenler; bu \u00e7al\u0131\u015fmam\u0131z\u0131 \u00f6\u011frencilerinizle payla\u015f\u0131p; Anadolu k\u00fclt\u00fcr\u00fc ve edebiyat a\u00e7\u0131s\u0131ndan inceleyip, de\u011ferlendirece\u011finizi umuyoruz\u2026<br \/>\n\u2022De\u011ferli okuyucular; \u201cAtas\u00f6zlerimizin \u00c7\u0131k\u0131\u015f Hik\u00e2yeleri\u201d ad\u0131 alt\u0131nda sundu\u011fumuz hik\u00e2yelerde, bir \u201cmesel\u201d veya bir \u201c\u00f6yk\u00fc\u201d tad\u0131n\u0131 bulaca\u011f\u0131n\u0131za inan\u0131yoruz\u2026 Bu ba\u015fucu kitab\u0131nda, zevkle okuyaca\u011f\u0131n\u0131z (77) Atas\u00f6z\u00fcm\u00fcz\u00fcn \u00e7\u0131k\u0131\u015f hik\u00e2yesiyle ge\u00e7mi\u015f zamana bir yolculuk i\u00e7in var m\u0131s\u0131n\u0131z?&#8230;<\/p>","protected":false},"featured_media":3681,"template":"","meta":{"spay_email":""},"product_cat":[168,170],"product_tag":[],"item":[404],"acf":[],"_links":{"self":[{"href":"https:\/\/mgvpublications.com\/de\/wp-json\/wp\/v2\/product\/3651"}],"collection":[{"href":"https:\/\/mgvpublications.com\/de\/wp-json\/wp\/v2\/product"}],"about":[{"href":"https:\/\/mgvpublications.com\/de\/wp-json\/wp\/v2\/types\/product"}],"wp:featuredmedia":[{"embeddable":true,"href":"https:\/\/mgvpublications.com\/de\/wp-json\/wp\/v2\/media\/3681"}],"wp:attachment":[{"href":"https:\/\/mgvpublications.com\/de\/wp-json\/wp\/v2\/media?parent=3651"}],"wp:term":[{"taxonomy":"product_cat","embeddable":true,"href":"https:\/\/mgvpublications.com\/de\/wp-json\/wp\/v2\/product_cat?post=3651"},{"taxonomy":"product_tag","embeddable":true,"href":"https:\/\/mgvpublications.com\/de\/wp-json\/wp\/v2\/product_tag?post=3651"},{"taxonomy":"item","embeddable":true,"href":"https:\/\/mgvpublications.com\/de\/wp-json\/wp\/v2\/item?post=3651"}],"curies":[{"name":"wp","href":"https:\/\/api.w.org\/{rel}","templated":true}]}}