{"id":3650,"date":"2019-04-02T22:43:13","date_gmt":"2019-04-02T20:43:13","guid":{"rendered":"https:\/\/dev2.mgvpublications.com\/produkt\/import-placeholder-for-6032\/"},"modified":"2024-02-06T22:11:47","modified_gmt":"2024-02-06T21:11:47","slug":"asr-i-saadetten-islam-davetcilerine-dersler","status":"publish","type":"product","link":"https:\/\/mgvpublications.com\/de\/asr-i-saadetten-islam-davetcilerine-dersler\/","title":{"rendered":"Asr-i Saadet&#8217;ten Islam Davetcilerine Dersler"},"content":{"rendered":"<p>ISBN: 6055000363<br \/>\nBask\u0131 Say\u0131s\u0131: 1. Bask\u0131<br \/>\nDil: T\u00dcRK\u00c7E<br \/>\nSayfa Say\u0131s\u0131: 232<br \/>\nCilt Tipi: Karton Kapak<br \/>\nKa\u011f\u0131t Cinsi: Kitap Ka\u011f\u0131d\u0131<br \/>\nBoyut: 13.5 x 21 cm<\/p>","protected":false},"excerpt":{"rendered":"<p>Irk\u00e7\u0131 Emperyalizm, Siyonizm ve Ha\u00e7l\u0131 i\u015fbirli\u011fi ile uygulanan bask\u0131, zul\u00fcm ve i\u015fgallerle M\u00fcsl\u00fcman co\u011frafyas\u0131n\u0131n adeta bir yang\u0131n yerine d\u00f6nd\u00fc\u011f\u00fc, i\u015fbirlik\u00e7i kukla y\u00f6netimler, ekonomik ambargolar, krizler ve \u00e7e\u015fitli taktiklerle M\u00fcsl\u00fcman halklar\u0131n ezildi\u011fi bir d\u00f6nemi ya\u015f\u0131yoruz. Allah\u2019\u0131m\u0131z\u0131n b\u00fcy\u00fck g\u00fcnahlar olarak sayd\u0131\u011f\u0131 ve kesin olarak yasaklad\u0131\u011f\u0131, ge\u00e7mi\u015f kavimlerin de helak\u0131na sebep olan bir\u00e7ok haram\u0131n alenen i\u015flenen s\u0131radan i\u015fler haline d\u00f6n\u00fc\u015ft\u00fc\u011f\u00fc zamanlardan ge\u00e7iyoruz.<\/p>\n<p>\u0130\u00e7ki, kumar, zina, faiz gibi, Kur\u2019an\u2019\u0131n kesin h\u00fck\u00fcmlerle yasaklad\u0131\u011f\u0131 bu haramlar\u0131n kurumsalla\u015ft\u0131\u011f\u0131na, resmi koruma alt\u0131na al\u0131nd\u0131\u011f\u0131na, ciddi b\u00fct\u00e7elerle rekl\u00e2m\u0131 yap\u0131larak gelirlerinden vergi al\u0131n\u0131p me\u015frula\u015ft\u0131r\u0131ld\u0131klar\u0131na \u015fahit oluyoruz. \u0130\u015fte b\u00f6yle bir zaman diliminde davet ve tebli\u011f g\u00fcn\u00fcm\u00fcz M\u00fcsl\u00fcman\u0131n\u0131n \u00f6ncelikli g\u00fcndemi olmak zorundad\u0131r.<\/p>","protected":false},"featured_media":3680,"template":"","meta":{"spay_email":""},"product_cat":[180],"product_tag":[],"item":[335],"acf":[],"_links":{"self":[{"href":"https:\/\/mgvpublications.com\/de\/wp-json\/wp\/v2\/product\/3650"}],"collection":[{"href":"https:\/\/mgvpublications.com\/de\/wp-json\/wp\/v2\/product"}],"about":[{"href":"https:\/\/mgvpublications.com\/de\/wp-json\/wp\/v2\/types\/product"}],"wp:featuredmedia":[{"embeddable":true,"href":"https:\/\/mgvpublications.com\/de\/wp-json\/wp\/v2\/media\/3680"}],"wp:attachment":[{"href":"https:\/\/mgvpublications.com\/de\/wp-json\/wp\/v2\/media?parent=3650"}],"wp:term":[{"taxonomy":"product_cat","embeddable":true,"href":"https:\/\/mgvpublications.com\/de\/wp-json\/wp\/v2\/product_cat?post=3650"},{"taxonomy":"product_tag","embeddable":true,"href":"https:\/\/mgvpublications.com\/de\/wp-json\/wp\/v2\/product_tag?post=3650"},{"taxonomy":"item","embeddable":true,"href":"https:\/\/mgvpublications.com\/de\/wp-json\/wp\/v2\/item?post=3650"}],"curies":[{"name":"wp","href":"https:\/\/api.w.org\/{rel}","templated":true}]}}