{"id":3649,"date":"2019-04-02T22:43:13","date_gmt":"2019-04-02T20:43:13","guid":{"rendered":"https:\/\/dev2.mgvpublications.com\/produkt\/import-placeholder-for-6031\/"},"modified":"2022-03-08T22:29:14","modified_gmt":"2022-03-08T21:29:14","slug":"askin-son-nefesi","status":"publish","type":"product","link":"https:\/\/mgvpublications.com\/de\/askin-son-nefesi\/","title":{"rendered":"Askin Son Nefesi"},"content":{"rendered":"<p>ISBN: 6054308446<br \/>\nBask\u0131 Say\u0131s\u0131: 10. Bask\u0131<br \/>\nDil: T\u00dcRK\u00c7E<br \/>\nSayfa Say\u0131s\u0131: 304<br \/>\nCilt Tipi: Karton Kapak<br \/>\nKa\u011f\u0131t Cinsi: Kitap Ka\u011f\u0131d\u0131<br \/>\nBoyut: 14 x 21 cm<\/p>","protected":false},"excerpt":{"rendered":"<p>Hi\u00e7 \u00e2\u015f\u0131k oldunuz mu?<br \/>\nSevdiniz, sevildiniz mi hi\u00e7?<br \/>\nA\u015fk\u0131 biliyor musunuz?<br \/>\nA\u015fk\u0131 ya\u015famak ister misiniz?<\/p>\n<p>Bu kitap tam size g\u00f6re\u2026<br \/>\nA\u015fk\u0131 bilmeden a\u015fk anlat\u0131lmaz.<br \/>\nA\u015fk, herkesin bildi\u011fi bir kelime\u2026<br \/>\nAma herkesin hissetti\u011fi bir duygu de\u011fil.<\/p>\n<p>\u015eems-i Tebrizi\u2019nin a\u015fk\u0131 anlat\u0131l\u0131yor bu kitapta\u2026<br \/>\nDaha \u00f6nce onlarcas\u0131 anlatt\u0131\u2026<br \/>\nHer anlatan, kendi a\u015fk anlay\u0131\u015f\u0131n\u0131 anlatt\u0131\u2026<br \/>\nKimi \u015eems-i Tebrizi\u2019yi Mevlana\u2019n\u0131n a\u015f\u0131\u011f\u0131 g\u00f6rd\u00fc. Kimi kendine \u00e2\u015f\u0131k. Kimi<br \/>\nAllah a\u015fk\u0131ndan bahsetti, kimi Kimya\u2019ya duyulan a\u015fk k\u0131skan\u00e7l\u0131\u011f\u0131ndan.<br \/>\nKimi as\u0131rlar \u00f6ncesinin bu a\u015fk\u0131n\u0131, Leyla Mecnun sevdas\u0131 gibi yorumlard\u0131\u2026 Kimi a\u015fk kelimesini g\u00fcn\u00fcm\u00fcz\u00fcn bedensel sevi\u015fmeleriyle yorumlad\u0131.<br \/>\nKimi sap\u0131k duygular\u0131na\u2026 Kimi i\u011fren\u00e7 arzular\u0131na \u015eems-i Tebrizi ile Mevlana a\u015fk\u0131nda temeller arad\u0131\u2026<\/p>\n<p>Hi\u00e7 \u00e2\u015f\u0131k olmad\u0131n\u0131z m\u0131?<br \/>\nOkuyun\u2026<br \/>\n\u00c2\u015f\u0131k olacaks\u0131n\u0131z\u2026<br \/>\nKime mi?<br \/>\nTabii ki biricik a\u015fk\u0131n\u0131z<\/p>","protected":false},"featured_media":3679,"template":"","meta":{"spay_email":""},"product_cat":[168],"product_tag":[],"item":[412],"acf":[],"_links":{"self":[{"href":"https:\/\/mgvpublications.com\/de\/wp-json\/wp\/v2\/product\/3649"}],"collection":[{"href":"https:\/\/mgvpublications.com\/de\/wp-json\/wp\/v2\/product"}],"about":[{"href":"https:\/\/mgvpublications.com\/de\/wp-json\/wp\/v2\/types\/product"}],"wp:featuredmedia":[{"embeddable":true,"href":"https:\/\/mgvpublications.com\/de\/wp-json\/wp\/v2\/media\/3679"}],"wp:attachment":[{"href":"https:\/\/mgvpublications.com\/de\/wp-json\/wp\/v2\/media?parent=3649"}],"wp:term":[{"taxonomy":"product_cat","embeddable":true,"href":"https:\/\/mgvpublications.com\/de\/wp-json\/wp\/v2\/product_cat?post=3649"},{"taxonomy":"product_tag","embeddable":true,"href":"https:\/\/mgvpublications.com\/de\/wp-json\/wp\/v2\/product_tag?post=3649"},{"taxonomy":"item","embeddable":true,"href":"https:\/\/mgvpublications.com\/de\/wp-json\/wp\/v2\/item?post=3649"}],"curies":[{"name":"wp","href":"https:\/\/api.w.org\/{rel}","templated":true}]}}