{"id":3621,"date":"2019-04-02T22:43:13","date_gmt":"2019-04-02T20:43:13","guid":{"rendered":"https:\/\/dev2.mgvpublications.com\/produkt\/import-placeholder-for-6029\/"},"modified":"2022-04-12T15:33:10","modified_gmt":"2022-04-12T13:33:10","slug":"arzin-kapisi-kudues-mescid-i-aksa","status":"publish","type":"product","link":"https:\/\/mgvpublications.com\/de\/arzin-kapisi-kudues-mescid-i-aksa\/","title":{"rendered":"Arz\u0131n Kap\u0131s\u0131 Kud\u00fcs Mescid-i Aksa"},"content":{"rendered":"<p>Yay\u0131n Tarihi: 2018-06-07<br \/>\nISBN: 6050824254<br \/>\nBask\u0131 Say\u0131s\u0131: 5. Bask\u0131<br \/>\nDil: T\u00dcRK\u00c7E<br \/>\nSayfa Say\u0131s\u0131: 344<br \/>\nCilt Tipi: Karton Kapak<br \/>\nKa\u011f\u0131t Cinsi: 1. Hm. Ka\u011f\u0131t<br \/>\nBoyut: 13.5 x 21 cm<\/p>","protected":false},"excerpt":{"rendered":"<p>Kitaplar\u0131, televizyon programlar\u0131 ve gezileriyle binlerce insan\u0131 keyifli bir tarih yolculu\u011funa \u00e7\u0131karan Talha U\u011furluel anlat\u0131yor.<br \/>\nArz\u0131n Kap\u0131s\u0131 Kud\u00fcs ilk defa kullan\u0131lan foto\u011fraflar ve \u015fehir haritas\u0131yla sizi \u015fehrin damarlar\u0131nda gezdiriyor, tam bir g\u00f6rsel \u015f\u00f6len sunuyor.<br \/>\nKud\u00fcs\u2026 D\u00fcnyada hi\u00e7bir \u015fehir dinler tarihi a\u00e7\u0131s\u0131ndan Kud\u00fcs\u2019le yar\u0131\u015famaz. \u00dc\u00e7 semavi dinin de bu beldeyi aziz tuttu\u011funu, onun i\u00e7in m\u00fccadele etti\u011fini biliyoruz.<br \/>\nYa bilmediklerimiz\u2026 Anlat\u0131lmayanlar\u2026 G\u00f6r\u00fclmeyenler\u2026<br \/>\n*\u0130srailo\u011fullar\u0131n\u0131 Kud\u00fcs\u2019e ta\u015f\u0131yan peygamber kimdi? Hz. Musa Kud\u00fcs&#8217;\u00fc g\u00f6rm\u00fc\u015f m\u00fcyd\u00fc?<br \/>\n* Hz. S\u00fcleyman\u2019\u0131n kabri nerede?<br \/>\n*Mardinli Artuk Bey\u2019in Kud\u00fcs\u2019te ne i\u015fi vard\u0131? Kud\u00fcs T\u00fcrk h\u00e2kimiyetinde neler ya\u015fad\u0131?<br \/>\n*Selahaddin Eyyubi\u2019nin Kad\u0131nlar Mescidi ge\u00e7mi\u015fte Tap\u0131nak \u015e\u00f6valyeleri\u2019nin y\u00f6netim merkezi miydi?<br \/>\n*Osmanl\u0131\u2019y\u0131 arkadan vuran \u015eerif H\u00fcseyin ve o\u011fullar\u0131n\u0131n ak\u0131beti ne oldu?<br \/>\n*Hitler, Yahudi s\u00fcrg\u00fcn\u00fc fikrini Roma \u0130mparatoru Hadrian&#8217;dan alm\u0131\u015f olabilir miydi?<br \/>\n*Filistin devletinin temellerini atan, \u00c7anakkale gazisi Muhammed Emin el-H\u00fcseyni T\u00fcrkiye\u2019ye neden ka\u00e7ak girmek zorunda kald\u0131?<br \/>\nBu kitab\u0131 okudu\u011funuzda Taht-\u0131 S\u00fcleyman\u2019dan Antonia Kulesi\u2019ne, Mescid-i Aksa\u2019dan Kubbet\u00fc\u2019s-Sahra\u2019ya bir\u00e7ok mek\u00e2n\u0131 g\u00f6rm\u00fc\u015f gibi olacaks\u0131n\u0131z.<\/p>","protected":false},"featured_media":3638,"template":"","meta":{"spay_email":""},"product_cat":[180,170],"product_tag":[],"item":[360],"acf":[],"_links":{"self":[{"href":"https:\/\/mgvpublications.com\/de\/wp-json\/wp\/v2\/product\/3621"}],"collection":[{"href":"https:\/\/mgvpublications.com\/de\/wp-json\/wp\/v2\/product"}],"about":[{"href":"https:\/\/mgvpublications.com\/de\/wp-json\/wp\/v2\/types\/product"}],"wp:featuredmedia":[{"embeddable":true,"href":"https:\/\/mgvpublications.com\/de\/wp-json\/wp\/v2\/media\/3638"}],"wp:attachment":[{"href":"https:\/\/mgvpublications.com\/de\/wp-json\/wp\/v2\/media?parent=3621"}],"wp:term":[{"taxonomy":"product_cat","embeddable":true,"href":"https:\/\/mgvpublications.com\/de\/wp-json\/wp\/v2\/product_cat?post=3621"},{"taxonomy":"product_tag","embeddable":true,"href":"https:\/\/mgvpublications.com\/de\/wp-json\/wp\/v2\/product_tag?post=3621"},{"taxonomy":"item","embeddable":true,"href":"https:\/\/mgvpublications.com\/de\/wp-json\/wp\/v2\/item?post=3621"}],"curies":[{"name":"wp","href":"https:\/\/api.w.org\/{rel}","templated":true}]}}