{"id":3620,"date":"2020-12-01T11:59:55","date_gmt":"2020-12-01T10:59:55","guid":{"rendered":"https:\/\/dev2.mgvpublications.com\/produkt\/import-placeholder-for-6028\/"},"modified":"2022-05-08T11:08:37","modified_gmt":"2022-05-08T09:08:37","slug":"arsin-goelgesindeki-genc","status":"publish","type":"product","link":"https:\/\/mgvpublications.com\/de\/arsin-goelgesindeki-genc\/","title":{"rendered":"Ar\u015f\u0131n G\u00f6lgesindeki Gen\u00e7"},"content":{"rendered":"<p>Yay\u0131n Tarihi: 02.03.2021<br \/>ISBN: 9786055271114<br \/>Dil: T\u00dcRK\u00c7E<br \/>Sayfa Say\u0131s\u0131: 192<br \/>Cilt Tipi: Karton Kapak<br \/>Ka\u011f\u0131t Cinsi: Kitap Ka\u011f\u0131d\u0131<br \/>Boyut: 13.5 x 21 cm<\/p>","protected":false},"excerpt":{"rendered":"<p>Teknolojinin cazibesine kanmayan, Kullanan ama kullanmayan, Ufuklara, \u00f6telerdeki diyarlara, Kendisini Allah\u2019\u0131n kulu, \u00dcmmetini ailesi, \u00dcmmetine hizmeti de cihat olarak bilen, Umut y\u00fckl\u00fc, Heyecanl\u0131, Sab\u0131rl\u0131, Basiretli, M\u00fc\u2019min gen\u00e7! Bu kitaptaki s\u00f6zler senin i\u00e7in yaz\u0131ld\u0131. Ko\u015farken yorulma, Ar\u015f\u2019\u0131n g\u00f6lgesini bulmadan oturma diye, Sana selam olsun ey\u2026 Namazl\u0131, hayal\u0131 gen\u00e7, \u0130ffetini ruhunu bilen gen\u00e7, Senin pe\u015finden y\u00fcr\u00fcyecek nesillere de, sana ba\u011fr\u0131n\u0131 a\u00e7an \u00fcmmete de Selam olsun.<\/p>","protected":false},"featured_media":20282,"template":"","meta":{"spay_email":""},"product_cat":[174],"product_tag":[],"item":[363],"acf":[],"_links":{"self":[{"href":"https:\/\/mgvpublications.com\/de\/wp-json\/wp\/v2\/product\/3620"}],"collection":[{"href":"https:\/\/mgvpublications.com\/de\/wp-json\/wp\/v2\/product"}],"about":[{"href":"https:\/\/mgvpublications.com\/de\/wp-json\/wp\/v2\/types\/product"}],"wp:featuredmedia":[{"embeddable":true,"href":"https:\/\/mgvpublications.com\/de\/wp-json\/wp\/v2\/media\/20282"}],"wp:attachment":[{"href":"https:\/\/mgvpublications.com\/de\/wp-json\/wp\/v2\/media?parent=3620"}],"wp:term":[{"taxonomy":"product_cat","embeddable":true,"href":"https:\/\/mgvpublications.com\/de\/wp-json\/wp\/v2\/product_cat?post=3620"},{"taxonomy":"product_tag","embeddable":true,"href":"https:\/\/mgvpublications.com\/de\/wp-json\/wp\/v2\/product_tag?post=3620"},{"taxonomy":"item","embeddable":true,"href":"https:\/\/mgvpublications.com\/de\/wp-json\/wp\/v2\/item?post=3620"}],"curies":[{"name":"wp","href":"https:\/\/api.w.org\/{rel}","templated":true}]}}