{"id":3619,"date":"2019-04-02T22:43:05","date_gmt":"2019-04-02T20:43:05","guid":{"rendered":"https:\/\/dev2.mgvpublications.com\/produkt\/import-placeholder-for-6027\/"},"modified":"2022-04-07T15:13:33","modified_gmt":"2022-04-07T13:13:33","slug":"araf","status":"publish","type":"product","link":"https:\/\/mgvpublications.com\/de\/araf\/","title":{"rendered":"Araf"},"content":{"rendered":"<p>Yay\u0131n Tarihi: 2014-04-24<br \/>\nISBN: 6054956005<br \/>\nBask\u0131 Say\u0131s\u0131: 1. Bask\u0131<br \/>\nDil: T\u00dcRK\u00c7E<br \/>\nSayfa Say\u0131s\u0131: 140<br \/>\nCilt Tipi: Karton Kapak<br \/>\nKa\u011f\u0131t Cinsi: Kitap Ka\u011f\u0131d\u0131<br \/>\nBoyut: 13.5 x 21 cm<\/p>","protected":false},"excerpt":{"rendered":"<p>\u00c2r\u00e2ftay\u0131m<br \/>\nZeytin g\u00f6lgesinde serinlese de g\u00fcnah\u0131m;<br \/>\nBilirim ki Sekar vurunca, i\u015fe yaramaz g\u00f6lgeler.<br \/>\nAlevler k\u00f6r\u00fckleyen ate\u015fli ah\u0131m,<br \/>\nMaden gibi eritirken semay\u0131<br \/>\nYetim ba\u015f\u0131 ok\u015fayan elim olacak silah\u0131m.<br \/>\nOysa \u015fimdi avu\u00e7lar\u0131nday\u0131m,<\/p>\n<p>Bir a\u015fk kalesinin bur\u00e7lar\u0131nday\u0131m.<br \/>\nSal beni,<br \/>\nK\u0131z\u0131l alevler almadan;<br \/>\nHesap mah\u015fere kalmadan<br \/>\nSal beni Hazeran,<br \/>\nSal\u2026<\/p>\n<p>Ortas\u0131nday\u0131m, tandan \u00e7ok uzakta g\u00fcn ortas\u0131nda;<br \/>\nAlevin, k\u00f6z\u00fcn ve g\u00f6z\u00fcn sultas\u0131nda.<br \/>\nAraftay\u0131m<br \/>\nSol aya\u011f\u0131m\u0131 yalar Cehennem alevi.<br \/>\nKime ne diyeyim,<br \/>\nBendim emziren o azg\u0131n devi.<br \/>\nSa\u011f elim Reyyan kap\u0131s\u0131nda Cennet\u2019in,<br \/>\nAraftay\u0131m, ad\u0131 bu olsa gerek cinnetin!<br \/>\nUzan\u0131yorum varam\u0131yorum,<br \/>\nKilitli dudaklar\u0131m yalvaram\u0131yorum!<br \/>\nNa\u00e7ar kelimeden dil\u2026<br \/>\nBilemedim benden daha m\u0131 masum Kabil ?<\/p>","protected":false},"featured_media":3636,"template":"","meta":{"spay_email":""},"product_cat":[168],"product_tag":[],"item":[409],"acf":[],"_links":{"self":[{"href":"https:\/\/mgvpublications.com\/de\/wp-json\/wp\/v2\/product\/3619"}],"collection":[{"href":"https:\/\/mgvpublications.com\/de\/wp-json\/wp\/v2\/product"}],"about":[{"href":"https:\/\/mgvpublications.com\/de\/wp-json\/wp\/v2\/types\/product"}],"wp:featuredmedia":[{"embeddable":true,"href":"https:\/\/mgvpublications.com\/de\/wp-json\/wp\/v2\/media\/3636"}],"wp:attachment":[{"href":"https:\/\/mgvpublications.com\/de\/wp-json\/wp\/v2\/media?parent=3619"}],"wp:term":[{"taxonomy":"product_cat","embeddable":true,"href":"https:\/\/mgvpublications.com\/de\/wp-json\/wp\/v2\/product_cat?post=3619"},{"taxonomy":"product_tag","embeddable":true,"href":"https:\/\/mgvpublications.com\/de\/wp-json\/wp\/v2\/product_tag?post=3619"},{"taxonomy":"item","embeddable":true,"href":"https:\/\/mgvpublications.com\/de\/wp-json\/wp\/v2\/item?post=3619"}],"curies":[{"name":"wp","href":"https:\/\/api.w.org\/{rel}","templated":true}]}}