{"id":3616,"date":"2019-04-02T22:43:04","date_gmt":"2019-04-02T20:43:04","guid":{"rendered":"https:\/\/dev2.mgvpublications.com\/produkt\/import-placeholder-for-6024\/"},"modified":"2022-03-08T22:29:10","modified_gmt":"2022-03-08T21:29:10","slug":"amat","status":"publish","type":"product","link":"https:\/\/mgvpublications.com\/de\/amat\/","title":{"rendered":"Amat"},"content":{"rendered":"<p>Yay\u0131n Tarihi: 2018-08-29<br \/>\nISBN: 9750503724<br \/>\nBask\u0131 Say\u0131s\u0131: 17. Bask\u0131<br \/>\nDil: T\u00dcRK\u00c7E<br \/>\nSayfa Say\u0131s\u0131: 239<br \/>\nCilt Tipi: Karton Kapak<br \/>\nKa\u011f\u0131t Cinsi: Kitap Ka\u011f\u0131d\u0131<br \/>\nBoyut: 13 x 19.5 cm<\/p>","protected":false},"excerpt":{"rendered":"<p>K\u0131y\u0131da ise \u00fc\u00e7 direkli, iki g\u00fcverteli ve 58 toplu bir kalyon, o karanl\u0131kta usturma\u00e7alar\u0131n\u0131 puta edip iskeleye palamar vermi\u015fti. Yelkenlerin sar\u0131l\u0131 oldu\u011fu serenler hisa edilmi\u015f ve tez zamanda yola \u00e7\u0131kaca\u011f\u0131n\u0131 il\u00e2n i\u00e7in mizana<br \/>\ndire\u011fine mavi bayrak \u00e7ekilmi\u015fti. Esrarengiz adam, kalabal\u0131\u011f\u0131 yar\u0131p elinden tuttu\u011fu \u0130sr\u00e2fil&#8217;le iskeleden gemiye do\u011fru y\u00fcr\u00fcmeye ba\u015flad\u0131. Kalyonun dikmesinin palangalar\u0131na as\u0131lan ve t\u0131raka tutan gemicilere vardiyan, Yisa, sizi gidi s\u00fct\u00fc bozuk s\u00fcnepeler! Yisa beraber! Varda ruhsuzlar! Varda! Bre aman! La\u015fka! La\u015fka!? diye feryat ediyor ve hur\u00e7lar\u0131n, sand\u0131klar\u0131n ve f\u0131\u00e7\u0131lar\u0131n ambarlara us\u00fbl\u00fcnce istifine nezaret ediyordu. G\u00fcne\u015fin do\u011fmas\u0131na 7 saat kala esrarengiz adam, s\u00fcrme iskeleden kalyonun \u00e7ukur g\u00fcvertesine \u00e7\u0131kmak istedi. Fakat eline ne kadar as\u0131l\u0131rsa as\u0131ls\u0131n E\u015fek \u0130sr\u00e2fil yerinden bir t\u00fcrl\u00fc k\u0131m\u0131ldam\u0131yordu. O karanl\u0131kta eline son bir kez daha as\u0131l\u0131p ?Gel y\u00e2 m\u00fcbarek!? diye nida eyledi. Bunun \u00fczerine \u00e7ocuk her nedense inat etmekten vazge\u00e7ti. Ne var ki, s\u00fcrme iskelenin kayganl\u0131\u011f\u0131ndan dolay\u0131 d\u00fc\u015fmemek i\u00e7in midir, \u0130sr\u00e2fil&#8217;in ku\u015fa\u011f\u0131na 40-50 ya\u015flar\u0131nda, iri yap\u0131l\u0131, s\u0131rma i\u015flemeli siyah kaput giymi\u015f biri yap\u0131\u015fm\u0131\u015ft\u0131. \u0130\u015fte bu adam ku\u015fa\u011f\u0131 b\u0131rak\u0131p k\u00fcpe\u015fteye tutundu ve g\u00fcverteye ayak bast\u0131. Bunun il\u00e2h\u00ee d\u00fczenin bozulmas\u0131 demek oldu\u011funu hi\u00e7 kimse bilmeyecekti.<\/p>","protected":false},"featured_media":3633,"template":"","meta":{"spay_email":""},"product_cat":[168],"product_tag":[],"item":[365],"acf":[],"_links":{"self":[{"href":"https:\/\/mgvpublications.com\/de\/wp-json\/wp\/v2\/product\/3616"}],"collection":[{"href":"https:\/\/mgvpublications.com\/de\/wp-json\/wp\/v2\/product"}],"about":[{"href":"https:\/\/mgvpublications.com\/de\/wp-json\/wp\/v2\/types\/product"}],"wp:featuredmedia":[{"embeddable":true,"href":"https:\/\/mgvpublications.com\/de\/wp-json\/wp\/v2\/media\/3633"}],"wp:attachment":[{"href":"https:\/\/mgvpublications.com\/de\/wp-json\/wp\/v2\/media?parent=3616"}],"wp:term":[{"taxonomy":"product_cat","embeddable":true,"href":"https:\/\/mgvpublications.com\/de\/wp-json\/wp\/v2\/product_cat?post=3616"},{"taxonomy":"product_tag","embeddable":true,"href":"https:\/\/mgvpublications.com\/de\/wp-json\/wp\/v2\/product_tag?post=3616"},{"taxonomy":"item","embeddable":true,"href":"https:\/\/mgvpublications.com\/de\/wp-json\/wp\/v2\/item?post=3616"}],"curies":[{"name":"wp","href":"https:\/\/api.w.org\/{rel}","templated":true}]}}