{"id":3615,"date":"2019-04-02T22:43:04","date_gmt":"2019-04-02T20:43:04","guid":{"rendered":"https:\/\/dev2.mgvpublications.com\/produkt\/import-placeholder-for-6023\/"},"modified":"2022-03-08T22:29:10","modified_gmt":"2022-03-08T21:29:10","slug":"allahin-aslani-hz-hamza","status":"publish","type":"product","link":"https:\/\/mgvpublications.com\/de\/allahin-aslani-hz-hamza\/","title":{"rendered":"Allah&#8217;\u0131n Aslan\u0131 Hz. Hamza"},"content":{"rendered":"<p>K\u00e2\u011f\u0131t T\u00fcr\u00fc: \u0130thal K\u00e2\u011f\u0131t<br \/>\nCilt T\u00fcr\u00fc: Sert Kapak Ku\u015fe S\u0131vama Cilt<br \/>\nBoyutlar: 13,5x21cm<br \/>\nSayfa Say\u0131s\u0131: 176<br \/>\nISBN: 978-605-9495-67-7<br \/>\nBarkod: 9786059495677<\/p>","protected":false},"excerpt":{"rendered":"<p>Av d\u00f6n\u00fc\u015f\u00fc K\u00e2be&#8217;ye kavu\u015fmak ve tavaf etmek ayr\u0131 bir haz verirdi Hamza&#8217;ya. Nedendir bilinmez, i\u00e7inden bir \u015feyler kopar, y\u00fcre\u011findeki ya\u011flar erirdi tavaf ederken&#8230; Hamza&#8217;n\u0131n bu aydan d\u00f6n\u00fc\u015fteki tavaf manzaras\u0131 g\u00f6rme\u011fe de\u011ferdi. Zira da\u011flara ba\u015f e\u011fmeyen bir yi\u011fit olan Hamza&#8217;n\u0131n bu m\u00fctevaz\u0131 tavr\u0131, onun kadar yi\u011fitli\u011fi olmayan ba\u015fkalar\u0131na nispetle daha da bir de\u011ferli oluyordu. B\u00f6ylesine da\u011flar\u0131 bile ensesinden ba\u011flay\u0131p assalar e\u011filmeyecek olan bu dik ba\u015f, K\u00e2be \u00f6n\u00fcnde nas\u0131l da h\u00fcrmetle e\u011filiyordu. Ancak bu defa \u00e7ok daha ba\u015fka bir \u015fey olmu\u015ftu; Allah huzu-runda e\u011filmeyi reddeden Ebti Cehil ve yanda\u015flar\u0131, Hamza&#8217;dan iyi bir tokat yiyerek e\u011filmez zannettikleri dik ba\u015flar\u0131n\u0131 e\u011fmi\u015flerdi. Bu e\u011filme; K\u00e2be&#8217;nin Rabbi huzurunda ba\u015f\u0131n\u0131 h\u00fcrmetle e\u011fen Hamza gibi bir yi\u011fidin kahramanl\u0131\u011f\u0131 ve cesareti ve hatta \u00f6fkesi kar\u015f\u0131s\u0131nda e\u011filmekti. Bu ne kadar da garip bir tecelliydi&#8230; Hamza&#8217;n\u0131n namusu ve \u015ferefi i\u00e7in bedel olarak veremeyece\u011fi maddi ve manev\u00ee hi\u00e7bir \u015feyi zaten yoktu. Ancak onun bunlardan da \u00f6te, y\u00fcce bir gayesi ve d\u00e2v\u00e2s\u0131 da olacakt\u0131. \u015eimdi O; yarat\u0131lm\u0131\u015f varl\u0131klar\u0131n tamam\u0131n-dan \u00fcst\u00fcn olan Peygambere ve O&#8217;nun tevhid d\u00e2v\u00e2s\u0131na her \u015feyini adamaya haz\u0131r bulunuyordu. <\/p>","protected":false},"featured_media":3632,"template":"","meta":{"spay_email":""},"product_cat":[170],"product_tag":[],"item":[404],"acf":[],"_links":{"self":[{"href":"https:\/\/mgvpublications.com\/de\/wp-json\/wp\/v2\/product\/3615"}],"collection":[{"href":"https:\/\/mgvpublications.com\/de\/wp-json\/wp\/v2\/product"}],"about":[{"href":"https:\/\/mgvpublications.com\/de\/wp-json\/wp\/v2\/types\/product"}],"wp:featuredmedia":[{"embeddable":true,"href":"https:\/\/mgvpublications.com\/de\/wp-json\/wp\/v2\/media\/3632"}],"wp:attachment":[{"href":"https:\/\/mgvpublications.com\/de\/wp-json\/wp\/v2\/media?parent=3615"}],"wp:term":[{"taxonomy":"product_cat","embeddable":true,"href":"https:\/\/mgvpublications.com\/de\/wp-json\/wp\/v2\/product_cat?post=3615"},{"taxonomy":"product_tag","embeddable":true,"href":"https:\/\/mgvpublications.com\/de\/wp-json\/wp\/v2\/product_tag?post=3615"},{"taxonomy":"item","embeddable":true,"href":"https:\/\/mgvpublications.com\/de\/wp-json\/wp\/v2\/item?post=3615"}],"curies":[{"name":"wp","href":"https:\/\/api.w.org\/{rel}","templated":true}]}}