{"id":3614,"date":"2019-04-02T22:43:04","date_gmt":"2019-04-02T20:43:04","guid":{"rendered":"https:\/\/dev2.mgvpublications.com\/produkt\/import-placeholder-for-6022\/"},"modified":"2022-03-17T18:30:08","modified_gmt":"2022-03-17T17:30:08","slug":"allahini-seven-defanstan-ayrilmasin","status":"publish","type":"product","link":"https:\/\/mgvpublications.com\/de\/allahini-seven-defanstan-ayrilmasin\/","title":{"rendered":"Allah&#8217;\u0131n\u0131 Seven Defanstan Ayr\u0131lmas\u0131n"},"content":{"rendered":"<p>Yay\u0131n Tarihi: 2018-01-30<br \/>\nISBN: 6055000028<br \/>\nBask\u0131 Say\u0131s\u0131: 6. Bask\u0131<br \/>\nDil: T\u00dcRK\u00c7E<br \/>\nSayfa Say\u0131s\u0131: 189<br \/>\nCilt Tipi: Karton Kapak<br \/>\nKa\u011f\u0131t Cinsi: Kitap Ka\u011f\u0131d\u0131<br \/>\nBoyut: 13.5 x 21 cm<\/p>","protected":false},"excerpt":{"rendered":"<p>Ya\u015famak, ele ge\u00e7en paray\u0131 kitap ve dergilere yat\u0131rmakt\u0131r. Sahilde bir bankta Milli Gazete okumakt\u0131r. Meydan\u0131n orta yerinde, g\u00fcvercin\u00adlere yem vermektir. \u015eehrin i\u015flek caddelerinde, bisiklete binmektir. Ekranlara inat O\u011fuzhan Asilt\u00fcrk\u2019\u00fc sevmektir. M\u00fctevaz\u0131 bir kul\u00fcbeyi l\u00fcks bir daireye tercih etmektir. Ruhi Su\u2019dan &#8220;Ge\u00e7ti Dost Kervan\u0131\u201dn\u0131 dinlemektir. Bir yetimi sevindirmek, ihtiyar bir amcaya hat\u0131r sor\u00admakt\u0131r. Aya, y\u0131ld\u0131zlara ve g\u00fcne\u015fe bakmakt\u0131r. Mona Roza\u2019y\u0131 oku\u00admakt\u0131r. Ahmet Ulu\u00e7ay\u2019dan &#8220;Karpuz Kabu\u011fundan Gemiler Yapmak\u201d filmini izlemektir. \u00c7o\u011fu zaman meteliksiz kalmak, para buldu\u011funda da &#8220;yemekler benden\u201d demektir. Her se\u00e7im yenilgisinden sonra &#8220;\u0130slam Birli\u011fi\u2019\u2019ne daha \u00e7ok inanmakt\u0131r. \u0130ki ki\u015fiden biri kaybedecek\u00adse, kazanan olmaktan imtina etmektir. Tenhalarda h\u00fcz\u00fcnlenmektir. Muhtelif ebat ve \u00e7apta g\u00fcnahlarla, Allah\u2019tan ma\u011ffiret beklemektir.<\/p>","protected":false},"featured_media":3631,"template":"","meta":{"spay_email":""},"product_cat":[168,173],"product_tag":[],"item":[335],"acf":[],"_links":{"self":[{"href":"https:\/\/mgvpublications.com\/de\/wp-json\/wp\/v2\/product\/3614"}],"collection":[{"href":"https:\/\/mgvpublications.com\/de\/wp-json\/wp\/v2\/product"}],"about":[{"href":"https:\/\/mgvpublications.com\/de\/wp-json\/wp\/v2\/types\/product"}],"wp:featuredmedia":[{"embeddable":true,"href":"https:\/\/mgvpublications.com\/de\/wp-json\/wp\/v2\/media\/3631"}],"wp:attachment":[{"href":"https:\/\/mgvpublications.com\/de\/wp-json\/wp\/v2\/media?parent=3614"}],"wp:term":[{"taxonomy":"product_cat","embeddable":true,"href":"https:\/\/mgvpublications.com\/de\/wp-json\/wp\/v2\/product_cat?post=3614"},{"taxonomy":"product_tag","embeddable":true,"href":"https:\/\/mgvpublications.com\/de\/wp-json\/wp\/v2\/product_tag?post=3614"},{"taxonomy":"item","embeddable":true,"href":"https:\/\/mgvpublications.com\/de\/wp-json\/wp\/v2\/item?post=3614"}],"curies":[{"name":"wp","href":"https:\/\/api.w.org\/{rel}","templated":true}]}}