{"id":3612,"date":"2019-04-02T22:43:04","date_gmt":"2019-04-02T20:43:04","guid":{"rendered":"https:\/\/dev2.mgvpublications.com\/produkt\/import-placeholder-for-6019\/"},"modified":"2022-03-08T22:29:06","modified_gmt":"2022-03-08T21:29:06","slug":"allah-var-gam-yok","status":"publish","type":"product","link":"https:\/\/mgvpublications.com\/de\/allah-var-gam-yok\/","title":{"rendered":"Allah Var Gam Yok"},"content":{"rendered":"<p>Yay\u0131n Tarihi: 2018-03-09<br \/>\nISBN: 9752441897<br \/>\nBask\u0131 Say\u0131s\u0131: 1. Bask\u0131<br \/>\nDil: T\u00dcRK\u00c7E<br \/>\nSayfa Say\u0131s\u0131: 176<br \/>\nCilt Tipi: Karton Kapak<br \/>\nKa\u011f\u0131t Cinsi: Kitap Ka\u011f\u0131d\u0131<br \/>\nBoyut: 13.5 x 21 cm<\/p>","protected":false},"excerpt":{"rendered":"<p>Sak\u0131n \u00fcz\u00fclme, sak\u0131n!<br \/>\nAyet-el K\u00fcrsi\u2019nin \u201cO hi\u00e7 uyumaz\u201d dedi\u011fi bir Allah\u2019\u0131n var senin.<br \/>\nHi\u00e7 kimse olmasa da hi\u00e7 kimse duymasa da Allah sana yeter.<br \/>\nDarald\u0131\u011f\u0131nda, bunald\u0131\u011f\u0131nda, k\u00f6\u015feye s\u0131k\u0131\u015ft\u0131\u011f\u0131nda akl\u0131na onu getir.<br \/>\nEllerini a\u00e7 ve g\u00f6n\u00fclden dua et, Rabbinden iste. Kar\u0131ncan\u0131n bile sesini duyan Rabbim, senin mi sesini duymayacak karde\u015fim?<br \/>\nSenin kalbinden \u00e7\u0131ks\u0131n yeter ki sesler.<br \/>\nG\u00f6n\u00fclden iste yeter ki!<br \/>\nBak nas\u0131l da kabul olur dualar.<br \/>\nBak nas\u0131l da \u00e7i\u00e7ek a\u00e7ar umutlar.<br \/>\nYa\u011fmurlar en koyu bulutun ard\u0131ndan ya\u011far G\u00fcne\u015f, gecenin en zifiri karanl\u0131\u011f\u0131ndan sonra do\u011far. Allah\u2019\u0131n yard\u0131m\u0131 da b\u00f6yledir Sabret!<br \/>\nVe unutma;<br \/>\nAllah var, gam yok!<\/p>","protected":false},"featured_media":3629,"template":"","meta":{"spay_email":""},"product_cat":[168],"product_tag":[],"item":[401],"acf":[],"_links":{"self":[{"href":"https:\/\/mgvpublications.com\/de\/wp-json\/wp\/v2\/product\/3612"}],"collection":[{"href":"https:\/\/mgvpublications.com\/de\/wp-json\/wp\/v2\/product"}],"about":[{"href":"https:\/\/mgvpublications.com\/de\/wp-json\/wp\/v2\/types\/product"}],"wp:featuredmedia":[{"embeddable":true,"href":"https:\/\/mgvpublications.com\/de\/wp-json\/wp\/v2\/media\/3629"}],"wp:attachment":[{"href":"https:\/\/mgvpublications.com\/de\/wp-json\/wp\/v2\/media?parent=3612"}],"wp:term":[{"taxonomy":"product_cat","embeddable":true,"href":"https:\/\/mgvpublications.com\/de\/wp-json\/wp\/v2\/product_cat?post=3612"},{"taxonomy":"product_tag","embeddable":true,"href":"https:\/\/mgvpublications.com\/de\/wp-json\/wp\/v2\/product_tag?post=3612"},{"taxonomy":"item","embeddable":true,"href":"https:\/\/mgvpublications.com\/de\/wp-json\/wp\/v2\/item?post=3612"}],"curies":[{"name":"wp","href":"https:\/\/api.w.org\/{rel}","templated":true}]}}