{"id":3608,"date":"2019-04-02T22:43:04","date_gmt":"2019-04-02T20:43:04","guid":{"rendered":"https:\/\/dev2.mgvpublications.com\/produkt\/import-placeholder-for-6015\/"},"modified":"2022-05-14T12:14:22","modified_gmt":"2022-05-14T10:14:22","slug":"ahlak-ve-maneviyat-risalesi","status":"publish","type":"product","link":"https:\/\/mgvpublications.com\/de\/ahlak-ve-maneviyat-risalesi\/","title":{"rendered":"Ahlak ve Maneviyat Risalesi"},"content":{"rendered":"<p>Yay\u0131n Tarihi: 2016-03-01<br \/>\nISBN: 6055000370<br \/>\nBask\u0131 Say\u0131s\u0131: 3. Bask\u0131<br \/>\nDil: T\u00dcRK\u00c7E<br \/>\nSayfa Say\u0131s\u0131: 124<br \/>\nCilt Tipi: Karton Kapak<br \/>\nKa\u011f\u0131t Cinsi: Kitap Ka\u011f\u0131d\u0131<br \/>\nBoyut: 10.5 x 14 cm<\/p>","protected":false},"excerpt":{"rendered":"<p>Bu risalenin gayesi M\u00fc\u2019min\u2019in s\u00fcrekli hat\u0131rda tutmas\u0131 ve uygulamas\u0131 gereken baz\u0131 ahlak\u00ee ve manevi vazifelerini sade ve sistematik bir \u015fekilde hat\u0131rlatabilmek, M\u00fc\u2019min\u2019in g\u00fcnl\u00fck muhasebesini yapmas\u0131na yard\u0131mc\u0131 olmak, ahlaki tav\u0131rlar\u0131n\u0131 denetleyebilmesine katk\u0131 sa\u011flamak, s\u00fcnnete uygun nafilelerle maneviyat\u0131na destek olmakt\u0131r.<\/p>","protected":false},"featured_media":3625,"template":"","meta":{"spay_email":""},"product_cat":[171,174],"product_tag":[],"item":[335],"acf":[],"_links":{"self":[{"href":"https:\/\/mgvpublications.com\/de\/wp-json\/wp\/v2\/product\/3608"}],"collection":[{"href":"https:\/\/mgvpublications.com\/de\/wp-json\/wp\/v2\/product"}],"about":[{"href":"https:\/\/mgvpublications.com\/de\/wp-json\/wp\/v2\/types\/product"}],"wp:featuredmedia":[{"embeddable":true,"href":"https:\/\/mgvpublications.com\/de\/wp-json\/wp\/v2\/media\/3625"}],"wp:attachment":[{"href":"https:\/\/mgvpublications.com\/de\/wp-json\/wp\/v2\/media?parent=3608"}],"wp:term":[{"taxonomy":"product_cat","embeddable":true,"href":"https:\/\/mgvpublications.com\/de\/wp-json\/wp\/v2\/product_cat?post=3608"},{"taxonomy":"product_tag","embeddable":true,"href":"https:\/\/mgvpublications.com\/de\/wp-json\/wp\/v2\/product_tag?post=3608"},{"taxonomy":"item","embeddable":true,"href":"https:\/\/mgvpublications.com\/de\/wp-json\/wp\/v2\/item?post=3608"}],"curies":[{"name":"wp","href":"https:\/\/api.w.org\/{rel}","templated":true}]}}