{"id":3573,"date":"2020-12-01T00:10:22","date_gmt":"2020-11-30T23:10:22","guid":{"rendered":"https:\/\/dev2.mgvpublications.com\/produkt\/import-placeholder-for-6012\/"},"modified":"2022-03-08T22:29:05","modified_gmt":"2022-03-08T21:29:05","slug":"adim-adim-cocuklarda-cinsel-egitim","status":"publish","type":"product","link":"https:\/\/mgvpublications.com\/de\/adim-adim-cocuklarda-cinsel-egitim\/","title":{"rendered":"Ad\u0131m Ad\u0131m \u00c7ocuklarda Cinsel E\u011fitim"},"content":{"rendered":"<p>Yay\u0131n Tarihi: 10.01.2019<br \/>ISBN: 9786050822540<br \/>Dil: T\u00dcRK\u00c7E<br \/>Sayfa Say\u0131s\u0131: 304<br \/>Cilt Tipi: Karton Kapak<br \/>Ka\u011f\u0131t Cinsi: Kitap Ka\u011f\u0131d\u0131<br \/>Boyut: 14.5 x 19.5 cm<\/p>","protected":false},"excerpt":{"rendered":"<p>Anne babalar\u0131n en zorland\u0131\u011f\u0131 konulardan biridir cinsel e\u011fitim\u2026 Bir yandan \u00e7ocu\u011fun hi\u00e7 tan\u0131mad\u0131\u011f\u0131 duygular ve yard\u0131ma ihtiyac\u0131 oldu\u011fu ger\u00e7e\u011fi\u2026 Di\u011fer yandan ebeveynlik \u00e7ekingenli\u011fi\u2026 Neyin hangi s\u0131n\u0131rlar i\u00e7inde verilece\u011fi teredd\u00fcd\u00fc\u2026 Bazen \u00f6yle bir zamanda o kadar acil bir bilgiye ihtiya\u00e7 duyulur ki ne herkese sorulabilir ne de \u00f6\u011frenmeden ge\u00e7ilebilir\u2026 Kendine has kurallar\u0131 vard\u0131r bu hassas e\u011fitimin\u2026 Yanl\u0131\u015f verilirse \u00e7ocu\u011fun duygu d\u00fcnyas\u0131n\u0131 zarara u\u011frat\u0131r\u2026 Eksik b\u0131rak\u0131l\u0131rsa yanl\u0131\u015fa sevk eder\u2026 Uzman Pedagog Dr. Adem G\u00fcne\u015f \u00e7ocu\u011fun mahremiyet hislerini zarara u\u011fratmayan bir cinsel e\u011fitimin nas\u0131l verilece\u011fini bu kitapta anlatt\u0131\u2026 \u201cAd\u0131m Ad\u0131m\u201d serisinin ilk kitab\u0131 \u00c7ocuklarda Cinsel E\u011fitim her anne baban\u0131n ihtiya\u00e7 duyaca\u011f\u0131 bilgileri kapsaml\u0131 ama ayn\u0131 zamanda anla\u015f\u0131l\u0131r ve pratik bir tarzda bir araya getirdi\u2026 Cinsel e\u011fitim nedir? Hangi ya\u015fta verilmelidir? Tuvalete al\u0131\u015ft\u0131rma d\u00f6neminde uygulanan y\u00f6ntemler cinsel geli\u015fime olumsuz etki eder mi? \u201cKarde\u015fimin neden pipisi yok?\u201d sorusuna nas\u0131l cevap verilmelidir? \u00c7ocuklar\u0131 g\u0131d\u0131klayarak, s\u0131k\u0131\u015ft\u0131rarak, \u0131s\u0131rarak sevmenin sak\u0131ncas\u0131 var m\u0131? \u00c7ocu\u011fun dizde hoplat\u0131lmas\u0131 do\u011fru bir oyun y\u00f6ntemi midir? Tedavi amac\u0131yla fitil, tampon, krem uygulamas\u0131n\u0131n sak\u0131ncalar\u0131 var m\u0131? \u00c7ocu\u011fun ba\u015fkalar\u0131n\u0131n yan\u0131nda giyinip soyunmas\u0131nda bir mahzur var m\u0131? Bunlar\u0131n ve cinsel e\u011fitimle ilgili onlarca sorunun cevab\u0131 Adem G\u00fcne\u015f\u2019in s\u0131cak ve \u00f6zg\u00fcn anlat\u0131m\u0131yla okurlarla bulu\u015fuyor&#8230;<\/p>","protected":false},"featured_media":22492,"template":"","meta":{"spay_email":""},"product_cat":[171],"product_tag":[176,178,177,179],"item":[360],"acf":[],"_links":{"self":[{"href":"https:\/\/mgvpublications.com\/de\/wp-json\/wp\/v2\/product\/3573"}],"collection":[{"href":"https:\/\/mgvpublications.com\/de\/wp-json\/wp\/v2\/product"}],"about":[{"href":"https:\/\/mgvpublications.com\/de\/wp-json\/wp\/v2\/types\/product"}],"wp:featuredmedia":[{"embeddable":true,"href":"https:\/\/mgvpublications.com\/de\/wp-json\/wp\/v2\/media\/22492"}],"wp:attachment":[{"href":"https:\/\/mgvpublications.com\/de\/wp-json\/wp\/v2\/media?parent=3573"}],"wp:term":[{"taxonomy":"product_cat","embeddable":true,"href":"https:\/\/mgvpublications.com\/de\/wp-json\/wp\/v2\/product_cat?post=3573"},{"taxonomy":"product_tag","embeddable":true,"href":"https:\/\/mgvpublications.com\/de\/wp-json\/wp\/v2\/product_tag?post=3573"},{"taxonomy":"item","embeddable":true,"href":"https:\/\/mgvpublications.com\/de\/wp-json\/wp\/v2\/item?post=3573"}],"curies":[{"name":"wp","href":"https:\/\/api.w.org\/{rel}","templated":true}]}}