{"id":3572,"date":"2019-04-02T22:43:04","date_gmt":"2019-04-02T20:43:04","guid":{"rendered":"https:\/\/dev2.mgvpublications.com\/produkt\/import-placeholder-for-6011\/"},"modified":"2022-06-19T12:11:17","modified_gmt":"2022-06-19T10:11:17","slug":"adil-ekonomik-duezen-faizsiz-bir-duenya","status":"publish","type":"product","link":"https:\/\/mgvpublications.com\/de\/adil-ekonomik-duezen-faizsiz-bir-duenya\/","title":{"rendered":"Adil Ekonomik D\u00fczen &#8211; Faizsiz Bir D\u00fcnya"},"content":{"rendered":"<p>Yay\u0131n Tarihi: 2019-04-01<br \/>\nISBN: 6052008317<br \/>\nBask\u0131 Say\u0131s\u0131: 2. Bask\u0131<br \/>\nDil: T\u00dcRK\u00c7E<br \/>\nSayfa Say\u0131s\u0131: 81<br \/>\nCilt Tipi: Karton Kapak<br \/>\nKa\u011f\u0131t Cinsi: Kitap Ka\u011f\u0131d\u0131<br \/>\nBoyut: 13.5 x 21 cm<\/p>","protected":false},"excerpt":{"rendered":"<p>Adil D\u00fczen\u2019de faiz olmaz. \u00c7\u00fcnk\u00fc faiz, haks\u0131zl\u0131kt\u0131r, zul\u00fcmd\u00fcr. \u00dcretmeyenlerin \u00fcretenlerin elinden faiz miktar\u0131 kadar mal\u0131 zorla almalar\u0131d\u0131r. Kapitalist D\u00fczen\u2019de faiz nedir? Mal\u0131 \u00fcretiyorsunuz, toplumun faydas\u0131na arz ediyorsunuz. Buna kar\u015f\u0131l\u0131k \u00fcretiminize e\u015fde\u011fer t\u00fcketme hakk\u0131n\u0131z\u0131 g\u00f6steren senedinizi yani paran\u0131z\u0131 al\u0131yorsunuz. Kapitalist D\u00fczen\u2019de bu paray\u0131 bir bankaya koyuyorsunuz. Bir y\u0131l sonra faizinin ilavesi ile beraber bu para size iade ediliyor. Siz bu bir y\u0131lda yeni bir \u00fcretim yapmad\u0131n\u0131z. Buna mukabil size \u00fcretim yapmadan ilave bir t\u00fcketim hakk\u0131 veriliyor. Kapitalist D\u00fczen bu t\u00fcketim hakk\u0131n\u0131 nereden veriyor? Ya a\u00e7\u0131ktan para basarak veriyor. Bu takdirde bu herkesin hakk\u0131n\u0131 al\u0131p size vermek demektir. \u00c7\u00fcnk\u00fc a\u00e7\u0131ktan bas\u0131lan para arz-talep kaidesine g\u00f6re mevcut mallar\u0131n fiyatlar\u0131n\u0131 y\u00fckseltir. Veyahut da ba\u015fka bir \u00fcretenin hakk\u0131n\u0131 al\u0131p size vermektedir. Bu da o kimsenin yani \u00fcretenin, yani emek\u00e7inin, yani fakir fukaran\u0131n hakk\u0131n\u0131 al\u0131p, getirip size vermek demektir. Her ikisi de haks\u0131zl\u0131kt\u0131r ve zul\u00fcmd\u00fcr. Bunun i\u00e7in faiz yiyen insan, fakir fukaran\u0131n g\u00f6zya\u015f\u0131n\u0131 i\u00e7en, etini ve kan\u0131n\u0131 yiyen insan gibidir. Kan i\u00e7en bir vampir durumundad\u0131r. Saadeti ba\u015fkalar\u0131n\u0131n \u0131zd\u0131rab\u0131nda arayan insan durumundad\u0131r.<\/p>","protected":false},"featured_media":3602,"template":"","meta":{"spay_email":""},"product_cat":[173],"product_tag":[],"item":[335],"acf":[],"_links":{"self":[{"href":"https:\/\/mgvpublications.com\/de\/wp-json\/wp\/v2\/product\/3572"}],"collection":[{"href":"https:\/\/mgvpublications.com\/de\/wp-json\/wp\/v2\/product"}],"about":[{"href":"https:\/\/mgvpublications.com\/de\/wp-json\/wp\/v2\/types\/product"}],"wp:featuredmedia":[{"embeddable":true,"href":"https:\/\/mgvpublications.com\/de\/wp-json\/wp\/v2\/media\/3602"}],"wp:attachment":[{"href":"https:\/\/mgvpublications.com\/de\/wp-json\/wp\/v2\/media?parent=3572"}],"wp:term":[{"taxonomy":"product_cat","embeddable":true,"href":"https:\/\/mgvpublications.com\/de\/wp-json\/wp\/v2\/product_cat?post=3572"},{"taxonomy":"product_tag","embeddable":true,"href":"https:\/\/mgvpublications.com\/de\/wp-json\/wp\/v2\/product_tag?post=3572"},{"taxonomy":"item","embeddable":true,"href":"https:\/\/mgvpublications.com\/de\/wp-json\/wp\/v2\/item?post=3572"}],"curies":[{"name":"wp","href":"https:\/\/api.w.org\/{rel}","templated":true}]}}