{"id":3570,"date":"2019-04-02T22:43:03","date_gmt":"2019-04-02T20:43:03","guid":{"rendered":"https:\/\/dev2.mgvpublications.com\/produkt\/import-placeholder-for-6009\/"},"modified":"2022-04-07T14:43:21","modified_gmt":"2022-04-07T12:43:21","slug":"adi-guezel-kendi-guezel-muhammed","status":"publish","type":"product","link":"https:\/\/mgvpublications.com\/de\/adi-guezel-kendi-guezel-muhammed\/","title":{"rendered":"Ad\u0131 G\u00fczel Kendi G\u00fczel Muhammed"},"content":{"rendered":"<p>Yay\u0131n Tarihi: 2018-05-01<br \/>\nISBN: 6056259623<br \/>\nBask\u0131 Say\u0131s\u0131: 2. Bask\u0131<br \/>\nDil: T\u00dcRK\u00c7E<br \/>\nSayfa Say\u0131s\u0131: 232<br \/>\nCilt Tipi: Karton Kapak<br \/>\nKa\u011f\u0131t Cinsi: Kitap Ka\u011f\u0131d\u0131<br \/>\nBoyut: 13.5 x 21 cm<\/p>","protected":false},"excerpt":{"rendered":"<p>G\u00fczel insan nas\u0131l olur? Onu, y\u00fcz\u00fc g\u00fczel, s\u00f6z\u00f6 g\u00fczel, kendi g\u00fczel, her yapt\u0131\u011f\u0131 g\u00fczel olan Peygamber Efendimiz&#8217;e bakarak tarif etmek m\u00fcmk\u00fcnd\u00fcr. G\u00fczel Mevlam onu g\u00fczellikten yaratm\u0131\u015ft\u0131r. Bunu fark etmek i\u00e7in de bakmas\u0131n\u0131 ve g\u00f6rmesini bilmek \u00f6nemlidir. Sevgili Peygamberimiz, hangi y\u00f6nden bak\u0131lsa bir g\u00fczellik abidesidi. Yunus Emre&#8217;nin dedi\u011fi gibi o &#8221;ad\u0131 g\u00fczel, kendi g\u00fczel Muhammed&#8221; di. Mevlam, \u015fefaatine nail eylesin (amin)<\/p>","protected":false},"featured_media":3600,"template":"","meta":{"spay_email":""},"product_cat":[174],"product_tag":[],"item":[363],"acf":[],"_links":{"self":[{"href":"https:\/\/mgvpublications.com\/de\/wp-json\/wp\/v2\/product\/3570"}],"collection":[{"href":"https:\/\/mgvpublications.com\/de\/wp-json\/wp\/v2\/product"}],"about":[{"href":"https:\/\/mgvpublications.com\/de\/wp-json\/wp\/v2\/types\/product"}],"wp:featuredmedia":[{"embeddable":true,"href":"https:\/\/mgvpublications.com\/de\/wp-json\/wp\/v2\/media\/3600"}],"wp:attachment":[{"href":"https:\/\/mgvpublications.com\/de\/wp-json\/wp\/v2\/media?parent=3570"}],"wp:term":[{"taxonomy":"product_cat","embeddable":true,"href":"https:\/\/mgvpublications.com\/de\/wp-json\/wp\/v2\/product_cat?post=3570"},{"taxonomy":"product_tag","embeddable":true,"href":"https:\/\/mgvpublications.com\/de\/wp-json\/wp\/v2\/product_tag?post=3570"},{"taxonomy":"item","embeddable":true,"href":"https:\/\/mgvpublications.com\/de\/wp-json\/wp\/v2\/item?post=3570"}],"curies":[{"name":"wp","href":"https:\/\/api.w.org\/{rel}","templated":true}]}}