{"id":3568,"date":"2019-04-02T22:43:03","date_gmt":"2019-04-02T20:43:03","guid":{"rendered":"https:\/\/dev2.mgvpublications.com\/produkt\/import-placeholder-for-6007\/"},"modified":"2022-03-08T22:29:02","modified_gmt":"2022-03-08T21:29:02","slug":"abduelhamidin-kurtlarla-dansi-1","status":"publish","type":"product","link":"https:\/\/mgvpublications.com\/de\/abduelhamidin-kurtlarla-dansi-1\/","title":{"rendered":"Abd\u00fclhamid&#8217;in Kurtlarla Dans\u0131 1"},"content":{"rendered":"<p>Yay\u0131n Tarihi: 2019-04-02<br \/>\nISBN: 6057949028<br \/>\nBask\u0131 Say\u0131s\u0131: 40. Bask\u0131<br \/>\nDil: T\u00dcRK\u00c7E<br \/>\nSayfa Say\u0131s\u0131: 384<br \/>\nCilt Tipi: Karton Kapak<br \/>\nKa\u011f\u0131t Cinsi: Kitap Ka\u011f\u0131d\u0131<br \/>\nBoyut: 13.5 x 21 cm<\/p>","protected":false},"excerpt":{"rendered":"<p>\u0130lk \u00e7\u0131kt\u0131\u011f\u0131 2006 y\u0131l\u0131ndan beri bask\u0131 rekorlar\u0131 k\u0131ran ve yeni nesle Sultan 2. Abd\u00fclhamid sevgisini a\u015f\u0131layan en \u00f6nemli kitap Abd\u00fclhamid\u2019in Kurtlarla Dans\u0131 g\u00f6zden ge\u00e7irilmi\u015f yeni bask\u0131s\u0131yla Ketebe\u2019de. 34 ya\u015f\u0131ndaki gen\u00e7 Sultan\u0131n \u00fclkesinin etraf\u0131n\u0131 \u00e7evirmi\u015f a\u00e7 kurtlarla ve yerli i\u015fbirlik\u00e7ileriyle 33 y\u0131ll\u0131k efsanev\u00ee sava\u015f\u0131 ve \u00f6l\u00fcm\u00fcnden sonraki pi\u015fmanlar kafilesi. Yeniden dirili\u015f d\u00f6neminde mutlaka okunmas\u0131 gereken eskimeyen bir klasik. Son Sultan\u2019\u0131n bug\u00fcne mesaj\u0131n\u0131 i\u015fitmek isteyenlere<\/p>","protected":false},"featured_media":3598,"template":"","meta":{"spay_email":""},"product_cat":[170],"product_tag":[],"item":[392],"acf":[],"_links":{"self":[{"href":"https:\/\/mgvpublications.com\/de\/wp-json\/wp\/v2\/product\/3568"}],"collection":[{"href":"https:\/\/mgvpublications.com\/de\/wp-json\/wp\/v2\/product"}],"about":[{"href":"https:\/\/mgvpublications.com\/de\/wp-json\/wp\/v2\/types\/product"}],"wp:featuredmedia":[{"embeddable":true,"href":"https:\/\/mgvpublications.com\/de\/wp-json\/wp\/v2\/media\/3598"}],"wp:attachment":[{"href":"https:\/\/mgvpublications.com\/de\/wp-json\/wp\/v2\/media?parent=3568"}],"wp:term":[{"taxonomy":"product_cat","embeddable":true,"href":"https:\/\/mgvpublications.com\/de\/wp-json\/wp\/v2\/product_cat?post=3568"},{"taxonomy":"product_tag","embeddable":true,"href":"https:\/\/mgvpublications.com\/de\/wp-json\/wp\/v2\/product_tag?post=3568"},{"taxonomy":"item","embeddable":true,"href":"https:\/\/mgvpublications.com\/de\/wp-json\/wp\/v2\/item?post=3568"}],"curies":[{"name":"wp","href":"https:\/\/api.w.org\/{rel}","templated":true}]}}