{"id":3567,"date":"2019-04-02T22:43:03","date_gmt":"2019-04-02T20:43:03","guid":{"rendered":"https:\/\/dev2.mgvpublications.com\/produkt\/import-placeholder-for-6006\/"},"modified":"2022-04-26T15:19:30","modified_gmt":"2022-04-26T13:19:30","slug":"a-cahit-zarifoglu-kitabi-acz","status":"publish","type":"product","link":"https:\/\/mgvpublications.com\/de\/a-cahit-zarifoglu-kitabi-acz\/","title":{"rendered":"A. Cahit Zarifo\u011flu Kitab\u0131-ACZ"},"content":{"rendered":"<p>Derleyici:Osman Koca<br \/>\nYay\u0131n Tarihi: 2017-11-03<br \/>\nISBN: 9754737509<br \/>\nBask\u0131 Say\u0131s\u0131: 1. Bask\u0131<br \/>\nDil: T\u00dcRK\u00c7E<br \/>\nSayfa Say\u0131s\u0131: 384<br \/>\nCilt Tipi: Ciltli<br \/>\nKa\u011f\u0131t Cinsi: Kitap Ka\u011f\u0131d\u0131<br \/>\nBoyut 13.5 x 21 cm<\/p>","protected":false},"excerpt":{"rendered":"<p>\u00dclkemizde sanat\u00e7\u0131 ve d\u00fc\u015f\u00fcn\u00fcr olman\u0131n zor yanlar\u0131ndan biri ve belki de ilki; ya\u015farken i\u00e7inde bulundu\u011funuz toplum taraf\u0131ndan anla\u015f\u0131lamaman\u0131zd\u0131r. \u00d6zelde M\u00fcsl\u00fcman, genelde \u00fcretken t\u00fcm insanlar i\u00e7in yaz\u0131k ki; bu, b\u00f6yledir..<\/p>\n<p>K\u00fclt\u00fcr, d\u00fc\u015f\u00fcnce ve yaz\u0131n hayat\u0131n\u0131n hemen her t\u00fcr\u00fcnde eser veren \u00e7ok y\u00f6nl\u00fc sanat\u00e7\u0131m\u0131z Cahit Zarifo\u011flu da, i\u015fte \u00f6ylesi \u00fcretken kalemlerden biri hi\u00e7 ku\u015fkusuz.. K\u0131rk yedi y\u0131ll\u0131k hayat\u0131na dokuz \u00e7ocuk kitab\u0131, iki roman, d\u00f6rt \u015fiir kitab\u0131, \u00e7ok say\u0131daki denemelerinden derlenmi\u015f iki deneme, bir g\u00fcnl\u00fck, bir tiyatro, bir tez ve bir piyes olmak \u00fczere 21 eser s\u0131\u011fd\u0131rm\u0131\u015f.<\/p>\n<p>Derdi olan biriydi Cahit Zarifo\u011flu.. Hemen b\u00fct\u00fcn eserlerine a\u00e7\u0131k ya da gizli bir \u015fekilde sirayet eden \u0130slam, \u00dcmmet, M\u00fcsl\u00fcman, edep, \u00fcretkenlik, kitap, \u00e7al\u0131\u015fmak, \u015fahsiyet, ilke vb. gibi kavramlar\u0131 i\u015fledi durdu. Suskunlu\u011funu bir kenara at\u0131p iki y\u00fczl\u00fc Bat\u0131 D\u00fcnyas\u0131&#8217;na ve onun k\u00fclt\u00fcrel kodlar\u0131na kar\u015f\u0131 onurlu bir m\u00fccadele verdi.<\/p>\n<p>Bu \u015fuurla hareket ederek ba\u015flad\u0131k \u00e7al\u0131\u015fmam\u0131za. Cahit Zarifo\u011flu hakk\u0131nda alan\u0131nda etkin ve yetkin sanat ve d\u00fc\u015f\u00fcn insanlar\u0131n\u0131 belirledik. Onlarla temaslar kurduk, de\u011ferlendirmelerini ald\u0131k. Bu arada kitab\u0131m\u0131z\u0131 g\u00f6rsellerle destekleyip farkl\u0131 bir boyut eklemek istedik. Bunun i\u00e7in Cahit Bey&#8217;in ailesinden ve yak\u0131n dostlar\u0131ndan yard\u0131m ald\u0131k.<br \/>\nKar\u0131nca karar\u0131nca da olsa ilim d\u00fcnyas\u0131na biyografik bir metin b\u0131rakmaya gayret ettik.<br \/>\nSonu\u00e7ta gayret bizden, takdiri Rabbimizdendir.<\/p>","protected":false},"featured_media":3597,"template":"","meta":{"spay_email":""},"product_cat":[168],"product_tag":[],"item":[389],"acf":[],"_links":{"self":[{"href":"https:\/\/mgvpublications.com\/de\/wp-json\/wp\/v2\/product\/3567"}],"collection":[{"href":"https:\/\/mgvpublications.com\/de\/wp-json\/wp\/v2\/product"}],"about":[{"href":"https:\/\/mgvpublications.com\/de\/wp-json\/wp\/v2\/types\/product"}],"wp:featuredmedia":[{"embeddable":true,"href":"https:\/\/mgvpublications.com\/de\/wp-json\/wp\/v2\/media\/3597"}],"wp:attachment":[{"href":"https:\/\/mgvpublications.com\/de\/wp-json\/wp\/v2\/media?parent=3567"}],"wp:term":[{"taxonomy":"product_cat","embeddable":true,"href":"https:\/\/mgvpublications.com\/de\/wp-json\/wp\/v2\/product_cat?post=3567"},{"taxonomy":"product_tag","embeddable":true,"href":"https:\/\/mgvpublications.com\/de\/wp-json\/wp\/v2\/product_tag?post=3567"},{"taxonomy":"item","embeddable":true,"href":"https:\/\/mgvpublications.com\/de\/wp-json\/wp\/v2\/item?post=3567"}],"curies":[{"name":"wp","href":"https:\/\/api.w.org\/{rel}","templated":true}]}}