{"id":3562,"date":"2019-04-02T22:43:03","date_gmt":"2019-04-02T20:43:03","guid":{"rendered":"https:\/\/dev2.mgvpublications.com\/produkt\/import-placeholder-for-5999\/"},"modified":"2022-03-08T22:29:01","modified_gmt":"2022-03-08T21:29:01","slug":"sah-sultan","status":"publish","type":"product","link":"https:\/\/mgvpublications.com\/de\/sah-sultan\/","title":{"rendered":"\u015eah &#038; Sultan"},"content":{"rendered":"<p>Yay\u0131n Tarihi\t2019-04-15<br \/>\nISBN\t6054322374<br \/>\nBask\u0131 Say\u0131s\u0131\t21. Bask\u0131<br \/>\nDil\tT\u00dcRK\u00c7E<br \/>\nSayfa Say\u0131s\u0131\t390<br \/>\nCilt Tipi\tKarton Kapak<br \/>\nKa\u011f\u0131t Cinsi\tKitap Ka\u011f\u0131d\u0131<br \/>\nBoyut\t13.5 x 19.5 cm<\/p>","protected":false},"excerpt":{"rendered":"<p>Tutku\u2026<br \/>\nG\u00fczellik\u2026<br \/>\nA\u015fk ve sava\u015f. Sadece g\u00f6n\u00fcllerin de\u011fil al\u0131nlar\u0131n, kemiklerin ve g\u00f6zlerin alev alev yand\u0131\u011f\u0131 sava\u015f.<\/p>\n<p>Kahramanlar\u0131n\u0131, Yavuz Sultan Selim\u2019i de \u015eah \u0130smail\u2019i de tarihin merdivenlerinde bir basamak a\u015fa\u011f\u0131 indiren bir basamak yukar\u0131 \u00e7\u0131karan sava\u015f.<br \/>\n\u00c7ald\u0131ran&#8230;<\/p>\n<p>\u015eimdi \u00c7ald\u0131ran ne 500 y\u0131l geride ne 500 y\u0131l ileride.<br \/>\nSava\u015f tas\u0131nda b\u00fcy\u00fcc\u00fcn\u00fcn g\u00f6rd\u00fc\u011f\u00fc neydi?<br \/>\nK\u0131z\u0131lba\u015fl\u0131k!<br \/>\nS\u00fcnnilik!<br \/>\n\u0130ktidar h\u0131rs\u0131.<br \/>\nA\u015fk\u0131n bir \u00e7\u00f6kelti gibi dondurdu\u011fu zaman!<br \/>\nKorku? Ya o?<\/p>\n<p>Yazar biraz da korkular\u0131n \u00fcst\u00fcne gidendir.<br \/>\nTarih ileriye do\u011fru \u00e7\u00f6z\u00fcld\u00fck\u00e7e a\u011fac\u0131n k\u00f6kleri de g\u00f6r\u00fclecektir.<br \/>\nAlevi de S\u00fcnni de ba\u011fl\u0131d\u0131r o k\u00f6ke. Birdir o toprakta.<br \/>\nG\u00f6lgeler b\u00fcy\u00fcm\u00fc\u015fse \u0131\u015f\u0131\u011f\u0131 de\u011fil korkuyu yenmek gerekir.<br \/>\nKaranl\u0131k ve k\u00f6r \u0131\u015f\u0131\u011f\u0131n egemenli\u011fi bo\u011fmas\u0131n art\u0131k nesilleri.<br \/>\nVe i\u015fte bir kez daha a\u015fk!<\/p>\n<p>\u015eiir kadar iktidar at\u0131nda r\u00fczg\u00e2ra ve ate\u015fe do\u011fru yol alan iki h\u00fck\u00fcmdar.<br \/>\n\u015eah ve Sultan\u2026<br \/>\nD\u00fcnya incisi zarif ve asil kad\u0131nlar. Yeminlerine ba\u011fl\u0131 erkekler.<br \/>\nMasal kadar ger\u00e7ek.<br \/>\nB\u00fcy\u00fcleyici oldu\u011fu kadar umut verici.<\/p>\n<p>\u015eah &#038; Sultan her c\u00fcmlesi a\u015fkla okunacak bir kitap. \u0130skender Pala\u2019dan<\/p>","protected":false},"featured_media":3592,"template":"","meta":{"spay_email":""},"product_cat":[170],"product_tag":[],"item":[384],"acf":[],"_links":{"self":[{"href":"https:\/\/mgvpublications.com\/de\/wp-json\/wp\/v2\/product\/3562"}],"collection":[{"href":"https:\/\/mgvpublications.com\/de\/wp-json\/wp\/v2\/product"}],"about":[{"href":"https:\/\/mgvpublications.com\/de\/wp-json\/wp\/v2\/types\/product"}],"wp:featuredmedia":[{"embeddable":true,"href":"https:\/\/mgvpublications.com\/de\/wp-json\/wp\/v2\/media\/3592"}],"wp:attachment":[{"href":"https:\/\/mgvpublications.com\/de\/wp-json\/wp\/v2\/media?parent=3562"}],"wp:term":[{"taxonomy":"product_cat","embeddable":true,"href":"https:\/\/mgvpublications.com\/de\/wp-json\/wp\/v2\/product_cat?post=3562"},{"taxonomy":"product_tag","embeddable":true,"href":"https:\/\/mgvpublications.com\/de\/wp-json\/wp\/v2\/product_tag?post=3562"},{"taxonomy":"item","embeddable":true,"href":"https:\/\/mgvpublications.com\/de\/wp-json\/wp\/v2\/item?post=3562"}],"curies":[{"name":"wp","href":"https:\/\/api.w.org\/{rel}","templated":true}]}}